{"id":1474,"date":"2025-11-09T09:46:11","date_gmt":"2025-11-09T12:46:11","guid":{"rendered":"https:\/\/ead.verano.com.br\/site\/instructeurs\/"},"modified":"2025-11-26T15:28:43","modified_gmt":"2025-11-26T18:28:43","slug":"instructeurs","status":"publish","type":"page","link":"https:\/\/ead.verano.com.br\/sitehomolog\/fr\/instructeurs\/","title":{"rendered":"Instructeurs"},"content":{"rendered":"\t\t<div data-elementor-type=\"wp-page\" data-elementor-id=\"1474\" class=\"elementor elementor-1474 elementor-1343\" data-elementor-post-type=\"page\">\n\t\t\t\t<div class=\"elementor-element elementor-element-61db8a75 e-flex e-con-boxed e-con e-parent\" data-id=\"61db8a75\" data-element_type=\"container\" data-e-type=\"container\" data-settings=\"{&quot;background_background&quot;:&quot;classic&quot;}\">\n\t\t\t\t\t<div class=\"e-con-inner\">\n\t\t\t\t<div class=\"elementor-element elementor-element-246cc3fa elementor-widget elementor-widget-heading\" data-id=\"246cc3fa\" data-element_type=\"widget\" data-e-type=\"widget\" data-widget_type=\"heading.default\">\n\t\t\t\t\t<h2 class=\"elementor-heading-title elementor-size-default\">Instructeurs<\/h2>\t\t\t\t<\/div>\n\t\t\t\t\t<\/div>\n\t\t\t\t<\/div>\n\t\t<div class=\"elementor-element elementor-element-5c4e6f33 e-flex e-con-boxed e-con e-parent\" data-id=\"5c4e6f33\" data-element_type=\"container\" data-e-type=\"container\">\n\t\t\t\t\t<div class=\"e-con-inner\">\n\t\t<div class=\"elementor-element elementor-element-5ac86b3f e-con-full e-flex e-con e-child\" data-id=\"5ac86b3f\" data-element_type=\"container\" data-e-type=\"container\" data-settings=\"{&quot;background_background&quot;:&quot;classic&quot;}\">\n\t\t<div class=\"elementor-element elementor-element-74ecb46f e-con-full e-flex e-con e-child\" data-id=\"74ecb46f\" data-element_type=\"container\" data-e-type=\"container\">\n\t\t\t\t<div class=\"elementor-element elementor-element-e1e2eab loja-cursos elementor-widget elementor-widget-jet-listing-grid\" data-id=\"e1e2eab\" data-element_type=\"widget\" data-e-type=\"widget\" id=\"loja-cursos\" data-settings=\"{&quot;columns&quot;:&quot;3&quot;,&quot;columns_tablet&quot;:&quot;auto&quot;,&quot;columns_mobile&quot;:&quot;auto&quot;}\" data-widget_type=\"jet-listing-grid.default\">\n\t\t\t\t\t<div class=\"jet-listing-grid jet-listing\"><ul class=\"jet-listing-grid__items grid-col-desk-3 grid-col-tablet-auto grid-col-mobile-auto jet-listing-grid--1356\" data-queried-id=\"1474|WP_Post\" data-is-list data-nav=\"{&quot;enabled&quot;:false,&quot;type&quot;:null,&quot;more_el&quot;:null,&quot;query&quot;:[],&quot;widget_settings&quot;:{&quot;lisitng_id&quot;:1356,&quot;posts_num&quot;:6,&quot;columns&quot;:3,&quot;columns_tablet&quot;:&quot;auto&quot;,&quot;columns_mobile&quot;:&quot;auto&quot;,&quot;column_min_width&quot;:240,&quot;column_min_width_tablet&quot;:240,&quot;column_min_width_mobile&quot;:240,&quot;inline_columns_css&quot;:false,&quot;is_archive_template&quot;:&quot;&quot;,&quot;post_status&quot;:[&quot;publish&quot;],&quot;use_random_posts_num&quot;:&quot;&quot;,&quot;max_posts_num&quot;:9,&quot;not_found_message&quot;:&quot;Aucun membre de l&#039;\\u00e9quipe trouv\\u00e9&quot;,&quot;is_masonry&quot;:false,&quot;equal_columns_height&quot;:&quot;&quot;,&quot;use_load_more&quot;:&quot;&quot;,&quot;load_more_id&quot;:&quot;&quot;,&quot;load_more_type&quot;:&quot;click&quot;,&quot;load_more_offset&quot;:{&quot;unit&quot;:&quot;px&quot;,&quot;size&quot;:0,&quot;sizes&quot;:[]},&quot;use_custom_post_types&quot;:&quot;&quot;,&quot;custom_post_types&quot;:[&quot;post&quot;],&quot;hide_widget_if&quot;:&quot;&quot;,&quot;carousel_enabled&quot;:&quot;&quot;,&quot;slides_to_scroll&quot;:&quot;1&quot;,&quot;arrows&quot;:&quot;true&quot;,&quot;arrow_icon&quot;:&quot;fa fa-angle-left&quot;,&quot;dots&quot;:&quot;&quot;,&quot;autoplay&quot;:&quot;true&quot;,&quot;pause_on_hover&quot;:&quot;true&quot;,&quot;autoplay_speed&quot;:5000,&quot;infinite&quot;:&quot;true&quot;,&quot;center_mode&quot;:&quot;&quot;,&quot;effect&quot;:&quot;slide&quot;,&quot;speed&quot;:500,&quot;inject_alternative_items&quot;:&quot;&quot;,&quot;injection_items&quot;:[],&quot;scroll_slider_enabled&quot;:&quot;&quot;,&quot;scroll_slider_on&quot;:[&quot;desktop&quot;,&quot;tablet&quot;,&quot;mobile&quot;],&quot;custom_query&quot;:false,&quot;custom_query_id&quot;:&quot;1&quot;,&quot;_element_id&quot;:&quot;loja-cursos&quot;,&quot;collapse_first_last_gap&quot;:false,&quot;list_tag_selection&quot;:&quot;&quot;,&quot;list_items_wrapper_tag&quot;:&quot;ul&quot;,&quot;list_item_tag&quot;:&quot;li&quot;,&quot;empty_items_wrapper_tag&quot;:&quot;div&quot;}}\" data-page=\"1\" data-pages=\"1\" data-listing-source=\"posts\" data-listing-id=\"1356\" data-query-id=\"\"><li class=\"jet-listing-grid__item jet-listing-dynamic-post-1985 jet-listing-grid__list_item\" data-post-id=\"1985\"  >\t\t<div data-elementor-type=\"jet-listing-items\" data-elementor-id=\"1500\" class=\"elementor elementor-1500 elementor-1356\" data-elementor-post-type=\"jet-engine\">\n\t\t\t\t<div class=\"elementor-element elementor-element-cf6fda2 e-flex e-con-boxed e-con e-parent\" data-id=\"cf6fda2\" data-element_type=\"container\" data-e-type=\"container\">\n\t\t\t\t\t<div class=\"e-con-inner\">\n\t\t\t\t<div class=\"elementor-element elementor-element-3faafc6 elementor-widget elementor-widget-image\" data-id=\"3faafc6\" data-element_type=\"widget\" data-e-type=\"widget\" data-widget_type=\"image.default\">\n\t\t\t\t\t\t\t\t\t\t\t\t\t\t\t<img fetchpriority=\"high\" decoding=\"async\" width=\"534\" height=\"534\" src=\"https:\/\/ead.verano.com.br\/sitehomolog\/wp-content\/uploads\/2025\/10\/10318-2.jpg\" class=\"attachment-large size-large wp-image-1989\" alt=\"\" srcset=\"https:\/\/ead.verano.com.br\/sitehomolog\/wp-content\/uploads\/2025\/10\/10318-2.jpg 534w, https:\/\/ead.verano.com.br\/sitehomolog\/wp-content\/uploads\/2025\/10\/10318-2-300x300.jpg 300w, https:\/\/ead.verano.com.br\/sitehomolog\/wp-content\/uploads\/2025\/10\/10318-2-150x150.jpg 150w, https:\/\/ead.verano.com.br\/sitehomolog\/wp-content\/uploads\/2025\/10\/10318-2-100x100.jpg 100w\" sizes=\"(max-width: 534px) 100vw, 534px\" \/>\t\t\t\t\t\t\t\t\t\t\t\t\t\t\t<\/div>\n\t\t\t\t<div class=\"elementor-element elementor-element-fd0202a elementor-widget elementor-widget-heading\" data-id=\"fd0202a\" data-element_type=\"widget\" data-e-type=\"widget\" data-widget_type=\"heading.default\">\n\t\t\t\t\t<h2 class=\"elementor-heading-title elementor-size-default\">Ant\u00f4nio Jos\u00e9<\/h2>\t\t\t\t<\/div>\n\t\t\t\t<div class=\"elementor-element elementor-element-9edfb4b elementor-widget elementor-widget-heading\" data-id=\"9edfb4b\" data-element_type=\"widget\" data-e-type=\"widget\" data-widget_type=\"heading.default\">\n\t\t\t\t\t<h2 class=\"elementor-heading-title elementor-size-default\"><a href=\"https:\/\/ead.verano.com.br\/sitehomolog\/fr\/instrutores_cadastro\/antonio-jose\/\">Ing\u00e9nieur en planification<\/a><\/h2>\t\t\t\t<\/div>\n\t\t<div class=\"elementor-element elementor-element-b0c990c e-con-full e-flex e-con e-child\" data-id=\"b0c990c\" data-element_type=\"container\" data-e-type=\"container\">\n\t\t\t\t<div class=\"elementor-element elementor-element-11c4166 elementor-view-default elementor-widget elementor-widget-icon\" data-id=\"11c4166\" data-element_type=\"widget\" data-e-type=\"widget\" data-widget_type=\"icon.default\">\n\t\t\t\t\t\t\t<div class=\"elementor-icon-wrapper\">\n\t\t\t<a class=\"elementor-icon\" href=\"https:\/\/linkedin.com.br\" target=\"_blank\">\n\t\t\t<svg aria-hidden=\"true\" class=\"e-font-icon-svg e-fab-linkedin\" viewBox=\"0 0 448 512\" xmlns=\"http:\/\/www.w3.org\/2000\/svg\"><path d=\"M416 32H31.9C14.3 32 0 46.5 0 64.3v383.4C0 465.5 14.3 480 31.9 480H416c17.6 0 32-14.5 32-32.3V64.3c0-17.8-14.4-32.3-32-32.3zM135.4 416H69V202.2h66.5V416zm-33.2-243c-21.3 0-38.5-17.3-38.5-38.5S80.9 96 102.2 96c21.2 0 38.5 17.3 38.5 38.5 0 21.3-17.2 38.5-38.5 38.5zm282.1 243h-66.4V312c0-24.8-.5-56.7-34.5-56.7-34.6 0-39.9 27-39.9 54.9V416h-66.4V202.2h63.7v29.2h.9c8.9-16.8 30.6-34.5 62.9-34.5 67.2 0 79.7 44.3 79.7 101.9V416z\"><\/path><\/svg>\t\t\t<\/a>\n\t\t<\/div>\n\t\t\t\t\t\t<\/div>\n\t\t\t\t<\/div>\n\t\t\t\t<div class=\"elementor-element elementor-element-083ea21 elementor-widget elementor-widget-text-editor\" data-id=\"083ea21\" data-element_type=\"widget\" data-e-type=\"widget\" data-widget_type=\"text-editor.default\">\n\t\t\t\t\t\t\t\t\tProfessionnelle avec une trajectoire marqu\u00e9e par l\u2019organisation, l\u2019analyse et la vision strat\u00e9gique. Il a consacr\u00e9 sa carri\u00e8re \u00e0 transformer des objectifs en plans concrets et en r\u00e9sultats durables. \t\t\t\t\t\t\t\t<\/div>\n\t\t\t\t\t<\/div>\n\t\t\t\t<\/div>\n\t\t\t\t<\/div>\n\t\t<\/li><li class=\"jet-listing-grid__item jet-listing-dynamic-post-1990 jet-listing-grid__list_item\" data-post-id=\"1990\"  >\t\t<div data-elementor-type=\"jet-listing-items\" data-elementor-id=\"1500\" class=\"elementor elementor-1500 elementor-1356\" data-elementor-post-type=\"jet-engine\">\n\t\t\t\t<div class=\"elementor-element elementor-element-cf6fda2 e-flex e-con-boxed e-con e-parent\" data-id=\"cf6fda2\" data-element_type=\"container\" data-e-type=\"container\">\n\t\t\t\t\t<div class=\"e-con-inner\">\n\t\t\t\t<div class=\"elementor-element elementor-element-3faafc6 elementor-widget elementor-widget-image\" data-id=\"3faafc6\" data-element_type=\"widget\" data-e-type=\"widget\" data-widget_type=\"image.default\">\n\t\t\t\t\t\t\t\t\t\t\t\t\t\t\t<img fetchpriority=\"high\" decoding=\"async\" width=\"534\" height=\"534\" src=\"https:\/\/ead.verano.com.br\/sitehomolog\/wp-content\/uploads\/2025\/10\/10318-2.jpg\" class=\"attachment-large size-large wp-image-1989\" alt=\"\" srcset=\"https:\/\/ead.verano.com.br\/sitehomolog\/wp-content\/uploads\/2025\/10\/10318-2.jpg 534w, https:\/\/ead.verano.com.br\/sitehomolog\/wp-content\/uploads\/2025\/10\/10318-2-300x300.jpg 300w, https:\/\/ead.verano.com.br\/sitehomolog\/wp-content\/uploads\/2025\/10\/10318-2-150x150.jpg 150w, https:\/\/ead.verano.com.br\/sitehomolog\/wp-content\/uploads\/2025\/10\/10318-2-100x100.jpg 100w\" sizes=\"(max-width: 534px) 100vw, 534px\" \/>\t\t\t\t\t\t\t\t\t\t\t\t\t\t\t<\/div>\n\t\t\t\t<div class=\"elementor-element elementor-element-fd0202a elementor-widget elementor-widget-heading\" data-id=\"fd0202a\" data-element_type=\"widget\" data-e-type=\"widget\" data-widget_type=\"heading.default\">\n\t\t\t\t\t<h2 class=\"elementor-heading-title elementor-size-default\">Jos\u00e9 Maria<\/h2>\t\t\t\t<\/div>\n\t\t\t\t<div class=\"elementor-element elementor-element-9edfb4b elementor-widget elementor-widget-heading\" data-id=\"9edfb4b\" data-element_type=\"widget\" data-e-type=\"widget\" data-widget_type=\"heading.default\">\n\t\t\t\t\t<h2 class=\"elementor-heading-title elementor-size-default\"><a href=\"https:\/\/ead.verano.com.br\/sitehomolog\/fr\/instrutores_cadastro\/jose-maria\/\">Chef de projet<\/a><\/h2>\t\t\t\t<\/div>\n\t\t<div class=\"elementor-element elementor-element-b0c990c e-con-full e-flex e-con e-child\" data-id=\"b0c990c\" data-element_type=\"container\" data-e-type=\"container\">\n\t\t\t\t<div class=\"elementor-element elementor-element-11c4166 elementor-view-default elementor-widget elementor-widget-icon\" data-id=\"11c4166\" data-element_type=\"widget\" data-e-type=\"widget\" data-widget_type=\"icon.default\">\n\t\t\t\t\t\t\t<div class=\"elementor-icon-wrapper\">\n\t\t\t<a class=\"elementor-icon\" href=\"https:\/\/linkedin.com.br\" target=\"_blank\">\n\t\t\t<svg aria-hidden=\"true\" class=\"e-font-icon-svg e-fab-linkedin\" viewBox=\"0 0 448 512\" xmlns=\"http:\/\/www.w3.org\/2000\/svg\"><path d=\"M416 32H31.9C14.3 32 0 46.5 0 64.3v383.4C0 465.5 14.3 480 31.9 480H416c17.6 0 32-14.5 32-32.3V64.3c0-17.8-14.4-32.3-32-32.3zM135.4 416H69V202.2h66.5V416zm-33.2-243c-21.3 0-38.5-17.3-38.5-38.5S80.9 96 102.2 96c21.2 0 38.5 17.3 38.5 38.5 0 21.3-17.2 38.5-38.5 38.5zm282.1 243h-66.4V312c0-24.8-.5-56.7-34.5-56.7-34.6 0-39.9 27-39.9 54.9V416h-66.4V202.2h63.7v29.2h.9c8.9-16.8 30.6-34.5 62.9-34.5 67.2 0 79.7 44.3 79.7 101.9V416z\"><\/path><\/svg>\t\t\t<\/a>\n\t\t<\/div>\n\t\t\t\t\t\t<\/div>\n\t\t\t\t<\/div>\n\t\t\t\t<div class=\"elementor-element elementor-element-083ea21 elementor-widget elementor-widget-text-editor\" data-id=\"083ea21\" data-element_type=\"widget\" data-e-type=\"widget\" data-widget_type=\"text-editor.default\">\n\t\t\t\t\t\t\t\t\tIl a construit sa carri\u00e8re en dirigeant des \u00e9quipes et des d\u00e9lais en mettant l\u2019accent sur l\u2019efficacit\u00e9 et l\u2019innovation, alliant technique et leadership pour apporter de la valeur \u00e0 chaque \u00e9tape du projet.\t\t\t\t\t\t\t\t<\/div>\n\t\t\t\t\t<\/div>\n\t\t\t\t<\/div>\n\t\t\t\t<\/div>\n\t\t<\/li><\/ul><\/div>\t\t\t\t<\/div>\n\t\t\t\t<\/div>\n\t\t\t\t<\/div>\n\t\t\t\t\t<\/div>\n\t\t\t\t<\/div>\n\t\t\t\t<\/div>\n\t\t","protected":false},"excerpt":{"rendered":"<p>Instructeurs .elementor-1356 .elementor-element.elementor-element-cf6fda2{&#8211;display:flex;&#8211;flex-direction:column;&#8211;container-widget-width:100%;&#8211;container-widget-height:initial;&#8211;container-widget-flex-grow:0;&#8211;container-widget-align-self:initial;&#8211;flex-wrap-mobile:wrap;}.elementor-widget-image .widget-image-caption{color:var( &#8211;e-global-color-text );font-family:var( &#8211;e-global-typography-text-font-family ), Sans-serif;font-weight:var( &#8211;e-global-typography-text-font-weight );}.elementor-widget-heading .elementor-heading-title{font-family:var( &#8211;e-global-typography-primary-font-family ), Sans-serif;font-weight:var( &#8211;e-global-typography-primary-font-weight );color:var( &#8211;e-global-color-primary );}.elementor-1356 .elementor-element.elementor-element-fd0202a{text-align:center;}.elementor-1356 .elementor-element.elementor-element-fd0202a .elementor-heading-title{font-family:\u00a0\u00bbPoppins\u00a0\u00bb, Sans-serif;font-size:26px;font-weight:600;}.elementor-1356 .elementor-element.elementor-element-9edfb4b{text-align:center;}.elementor-1356 .elementor-element.elementor-element-9edfb4b .elementor-heading-title{font-family:\u00a0\u00bbPoppins\u00a0\u00bb, Sans-serif;font-size:15px;font-weight:600;color:var( &#8211;e-global-color-secondary );}.elementor-1356 .elementor-element.elementor-element-b0c990c{&#8211;display:flex;&#8211;flex-direction:column;&#8211;container-widget-width:100%;&#8211;container-widget-height:initial;&#8211;container-widget-flex-grow:0;&#8211;container-widget-align-self:initial;&#8211;flex-wrap-mobile:wrap;}.elementor-widget-icon.elementor-view-stacked .elementor-icon{background-color:var( &#8211;e-global-color-primary );}.elementor-widget-icon.elementor-view-framed .elementor-icon, .elementor-widget-icon.elementor-view-default .elementor-icon{color:var( &#8211;e-global-color-primary );border-color:var( &#8211;e-global-color-primary );}.elementor-widget-icon.elementor-view-framed .elementor-icon, .elementor-widget-icon.elementor-view-default .elementor-icon svg{fill:var( &#8211;e-global-color-primary );}.elementor-1356 .elementor-element.elementor-element-11c4166 .elementor-icon-wrapper{text-align:center;}.elementor-1356 .elementor-element.elementor-element-11c4166.elementor-view-stacked .elementor-icon{background-color:var( &#8211;e-global-color-secondary );}.elementor-1356 .elementor-element.elementor-element-11c4166.elementor-view-framed .elementor-icon, .elementor-1356 [&hellip;]<\/p>\n","protected":false},"author":1,"featured_media":0,"parent":0,"menu_order":0,"comment_status":"closed","ping_status":"closed","template":"","meta":{"_acf_changed":false,"productId":0,"courseId":0,"footnotes":""},"class_list":["post-1474","page","type-page","status-publish","hentry"],"acf":[],"_links":{"self":[{"href":"https:\/\/ead.verano.com.br\/sitehomolog\/fr\/wp-json\/wp\/v2\/pages\/1474","targetHints":{"allow":["GET"]}}],"collection":[{"href":"https:\/\/ead.verano.com.br\/sitehomolog\/fr\/wp-json\/wp\/v2\/pages"}],"about":[{"href":"https:\/\/ead.verano.com.br\/sitehomolog\/fr\/wp-json\/wp\/v2\/types\/page"}],"author":[{"embeddable":true,"href":"https:\/\/ead.verano.com.br\/sitehomolog\/fr\/wp-json\/wp\/v2\/users\/1"}],"replies":[{"embeddable":true,"href":"https:\/\/ead.verano.com.br\/sitehomolog\/fr\/wp-json\/wp\/v2\/comments?post=1474"}],"version-history":[{"count":4,"href":"https:\/\/ead.verano.com.br\/sitehomolog\/fr\/wp-json\/wp\/v2\/pages\/1474\/revisions"}],"predecessor-version":[{"id":1734,"href":"https:\/\/ead.verano.com.br\/sitehomolog\/fr\/wp-json\/wp\/v2\/pages\/1474\/revisions\/1734"}],"wp:attachment":[{"href":"https:\/\/ead.verano.com.br\/sitehomolog\/fr\/wp-json\/wp\/v2\/media?parent=1474"}],"curies":[{"name":"wp","href":"https:\/\/api.w.org\/{rel}","templated":true}]}}