{"id":1327,"date":"2025-10-29T19:56:22","date_gmt":"2025-10-29T22:56:22","guid":{"rendered":"https:\/\/ead.verano.com.br\/site\/programmes-de-formation\/"},"modified":"2025-12-18T23:00:11","modified_gmt":"2025-12-19T02:00:11","slug":"programmes-de-formation","status":"publish","type":"page","link":"https:\/\/ead.verano.com.br\/sitehomolog\/fr\/programmes-de-formation\/","title":{"rendered":"Programmes de formation"},"content":{"rendered":"\t\t<div data-elementor-type=\"wp-page\" data-elementor-id=\"1327\" class=\"elementor elementor-1327 elementor-969\" data-elementor-post-type=\"page\">\n\t\t\t\t<div class=\"elementor-element elementor-element-3d5b01d4 e-flex e-con-boxed e-con e-parent\" data-id=\"3d5b01d4\" data-element_type=\"container\" data-e-type=\"container\" data-settings=\"{&quot;background_background&quot;:&quot;classic&quot;}\">\n\t\t\t\t\t<div class=\"e-con-inner\">\n\t\t\t\t\t<\/div>\n\t\t\t\t<\/div>\n\t\t<div class=\"elementor-element elementor-element-67823eb3 e-flex e-con-boxed e-con e-parent\" data-id=\"67823eb3\" data-element_type=\"container\" data-e-type=\"container\">\n\t\t\t\t\t<div class=\"e-con-inner\">\n\t\t<div class=\"elementor-element elementor-element-6af2d0ab e-con-full e-flex e-con e-child\" data-id=\"6af2d0ab\" data-element_type=\"container\" data-e-type=\"container\" data-settings=\"{&quot;background_background&quot;:&quot;classic&quot;}\">\n\t\t<div class=\"elementor-element elementor-element-42e9a308 e-con-full e-flex e-con e-child\" data-id=\"42e9a308\" data-element_type=\"container\" data-e-type=\"container\">\n\t\t\t\t<div class=\"elementor-element elementor-element-77c41a9e elementor-widget elementor-widget-heading\" data-id=\"77c41a9e\" data-element_type=\"widget\" data-e-type=\"widget\" data-widget_type=\"heading.default\">\n\t\t\t\t\t<h2 class=\"elementor-heading-title elementor-size-default\">Programmes de formation<\/h2>\t\t\t\t<\/div>\n\t\t\t\t<div class=\"elementor-element elementor-element-482cafc9 elementor-widget elementor-widget-text-editor\" data-id=\"482cafc9\" data-element_type=\"widget\" data-e-type=\"widget\" data-widget_type=\"text-editor.default\">\n\t\t\t\t\t\t\t\t\t<p><span style=\"font-weight: 400\">Verano poss\u00e8de plus de 30 ans d&rsquo;exp\u00e9rience dans le domaine du contr\u00f4le de projets. Nous proposons des services de conseil, des logiciels et des services de mise en \u0153uvre. Gr\u00e2ce \u00e0 notre vaste exp\u00e9rience, nous comprenons que chaque entreprise a ses propres souhaits et exigences en mati\u00e8re de mise en \u0153uvre des contr\u00f4les de projet au sein de son organisation. Cela vaut \u00e9galement pour les connaissances et les comp\u00e9tences de vos employ\u00e9s.<\/span><\/p><p><span style=\"font-weight: 400\">Verano propose diverses options de formation, telles que : une formation dans notre centre de formation ou enti\u00e8rement en ligne ; une formation en pr\u00e9sentiel dans votre entreprise ; et\/ou une formation personnalis\u00e9e en fonction de vos objectifs d&rsquo;apprentissage sp\u00e9cifiques. Nous serons ravis de vous conseiller sur ce qui est n\u00e9cessaire et efficace pour votre organisation.<\/span><\/p><p><span style=\"font-weight: 400\">Avez-vous une formation sp\u00e9cifique en t\u00eate ? Ou avez-vous d&rsquo;autres objectifs d&rsquo;apprentissage ? Contactez-nous par e-mail, via notre site Web ou par t\u00e9l\u00e9phone pour toute question. D\u00e8s r\u00e9ception de votre demande dans nos bureaux, nous vous contacterons par t\u00e9l\u00e9phone afin de discuter de vos besoins en mati\u00e8re de formation. Sur la base de votre conversation t\u00e9l\u00e9phonique, vous recevrez une recommandation personnalis\u00e9e concernant le programme d&rsquo;apprentissage et l&rsquo;investissement. Si l&rsquo;offre r\u00e9pond \u00e0 vos attentes, nous programmerons ensemble les sessions de formation.<\/span><\/p><p><span style=\"font-weight: 400\">La Verano Academy a d\u00e9j\u00e0 form\u00e9 des employ\u00e9s d&rsquo;organisations telles que AngloGold Ashanti, NTS (Nova Transportadora do Sudeste), Eneva et des dizaines d&rsquo;autres clients. Vous souhaitez savoir ce que nous pouvons faire pour votre entreprise ? Contactez-nous.<\/span><\/p>\t\t\t\t\t\t\t\t<\/div>\n\t\t\t\t<\/div>\n\t\t\t\t<\/div>\n\t\t\t\t\t<\/div>\n\t\t\t\t<\/div>\n\t\t\t\t<\/div>\n\t\t","protected":false},"excerpt":{"rendered":"<p>Programmes de formation Verano poss\u00e8de plus de 30 ans d&rsquo;exp\u00e9rience dans le domaine du contr\u00f4le de projets. Nous proposons des services de conseil, des logiciels et des services de mise en \u0153uvre. Gr\u00e2ce \u00e0 notre vaste exp\u00e9rience, nous comprenons que chaque entreprise a ses propres souhaits et exigences en mati\u00e8re de mise en \u0153uvre des [&hellip;]<\/p>\n","protected":false},"author":1,"featured_media":0,"parent":0,"menu_order":0,"comment_status":"closed","ping_status":"closed","template":"","meta":{"_acf_changed":false,"productId":0,"courseId":0,"footnotes":""},"class_list":["post-1327","page","type-page","status-publish","hentry"],"acf":[],"_links":{"self":[{"href":"https:\/\/ead.verano.com.br\/sitehomolog\/fr\/wp-json\/wp\/v2\/pages\/1327","targetHints":{"allow":["GET"]}}],"collection":[{"href":"https:\/\/ead.verano.com.br\/sitehomolog\/fr\/wp-json\/wp\/v2\/pages"}],"about":[{"href":"https:\/\/ead.verano.com.br\/sitehomolog\/fr\/wp-json\/wp\/v2\/types\/page"}],"author":[{"embeddable":true,"href":"https:\/\/ead.verano.com.br\/sitehomolog\/fr\/wp-json\/wp\/v2\/users\/1"}],"replies":[{"embeddable":true,"href":"https:\/\/ead.verano.com.br\/sitehomolog\/fr\/wp-json\/wp\/v2\/comments?post=1327"}],"version-history":[{"count":1,"href":"https:\/\/ead.verano.com.br\/sitehomolog\/fr\/wp-json\/wp\/v2\/pages\/1327\/revisions"}],"predecessor-version":[{"id":1328,"href":"https:\/\/ead.verano.com.br\/sitehomolog\/fr\/wp-json\/wp\/v2\/pages\/1327\/revisions\/1328"}],"wp:attachment":[{"href":"https:\/\/ead.verano.com.br\/sitehomolog\/fr\/wp-json\/wp\/v2\/media?parent=1327"}],"curies":[{"name":"wp","href":"https:\/\/api.w.org\/{rel}","templated":true}]}}