{"id":975,"date":"2025-10-29T19:56:22","date_gmt":"2025-10-29T22:56:22","guid":{"rendered":"https:\/\/ead.verano.com.br\/site\/programas-de-formacion\/"},"modified":"2025-12-18T23:00:07","modified_gmt":"2025-12-19T02:00:07","slug":"programas-de-formacion","status":"publish","type":"page","link":"https:\/\/ead.verano.com.br\/sitehomolog\/es\/programas-de-formacion\/","title":{"rendered":"Programas de formaci\u00f3n"},"content":{"rendered":"\t\t<div data-elementor-type=\"wp-page\" data-elementor-id=\"975\" class=\"elementor elementor-975 elementor-969\" data-elementor-post-type=\"page\">\n\t\t\t\t<div class=\"elementor-element elementor-element-3d5b01d4 e-flex e-con-boxed e-con e-parent\" data-id=\"3d5b01d4\" data-element_type=\"container\" data-e-type=\"container\" data-settings=\"{&quot;background_background&quot;:&quot;classic&quot;}\">\n\t\t\t\t\t<div class=\"e-con-inner\">\n\t\t\t\t\t<\/div>\n\t\t\t\t<\/div>\n\t\t<div class=\"elementor-element elementor-element-67823eb3 e-flex e-con-boxed e-con e-parent\" data-id=\"67823eb3\" data-element_type=\"container\" data-e-type=\"container\">\n\t\t\t\t\t<div class=\"e-con-inner\">\n\t\t<div class=\"elementor-element elementor-element-6af2d0ab e-con-full e-flex e-con e-child\" data-id=\"6af2d0ab\" data-element_type=\"container\" data-e-type=\"container\" data-settings=\"{&quot;background_background&quot;:&quot;classic&quot;}\">\n\t\t<div class=\"elementor-element elementor-element-42e9a308 e-con-full e-flex e-con e-child\" data-id=\"42e9a308\" data-element_type=\"container\" data-e-type=\"container\">\n\t\t\t\t<div class=\"elementor-element elementor-element-77c41a9e elementor-widget elementor-widget-heading\" data-id=\"77c41a9e\" data-element_type=\"widget\" data-e-type=\"widget\" data-widget_type=\"heading.default\">\n\t\t\t\t\t<h2 class=\"elementor-heading-title elementor-size-default\">Programas de formaci\u00f3n<\/h2>\t\t\t\t<\/div>\n\t\t\t\t<div class=\"elementor-element elementor-element-482cafc9 elementor-widget elementor-widget-text-editor\" data-id=\"482cafc9\" data-element_type=\"widget\" data-e-type=\"widget\" data-widget_type=\"text-editor.default\">\n\t\t\t\t\t\t\t\t\t<p><span style=\"font-weight: 400\">Verano cuenta con m\u00e1s de 30 a\u00f1os de experiencia en el \u00e1rea de Control de Proyectos. Ofrecemos servicios de consultor\u00eda, software e implementaci\u00f3n. Debido a nuestra amplia experiencia, entendemos que cada empresa tiene sus propios deseos y requisitos para la implementaci\u00f3n de controles de proyectos en su organizaci\u00f3n. Esto tambi\u00e9n se aplica a los conocimientos y habilidades de sus empleados.<\/span><\/p><p><span style=\"font-weight: 400\">Verano ofrece una variedad de opciones de formaci\u00f3n, tales como: formaci\u00f3n en nuestro centro de formaci\u00f3n o totalmente en l\u00ednea; formaci\u00f3n presencial en su empresa; y\/o personalizada para sus objetivos de aprendizaje espec\u00edficos. Estaremos encantados de asesorarle sobre lo que es necesario y eficaz para su organizaci\u00f3n.<\/span><\/p><p><span style=\"font-weight: 400\">\u00bfTienes alg\u00fan entrenamiento espec\u00edfico en mente? \u00bfO tiene otros objetivos de aprendizaje? P\u00f3ngase en contacto con nosotros por correo electr\u00f3nico, sitio web o tel\u00e9fono para aclarar cualquier duda. Tan pronto como recibamos su solicitud en nuestra oficina, nos pondremos en contacto con usted por tel\u00e9fono para analizar sus necesidades de formaci\u00f3n. Bas\u00e1ndonos en la conversaci\u00f3n telef\u00f3nica, recibir\u00e1 una recomendaci\u00f3n personalizada sobre el programa de aprendizaje y la inversi\u00f3n. Si la oferta cumple con sus expectativas, programaremos las sesiones de formaci\u00f3n conjuntamente.<\/span><\/p><p><span style=\"font-weight: 400\">Verano Academy ya ha formado a empleados de organizaciones como AngloGold Ashanti, NTS (Nova Transportadora do Sudeste), Eneva y decenas de otros clientes. \u00bfLe interesa saber qu\u00e9 podemos hacer por su empresa? P\u00f3ngase en contacto con nosotros.<\/span><\/p>\t\t\t\t\t\t\t\t<\/div>\n\t\t\t\t<\/div>\n\t\t\t\t<\/div>\n\t\t\t\t\t<\/div>\n\t\t\t\t<\/div>\n\t\t\t\t<\/div>\n\t\t","protected":false},"excerpt":{"rendered":"<p>Programas de formaci\u00f3n Verano cuenta con m\u00e1s de 30 a\u00f1os de experiencia en el \u00e1rea de Control de Proyectos. Ofrecemos servicios de consultor\u00eda, software e implementaci\u00f3n. Debido a nuestra amplia experiencia, entendemos que cada empresa tiene sus propios deseos y requisitos para la implementaci\u00f3n de controles de proyectos en su organizaci\u00f3n. Esto tambi\u00e9n se aplica [&hellip;]<\/p>\n","protected":false},"author":1,"featured_media":0,"parent":0,"menu_order":0,"comment_status":"closed","ping_status":"closed","template":"","meta":{"_acf_changed":false,"productId":0,"courseId":0,"footnotes":""},"class_list":["post-975","page","type-page","status-publish","hentry"],"acf":[],"_links":{"self":[{"href":"https:\/\/ead.verano.com.br\/sitehomolog\/es\/wp-json\/wp\/v2\/pages\/975","targetHints":{"allow":["GET"]}}],"collection":[{"href":"https:\/\/ead.verano.com.br\/sitehomolog\/es\/wp-json\/wp\/v2\/pages"}],"about":[{"href":"https:\/\/ead.verano.com.br\/sitehomolog\/es\/wp-json\/wp\/v2\/types\/page"}],"author":[{"embeddable":true,"href":"https:\/\/ead.verano.com.br\/sitehomolog\/es\/wp-json\/wp\/v2\/users\/1"}],"replies":[{"embeddable":true,"href":"https:\/\/ead.verano.com.br\/sitehomolog\/es\/wp-json\/wp\/v2\/comments?post=975"}],"version-history":[{"count":2,"href":"https:\/\/ead.verano.com.br\/sitehomolog\/es\/wp-json\/wp\/v2\/pages\/975\/revisions"}],"predecessor-version":[{"id":1329,"href":"https:\/\/ead.verano.com.br\/sitehomolog\/es\/wp-json\/wp\/v2\/pages\/975\/revisions\/1329"}],"wp:attachment":[{"href":"https:\/\/ead.verano.com.br\/sitehomolog\/es\/wp-json\/wp\/v2\/media?parent=975"}],"curies":[{"name":"wp","href":"https:\/\/api.w.org\/{rel}","templated":true}]}}