{"id":148,"date":"2025-09-02T18:38:16","date_gmt":"2025-09-02T21:38:16","guid":{"rendered":"https:\/\/ead.verano.com.br\/site\/?post_type=product&#038;p=148"},"modified":"2026-04-07T15:10:02","modified_gmt":"2026-04-07T18:10:02","slug":"synchro-4d-pro_br","status":"publish","type":"product","link":"https:\/\/ead.verano.com.br\/site\/produto\/synchro-4d-pro_br\/","title":{"rendered":"Synchro 4D Pro"},"content":{"rendered":"<p>O treinamento tem por objetivo capacitar os profissionais envolvidos no planejamento e controle de execu\u00e7\u00e3o de obras de constru\u00e7\u00e3o e montagens eletromec\u00e2nicas para que estes utilizem adequada e plenamente a ferramenta computacional Synchro, buscando atingir ou aproximar-se o m\u00e1ximo poss\u00edvel da meta tra\u00e7ada (prazo e custo).<\/p>\n<p>Ao final do treinamento os participantes dever\u00e3o ser capazes de:<\/p>\n<p><strong>1.\u00a0\u00a0\u00a0\u00a0<\/strong>Criar cronogramas e modelos 3D;<\/p>\n<p><strong>2.\u00a0\u00a0\u00a0\u00a0<\/strong>Importar e sincronizar dados de planejamento;<\/p>\n<p><strong>3.\u00a0\u00a0\u00a0\u00a0<\/strong>Importar e sincronizar dados de modelo 3D;<\/p>\n<p><strong>4.\u00a0\u00a0\u00a0\u00a0<\/strong>Criar recursos com representa\u00e7\u00e3o geom\u00e9trica;<\/p>\n<p><strong>5.\u00a0\u00a0\u00a0\u00a0<\/strong>Associar manual e automaticamente recursos e atividades;<\/p>\n<p><strong>6.\u00a0\u00a0\u00a0\u00a0<\/strong>Elaborar modelo 4D;<\/p>\n<p><strong>7.\u00a0\u00a0\u00a0\u00a0<\/strong>Criar movimentos de objetos 3D;<\/p>\n<p><strong>8.\u00a0\u00a0\u00a0\u00a0<\/strong>Montar anima\u00e7\u00e3o gr\u00e1fica a partir do modelo 4D;<\/p>\n<p><strong>9.\u00a0\u00a0\u00a0\u00a0<\/strong>Exportar v\u00eddeo no formato AVI e MP4.<\/p>\n<p>O operador do sistema associa cada elemento geom\u00e9trico do modelo tridimensional \u00e0 atividades do cronograma, e na simula\u00e7\u00e3o do transcorrer do tempo pode-se visualizar a maquete eletr\u00f4nica sendo \u201cmontada\u201d na janela de visualiza\u00e7\u00e3o, possibilitando diversas an\u00e1lises a partir dos dados modelados.<\/p>\n","protected":false},"excerpt":{"rendered":"<p>O Synchro 4D Pro \u00e9 uma solu\u00e7\u00e3o em software para planejamento e an\u00e1lise de construtibilidade de obras civis e de montagens eletromec\u00e2nicas, baseado no conceito \u201c4D\u201d, no qual o modelo tridimensional (objetos 3D) da constru\u00e7\u00e3o \u00e9 associado ao cronograma (execu\u00e7\u00e3o no tempo) da obra.<\/p>\n","protected":false},"featured_media":815,"template":"","meta":{"_acf_changed":false},"product_brand":[30],"product_cat":[52,15],"product_tag":[53],"nivel-de-treinamento":[66],"formato-cursos":[62,63],"class_list":{"0":"post-148","1":"product","2":"type-product","3":"status-publish","4":"has-post-thumbnail","6":"product_brand-ead","7":"product_cat-gerenciamento-de-projetos","8":"product_cat-modelagem-4d","9":"product_tag-synchro-4d-pro","10":"nivel-de-treinamento-basico","11":"formato-cursos-ead-educacao-a-distancia","12":"formato-cursos-remoto","14":"first","15":"instock","16":"downloadable","17":"virtual","18":"sold-individually","19":"taxable","20":"purchasable","21":"product-type-simple"},"acf":[],"_links":{"self":[{"href":"https:\/\/ead.verano.com.br\/site\/wp-json\/wp\/v2\/product\/148","targetHints":{"allow":["GET"]}}],"collection":[{"href":"https:\/\/ead.verano.com.br\/site\/wp-json\/wp\/v2\/product"}],"about":[{"href":"https:\/\/ead.verano.com.br\/site\/wp-json\/wp\/v2\/types\/product"}],"wp:featuredmedia":[{"embeddable":true,"href":"https:\/\/ead.verano.com.br\/site\/wp-json\/wp\/v2\/media\/815"}],"wp:attachment":[{"href":"https:\/\/ead.verano.com.br\/site\/wp-json\/wp\/v2\/media?parent=148"}],"wp:term":[{"taxonomy":"product_brand","embeddable":true,"href":"https:\/\/ead.verano.com.br\/site\/wp-json\/wp\/v2\/product_brand?post=148"},{"taxonomy":"product_cat","embeddable":true,"href":"https:\/\/ead.verano.com.br\/site\/wp-json\/wp\/v2\/product_cat?post=148"},{"taxonomy":"product_tag","embeddable":true,"href":"https:\/\/ead.verano.com.br\/site\/wp-json\/wp\/v2\/product_tag?post=148"},{"taxonomy":"nivel-de-treinamento","embeddable":true,"href":"https:\/\/ead.verano.com.br\/site\/wp-json\/wp\/v2\/nivel-de-treinamento?post=148"},{"taxonomy":"formato-cursos","embeddable":true,"href":"https:\/\/ead.verano.com.br\/site\/wp-json\/wp\/v2\/formato-cursos?post=148"}],"curies":[{"name":"wp","href":"https:\/\/api.w.org\/{rel}","templated":true}]}}