{"id":146,"date":"2025-09-02T18:29:02","date_gmt":"2025-09-02T21:29:02","guid":{"rendered":"https:\/\/ead.verano.com.br\/site\/?post_type=product&#038;p=146"},"modified":"2026-04-07T15:03:07","modified_gmt":"2026-04-07T18:03:07","slug":"primavera-risk-analysis_br","status":"publish","type":"product","link":"https:\/\/ead.verano.com.br\/site\/produto\/primavera-risk-analysis_br\/","title":{"rendered":"Primavera Risk Analysis"},"content":{"rendered":"<p><strong>Introdu\u00e7\u00e3o ao Primavera Risk Analysis<\/strong><\/p>\n<p><strong>Vis\u00e3o Geral e Navega\u00e7\u00e3o<\/strong><br \/>\n\u2022\u00a0\u00a0Metodologia Empregada no Primavera Risk Analysis<br \/>\n\u25e6 \u00a0Revis\u00e3o do Cronograma<br \/>\n\u25e6 \u00a0Constru\u00e7\u00e3o do Modelo de Risco<br \/>\n\u25e6 \u00a0An\u00e1lise e Revis\u00e3o<br \/>\n\u25e6 \u00a0Mitiga\u00e7\u00e3o e Relat\u00f3rios<br \/>\n\u2022\u00a0\u00a0Interface do Usu\u00e1rio e Navega\u00e7\u00e3o<\/p>\n<p><strong>Entendendo o Risco<\/strong><br \/>\n\u2022\u00a0\u00a0Tipos de Riscos<br \/>\n\u2022\u00a0\u00a0An\u00e1lise de risco e caminho cr\u00edtico<br \/>\n\u2022\u00a0\u00a0A distribui\u00e7\u00e3o triangular obl\u00edqua<br \/>\n\u2022\u00a0\u00a0Identificando o Risco<br \/>\n\u2022\u00a0\u00a0Eventos de Riscos<br \/>\n\u2022\u00a0\u00a0Risco e a sua programa\u00e7\u00e3o<\/p>\n<p><strong>Revis\u00e3o do Cronograma<\/strong><br \/>\n\u2022\u00a0\u00a0Revis\u00e3o do cronograma (Schedule Check)<br \/>\n\u2022\u00a0\u00a0Relat\u00f3rio de verifica\u00e7\u00e3o da programa\u00e7\u00e3o<\/p>\n<p><strong>Avalia\u00e7\u00e3o de Pr\u00e9-an\u00e1lise<\/strong><br \/>\n\u2022\u00a0\u00a0Executando c\u00e1lculo de impacto do risco<br \/>\n\u2022\u00a0\u00a0Discutindo o Distribution Graph<br \/>\n\u2022\u00a0\u00a0Tabela de dados estat\u00edsticos<br \/>\n\u2022\u00a0\u00a0Relat\u00f3rio Distribution Analyzer<br \/>\n\u2022\u00a0\u00a0Discutindo o Gr\u00e1fico de Tornado<\/p>\n<p><strong>Construindo um modelo de risco<\/strong><br \/>\n\u2022\u00a0\u00a0Aplicando incertezas de dura\u00e7\u00e3o<br \/>\n\u2022\u00a0\u00a0Template Quick Risk<\/p>\n<p><strong>Probabilidade de Exist\u00eancia de uma atividade<\/strong><br \/>\n\u2022\u00a0\u00a0Evento de Impacto Simples<br \/>\n\u2022\u00a0\u00a0Definindo a probabilidade da exist\u00eancia<br \/>\n\u2022\u00a0\u00a0Definindo o comportamento das liga\u00e7\u00f5es do evento<\/p>\n<p><strong>Ramifica\u00e7\u00e3o Probabil\u00edstica<\/strong><br \/>\n\u2022\u00a0\u00a0Ligando atividades a uma ramifica\u00e7\u00e3o probabil\u00edstica<br \/>\n\u2022\u00a0\u00a0S\u00e9ries de Impacto<br \/>\n\u2022\u00a0\u00a0M\u00faltiplos Impactos em uma atividade<br \/>\n\u2022\u00a0\u00a0Ligando atividades a uma ramifica\u00e7\u00e3o complexa<\/p>\n<p><strong>Registro do Risco<\/strong><br \/>\n\u2022\u00a0\u00a0Abrindo o Registro de Riscos<br \/>\n\u2022\u00a0\u00a0Informando uma resposta de mitiga\u00e7\u00e3o<br \/>\n\u2022\u00a0\u00a0Pontua\u00e7\u00e3o de Risco, Matriz de Riscos e Relat\u00f3rios<br \/>\n\u2022\u00a0\u00a0Associando riscos \u00e0 programa\u00e7\u00e3o<br \/>\n\u2022\u00a0\u00a0Ajustando as probabilidades e impactos<br \/>\n\u2022\u00a0\u00a0Construindo planos de impacto de Risco<br \/>\n\u2022\u00a0\u00a0Analisando os Resultados<\/p>\n<p><strong>Correla\u00e7\u00e3o<\/strong><br \/>\n\u2022\u00a0\u00a0Correla\u00e7\u00e3o e Teorema do Limite Central<br \/>\n\u2022\u00a0\u00a0Correlacionando as Atividades<\/p>\n<p><strong>Incerteza dos Recursos e Custos<\/strong><br \/>\n\u2022\u00a0\u00a0Recursos no Primavera Risk Anakysis<br \/>\n\u2022\u00a0\u00a0Adicionando um recurso a Custo Fixo<br \/>\n\u2022\u00a0\u00a0Adicionando recurso com Custo Incerto<br \/>\n\u2022\u00a0\u00a0Custos dependentes do tempo<\/p>\n<p><strong>Analisar e Mitigar<\/strong><br \/>\n\u2022\u00a0\u00a0Utilizando o Analisador de Distribui\u00e7\u00e3o<br \/>\n\u2022\u00a0\u00a0Usando o Gr\u00e1fico de Tornado<br \/>\n\u2022\u00a0\u00a0Tentativa e Erro<br \/>\n\u2022\u00a0\u00a0Exibindo o P-Schedule<\/p>\n<p>&nbsp;<\/p>\n","protected":false},"excerpt":{"rendered":"<p>Este curso tem como objetivo capacitar os alunos na qualifica\u00e7\u00e3o e quantifica\u00e7\u00e3o dos riscos, facilitando o gerenciamento das amea\u00e7as e oportunidades que podem impactar na programa\u00e7\u00e3o do projeto. O aluno ser\u00e1 capaz de analisar diversos cen\u00e1rios, identificar as atividades que apresentam os maiores riscos e que comprometem o sucesso do projeto. Tamb\u00e9m poder\u00e1 cadastrar e avaliar as incertezas envolvidas no planejamento, mapeando as atividades relevantes e associando os impactos na programa\u00e7\u00e3o e no custo do projeto. Um extenso conjunto de relat\u00f3rios permite a apresenta\u00e7\u00e3o e identifica\u00e7\u00e3o dos impactos e altera\u00e7\u00f5es. Ao final dos cadastros e an\u00e1lises, o cronograma ajustado poder\u00e1 ser Importado\/Exportado para as ferramentas Oracle Primavera e MS Project, onde poder\u00e3o ser acompanhados e atualizados.<\/p>\n","protected":false},"featured_media":1605,"template":"","meta":{"_acf_changed":false},"product_brand":[30,61],"product_cat":[25],"product_tag":[54],"nivel-de-treinamento":[66],"formato-cursos":[62,64],"class_list":{"0":"post-146","1":"product","2":"type-product","3":"status-publish","4":"has-post-thumbnail","6":"product_brand-ead","7":"product_brand-remoto","8":"product_cat-analise-de-riscos","9":"product_tag-primavera-risk-analysis","10":"nivel-de-treinamento-basico","11":"formato-cursos-ead-educacao-a-distancia","12":"formato-cursos-presencial","14":"first","15":"instock","16":"downloadable","17":"virtual","18":"sold-individually","19":"taxable","20":"purchasable","21":"product-type-simple"},"acf":[],"_links":{"self":[{"href":"https:\/\/ead.verano.com.br\/site\/wp-json\/wp\/v2\/product\/146","targetHints":{"allow":["GET"]}}],"collection":[{"href":"https:\/\/ead.verano.com.br\/site\/wp-json\/wp\/v2\/product"}],"about":[{"href":"https:\/\/ead.verano.com.br\/site\/wp-json\/wp\/v2\/types\/product"}],"wp:featuredmedia":[{"embeddable":true,"href":"https:\/\/ead.verano.com.br\/site\/wp-json\/wp\/v2\/media\/1605"}],"wp:attachment":[{"href":"https:\/\/ead.verano.com.br\/site\/wp-json\/wp\/v2\/media?parent=146"}],"wp:term":[{"taxonomy":"product_brand","embeddable":true,"href":"https:\/\/ead.verano.com.br\/site\/wp-json\/wp\/v2\/product_brand?post=146"},{"taxonomy":"product_cat","embeddable":true,"href":"https:\/\/ead.verano.com.br\/site\/wp-json\/wp\/v2\/product_cat?post=146"},{"taxonomy":"product_tag","embeddable":true,"href":"https:\/\/ead.verano.com.br\/site\/wp-json\/wp\/v2\/product_tag?post=146"},{"taxonomy":"nivel-de-treinamento","embeddable":true,"href":"https:\/\/ead.verano.com.br\/site\/wp-json\/wp\/v2\/nivel-de-treinamento?post=146"},{"taxonomy":"formato-cursos","embeddable":true,"href":"https:\/\/ead.verano.com.br\/site\/wp-json\/wp\/v2\/formato-cursos?post=146"}],"curies":[{"name":"wp","href":"https:\/\/api.w.org\/{rel}","templated":true}]}}