{"id":969,"date":"2025-10-29T19:56:22","date_gmt":"2025-10-29T22:56:22","guid":{"rendered":"https:\/\/ead.verano.com.br\/site\/?page_id=969"},"modified":"2025-11-26T15:29:48","modified_gmt":"2025-11-26T18:29:48","slug":"programas-de-treinamento","status":"publish","type":"page","link":"https:\/\/ead.verano.com.br\/site\/programas-de-treinamento\/","title":{"rendered":"Programas de Treinamento"},"content":{"rendered":"\t\t<div data-elementor-type=\"wp-page\" data-elementor-id=\"969\" class=\"elementor elementor-969\" data-elementor-post-type=\"page\">\n\t\t\t\t<div class=\"elementor-element elementor-element-3d5b01d4 e-flex e-con-boxed e-con e-parent\" data-id=\"3d5b01d4\" data-element_type=\"container\" data-e-type=\"container\" data-settings=\"{&quot;background_background&quot;:&quot;classic&quot;}\">\n\t\t\t\t\t<div class=\"e-con-inner\">\n\t\t\t\t\t<\/div>\n\t\t\t\t<\/div>\n\t\t<div class=\"elementor-element elementor-element-67823eb3 e-flex e-con-boxed e-con e-parent\" data-id=\"67823eb3\" data-element_type=\"container\" data-e-type=\"container\">\n\t\t\t\t\t<div class=\"e-con-inner\">\n\t\t<div class=\"elementor-element elementor-element-6af2d0ab e-con-full e-flex e-con e-child\" data-id=\"6af2d0ab\" data-element_type=\"container\" data-e-type=\"container\" data-settings=\"{&quot;background_background&quot;:&quot;classic&quot;}\">\n\t\t<div class=\"elementor-element elementor-element-42e9a308 e-con-full e-flex e-con e-child\" data-id=\"42e9a308\" data-element_type=\"container\" data-e-type=\"container\">\n\t\t\t\t<div class=\"elementor-element elementor-element-77c41a9e elementor-widget elementor-widget-heading\" data-id=\"77c41a9e\" data-element_type=\"widget\" data-e-type=\"widget\" data-widget_type=\"heading.default\">\n\t\t\t\t\t<h2 class=\"elementor-heading-title elementor-size-default\">Programas de Treinamento<\/h2>\t\t\t\t<\/div>\n\t\t\t\t<div class=\"elementor-element elementor-element-482cafc9 elementor-widget elementor-widget-text-editor\" data-id=\"482cafc9\" data-element_type=\"widget\" data-e-type=\"widget\" data-widget_type=\"text-editor.default\">\n\t\t\t\t\t\t\t\t\t<p><span style=\"font-weight: 400\">A Verano possui mais de 30 anos de experi\u00eancia na \u00e1rea de Controle de Projetos. Oferecemos servi\u00e7os de consultoria, software e implementa\u00e7\u00e3o. Devido \u00e0 nossa vasta experi\u00eancia, entendemos que cada empresa possui seus pr\u00f3prios desejos e requisitos para a implementa\u00e7\u00e3o de Controles de Projetos em sua organiza\u00e7\u00e3o. Isso tamb\u00e9m se aplica ao conhecimento e \u00e0s habilidades de seus funcion\u00e1rios.<\/span><\/p><p><span style=\"font-weight: 400\">A Verano oferece uma variedade de op\u00e7\u00f5es de treinamento, como: treinamento em nosso centro de treinamento ou totalmente online; treinamento presencial em sua empresa; e\/ou personalizado para seus objetivos de aprendizagem espec\u00edficos. Teremos prazer em aconselhar sobre o que \u00e9 necess\u00e1rio e eficaz para sua organiza\u00e7\u00e3o.<\/span><\/p><p><span style=\"font-weight: 400\">Voc\u00ea tem um treinamento espec\u00edfico em mente? Ou tem outros objetivos de aprendizagem? Entre em contato conosco por e-mail, site ou telefone para esclarecer quaisquer d\u00favidas. Assim que sua solicita\u00e7\u00e3o for recebida em nosso escrit\u00f3rio, entraremos em contato por telefone para discutir suas necessidades de treinamento. Com base na conversa telef\u00f4nica, voc\u00ea receber\u00e1 uma recomenda\u00e7\u00e3o personalizada para o programa de aprendizagem e o investimento. Se a oferta atender \u00e0s suas expectativas, agendaremos as sess\u00f5es de treinamento em conjunto.<\/span><\/p><p><span style=\"font-weight: 400\">A Verano Academy j\u00e1 treinou funcion\u00e1rios de organiza\u00e7\u00f5es como AngloGold Ashanti, NTS (Nova Transportadora do Sudeste), Eneva e dezenas de outros clientes. Interessado em saber o que podemos fazer pela sua empresa? Entre em contato conosco.<\/span><\/p>\t\t\t\t\t\t\t\t<\/div>\n\t\t\t\t<\/div>\n\t\t\t\t<\/div>\n\t\t\t\t\t<\/div>\n\t\t\t\t<\/div>\n\t\t\t\t<\/div>\n\t\t","protected":false},"excerpt":{"rendered":"<p>Programas de Treinamento A Verano possui mais de 30 anos de experi\u00eancia na \u00e1rea de Controle de Projetos. Oferecemos servi\u00e7os de consultoria, software e implementa\u00e7\u00e3o. Devido \u00e0 nossa vasta experi\u00eancia, entendemos que cada empresa possui seus pr\u00f3prios desejos e requisitos para a implementa\u00e7\u00e3o de Controles de Projetos em sua organiza\u00e7\u00e3o. Isso tamb\u00e9m se aplica ao [&hellip;]<\/p>\n","protected":false},"author":1,"featured_media":0,"parent":0,"menu_order":0,"comment_status":"closed","ping_status":"closed","template":"","meta":{"_acf_changed":false,"productId":0,"courseId":0,"footnotes":""},"class_list":["post-969","page","type-page","status-publish","hentry"],"acf":[],"_links":{"self":[{"href":"https:\/\/ead.verano.com.br\/site\/wp-json\/wp\/v2\/pages\/969","targetHints":{"allow":["GET"]}}],"collection":[{"href":"https:\/\/ead.verano.com.br\/site\/wp-json\/wp\/v2\/pages"}],"about":[{"href":"https:\/\/ead.verano.com.br\/site\/wp-json\/wp\/v2\/types\/page"}],"author":[{"embeddable":true,"href":"https:\/\/ead.verano.com.br\/site\/wp-json\/wp\/v2\/users\/1"}],"replies":[{"embeddable":true,"href":"https:\/\/ead.verano.com.br\/site\/wp-json\/wp\/v2\/comments?post=969"}],"version-history":[{"count":16,"href":"https:\/\/ead.verano.com.br\/site\/wp-json\/wp\/v2\/pages\/969\/revisions"}],"predecessor-version":[{"id":1737,"href":"https:\/\/ead.verano.com.br\/site\/wp-json\/wp\/v2\/pages\/969\/revisions\/1737"}],"wp:attachment":[{"href":"https:\/\/ead.verano.com.br\/site\/wp-json\/wp\/v2\/media?parent=969"}],"curies":[{"name":"wp","href":"https:\/\/api.w.org\/{rel}","templated":true}]}}