{"id":3,"date":"2025-09-02T12:14:42","date_gmt":"2025-09-02T15:14:42","guid":{"rendered":"https:\/\/ead.verano.com.br\/site\/?page_id=3"},"modified":"2026-02-16T10:05:26","modified_gmt":"2026-02-16T13:05:26","slug":"politica-de-privacidade","status":"publish","type":"page","link":"https:\/\/ead.verano.com.br\/site\/politica-de-privacidade\/","title":{"rendered":"Pol\u00edtica de privacidade"},"content":{"rendered":"\t\t<div data-elementor-type=\"wp-page\" data-elementor-id=\"3\" class=\"elementor elementor-3\" data-elementor-post-type=\"page\">\n\t\t\t\t<div class=\"elementor-element elementor-element-684acdfb e-flex e-con-boxed e-con e-parent\" data-id=\"684acdfb\" data-element_type=\"container\" data-e-type=\"container\">\n\t\t\t\t\t<div class=\"e-con-inner\">\n\t\t\t\t<div class=\"elementor-element elementor-element-a6b42c7 elementor-widget elementor-widget-heading\" data-id=\"a6b42c7\" data-element_type=\"widget\" data-e-type=\"widget\" data-widget_type=\"heading.default\">\n\t\t\t\t\t<h2 class=\"elementor-heading-title elementor-size-default\">Pol\u00edtica de privacidade e processamento de dados<\/h2>\t\t\t\t<\/div>\n\t\t\t\t<div class=\"elementor-element elementor-element-e75d570 elementor-widget elementor-widget-heading\" data-id=\"e75d570\" data-element_type=\"widget\" data-e-type=\"widget\" data-widget_type=\"heading.default\">\n\t\t\t\t\t<h6 class=\"elementor-heading-title elementor-size-default\">1. Identifica\u00e7\u00e3o da pessoa respons\u00e1vel:<\/h6>\t\t\t\t<\/div>\n\t\t\t\t<div class=\"elementor-element elementor-element-7db0e1cb elementor-widget elementor-widget-text-editor\" data-id=\"7db0e1cb\" data-element_type=\"widget\" data-e-type=\"widget\" data-widget_type=\"text-editor.default\">\n\t\t\t\t\t\t\t\t\t<p style=\"text-align: justify;\">Verano Engenharia Com. Imp. e Exp. Ltda, doravante referido como &#8220;A empresa&#8221; ou &#8220;Empresa&#8221;, com CNPJ .52.136.249\/0001-22. \u00e9 respons\u00e1vel pelo processamento de todos dados pessoais recolhidos atrav\u00e9s do site www.verano.com.br.\u00a0 Se voc\u00ea precisar entrar em contato com a empresa em rela\u00e7\u00e3o ao processamento de seus dados pessoais, voc\u00ea pode faz\u00ea-lo via e-mail info@verano.com.br.<\/p>\n<p style=\"text-align: justify;\">O objetivo desta pol\u00edtica \u00e9 cumprir o disposto na Lei Geral de Prote\u00e7\u00e3o de Dados Pessoais (LGPD), Lei n\u00b0 13.709\/2018 e outras regras consistentes que regem o direito constitucional dos cidad\u00e3os de autorizar o processamento de seus dados pessoais, bem como conhecer, atualizar e retificar as informa\u00e7\u00f5es coletadas sobre eles em bancos de dados ou em arquivos de entidades p\u00fablicas e privadas.<\/p>\n<p style=\"text-align: justify;\">A empresa toma as precau\u00e7\u00f5es necess\u00e1rias para proteger as informa\u00e7\u00f5es dos usu\u00e1rios e visitantes do site Verano.com.br de acordo com as leis brasileira e n\u00e3o-brasileiras, conforme o caso possa ser aplic\u00e1vel sobre o assunto.<\/p>\t\t\t\t\t\t\t\t<\/div>\n\t\t\t\t<div class=\"elementor-element elementor-element-fbe4f97 elementor-widget elementor-widget-heading\" data-id=\"fbe4f97\" data-element_type=\"widget\" data-e-type=\"widget\" data-widget_type=\"heading.default\">\n\t\t\t\t\t<h6 class=\"elementor-heading-title elementor-size-default\">2. Finalidades do tratamento:<\/h6>\t\t\t\t<\/div>\n\t\t\t\t<div class=\"elementor-element elementor-element-bdb2d5a elementor-widget elementor-widget-text-editor\" data-id=\"bdb2d5a\" data-element_type=\"widget\" data-e-type=\"widget\" data-widget_type=\"text-editor.default\">\n\t\t\t\t\t\t\t\t\t<p style=\"text-align: justify;\">A empresa recolhe os dados pessoais dos utilizadores e visitantes do site Verano.com.br para os seguintes fins:<\/p>\n<p style=\"text-align: justify;\">(i) enviar informa\u00e7\u00f5es comerciais e aconselhamento relacionado com os produtos e servi\u00e7os oferecidos pela empresa;<\/p>\n<p style=\"text-align: justify;\">(ii) para garantir e melhorar a usabilidade do servi\u00e7o, prestar suporte t\u00e9cnico, realizar manuten\u00e7\u00e3o, atualiza\u00e7\u00f5es, incidentes de presen\u00e7a, inconveni\u00eancia, requisitos, reclama\u00e7\u00f5es e reclama\u00e7\u00f5es;<\/p>\n<p style=\"text-align: justify;\">(iii) para fins administrativos, tais como cota\u00e7\u00f5es, pagamentos, pagamentos, pagamentos, pagamentos, servi\u00e7os de gest\u00e3o, servi\u00e7os de gest\u00e3o, pagamento, pagamento,, entre outros;<\/p>\n<p style=\"text-align: justify;\">(iv) enviar informa\u00e7\u00f5es sobre not\u00edcias, not\u00edcias, boletins informativos;<\/p>\n<p style=\"text-align: justify;\">(v) realizar a\u00e7\u00f5es de intelig\u00eancia de neg\u00f3cios, cria\u00e7\u00e3o de ofertas sob medida, perspectivas de clientes, pesquisa e tend\u00eancias de mercado. \u00c9 importante notar que as informa\u00e7\u00f5es recebidas por usu\u00e1rios e visitantes sob o acima n\u00e3o podem ser usadas por eles para fins publicit\u00e1rios ou promocionais ou comerciais de qualquer tipo ou para qualquer outra atividade n\u00e3o relacionada ao site Verano.com.br, a menos que expressamente autorizado pelo titular da informa\u00e7\u00e3o.<\/p>\t\t\t\t\t\t\t\t<\/div>\n\t\t\t\t<div class=\"elementor-element elementor-element-39d7a53 elementor-widget elementor-widget-heading\" data-id=\"39d7a53\" data-element_type=\"widget\" data-e-type=\"widget\" data-widget_type=\"heading.default\">\n\t\t\t\t\t<h6 class=\"elementor-heading-title elementor-size-default\">3. Consentimento do t\u00edtulo:\n<\/h6>\t\t\t\t<\/div>\n\t\t\t\t<div class=\"elementor-element elementor-element-8e230ce elementor-widget elementor-widget-text-editor\" data-id=\"8e230ce\" data-element_type=\"widget\" data-e-type=\"widget\" data-widget_type=\"text-editor.default\">\n\t\t\t\t\t\t\t\t\t<p style=\"text-align: justify;\">A empresa solicita aos usu\u00e1rios e visitantes do site Verano.com.br sua permiss\u00e3o para usar seus dados pessoais fornecidos no momento do registro, ou quaisquer outros dados fornecidos \u00e0 Empresa a qualquer momento, de acordo com o tipo de link ou banco de dados, a fim de facilitar a rela\u00e7\u00e3o que \u00e9 estabelecida ou se destina a estabelecer, presta\u00e7\u00e3o dos servi\u00e7os solicitados, acesso a alguns dos servi\u00e7os, eventos, informa\u00e7\u00f5es, entre outros.<\/p>\n<p style=\"text-align: justify;\">Ao conceder a sua autoriza\u00e7\u00e3o, o titular aceita que os dados pessoais fornecidos s\u00e3o utilizados de acordo com as finalidades estabelecidas no n\u00famero anterior e na pol\u00edtica de tratamento de dados pessoais da empresa.<\/p>\n<p style=\"text-align: justify;\">A autoriza\u00e7\u00e3o do titular \u00e9 concedida de forma livre, volunt\u00e1ria, informada e expressa, podendo ser revogada a qualquer momento pelo titular dos dados, atrav\u00e9s de um procedimento previsto na pol\u00edtica de tratamento de dados pessoais da empresa.<\/p>\t\t\t\t\t\t\t\t<\/div>\n\t\t\t\t<div class=\"elementor-element elementor-element-450e63d elementor-widget elementor-widget-heading\" data-id=\"450e63d\" data-element_type=\"widget\" data-e-type=\"widget\" data-widget_type=\"heading.default\">\n\t\t\t\t\t<h6 class=\"elementor-heading-title elementor-size-default\">4. Dados sens\u00edveis:<\/h6>\t\t\t\t<\/div>\n\t\t\t\t<div class=\"elementor-element elementor-element-f98e77f elementor-widget elementor-widget-text-editor\" data-id=\"f98e77f\" data-element_type=\"widget\" data-e-type=\"widget\" data-widget_type=\"text-editor.default\">\n\t\t\t\t\t\t\t\t\t<p style=\"text-align: justify;\">A EMPRESA n\u00e3o coletar\u00e1 nem processar\u00e1 dados sens\u00edveis, entendidos como aqueles que afetam a intimidade ou a privacidade do titular, como informa\u00e7\u00f5es sobre sa\u00fade, orienta\u00e7\u00e3o sexual, religi\u00e3o, filia\u00e7\u00e3o pol\u00edtica, entre outros.<\/p>\t\t\t\t\t\t\t\t<\/div>\n\t\t\t\t<div class=\"elementor-element elementor-element-0c3045a elementor-widget elementor-widget-heading\" data-id=\"0c3045a\" data-element_type=\"widget\" data-e-type=\"widget\" data-widget_type=\"heading.default\">\n\t\t\t\t\t<h6 class=\"elementor-heading-title elementor-size-default\">5. Os direitos dos titulares:<\/h6>\t\t\t\t<\/div>\n\t\t\t\t<div class=\"elementor-element elementor-element-d907cbd elementor-widget elementor-widget-text-editor\" data-id=\"d907cbd\" data-element_type=\"widget\" data-e-type=\"widget\" data-widget_type=\"text-editor.default\">\n\t\t\t\t\t\t\t\t\t<p style=\"text-align: justify;\">No caso de o titular da informa\u00e7\u00e3o desejar exercer qualquer um dos seus direitos, deve enviar o seu pedido, explicando de forma clara e detalhada o motivo do seu pedido, os fatos que o suportam, as suas informa\u00e7\u00f5es de contato, os documentos que pretende fazer cumprir e o seu &#8220;s)&#8221;(s) ao e-mail info.verano.com.br ou por meio do formul\u00e1rio de contato dispon\u00edvel no website http:\/\/www.verano.com.br\/entre-em-contato\/envie-sua-mensagem.<\/p>\n<p style=\"text-align: justify;\">Se o pedido estiver incompleto, o interessado \u00e9 exigido no prazo de tr\u00eas (3) dias em vigor ap\u00f3s a rece\u00e7\u00e3o do pedido de remedia\u00e7\u00e3o das falhas. Ap\u00f3s tr\u00eas (3) meses a contar da data do pedido, sem que o requerente apresente as informa\u00e7\u00f5es exigidas, considera-se que o pedido \u00e9 retirado do pedido. Se a pessoa que recebe o pedido n\u00e3o for competente para resolv\u00ea-lo, deve transferir para a pessoa em causa no prazo m\u00e1ximo de trinta (30) dias \u00fateis e informar a pessoa em causa da situa\u00e7\u00e3o. As consultas s\u00e3o tratadas no prazo m\u00e1ximo de tr\u00eas (3) dias \u00fateis a contar da data de recep\u00e7\u00e3o do mesmo.<\/p>\n<p style=\"text-align: justify;\">Quando n\u00e3o for poss\u00edvel assistir \u00e0 consulta nesse prazo, a Companhia informar\u00e1 o interessado, expressando os motivos do atraso e indicando a data em que sua consulta ser\u00e1 atendida, o que em nenhum caso poder\u00e1 exceder trinta (30) dias \u00fateis ap\u00f3s o t\u00e9rmino do primeiro mandato. Em rela\u00e7\u00e3o \u00e0s reclama\u00e7\u00f5es, o Propriet\u00e1rio ou o de causalidade s\u00f3 podem apresentar uma reclama\u00e7\u00e3o \u00e0 autoridade competente uma vez que o procedimento de consulta ou reclama\u00e7\u00e3o perante a Empresa ou respons\u00e1vel pelo Tratamento tenha sido esgotado, conforme o caso.<\/p>\n<p style=\"text-align: justify;\">O pedido de retirada ou exclus\u00e3o n\u00e3o deve prosseguir quando houver um dever contratual de mant\u00ea-lo no banco de dados Verano Engenharia Com. Imp. e Exp. Ltda.<\/p>\t\t\t\t\t\t\t\t<\/div>\n\t\t\t\t<div class=\"elementor-element elementor-element-2de1eee elementor-widget elementor-widget-heading\" data-id=\"2de1eee\" data-element_type=\"widget\" data-e-type=\"widget\" data-widget_type=\"heading.default\">\n\t\t\t\t\t<h6 class=\"elementor-heading-title elementor-size-default\">6. Transfer\u00eancia internacional:<\/h6>\t\t\t\t<\/div>\n\t\t\t\t<div class=\"elementor-element elementor-element-40362c6 elementor-widget elementor-widget-text-editor\" data-id=\"40362c6\" data-element_type=\"widget\" data-e-type=\"widget\" data-widget_type=\"text-editor.default\">\n\t\t\t\t\t\t\t\t\t<p style=\"text-align: justify;\">A empresa n\u00e3o far\u00e1 transfer\u00eancia internacional de dados pessoais dos usu\u00e1rios para pa\u00edses terceiros. Todos os dados ser\u00e3o armazenados e processados no territ\u00f3rio do Brasil.<\/p>\t\t\t\t\t\t\t\t<\/div>\n\t\t\t\t<div class=\"elementor-element elementor-element-47f6904 elementor-widget elementor-widget-heading\" data-id=\"47f6904\" data-element_type=\"widget\" data-e-type=\"widget\" data-widget_type=\"heading.default\">\n\t\t\t\t\t<h6 class=\"elementor-heading-title elementor-size-default\">7. Seguran\u00e7a de dados:<\/h6>\t\t\t\t<\/div>\n\t\t\t\t<div class=\"elementor-element elementor-element-a5d0ba5 elementor-widget elementor-widget-text-editor\" data-id=\"a5d0ba5\" data-element_type=\"widget\" data-e-type=\"widget\" data-widget_type=\"text-editor.default\">\n\t\t\t\t\t\t\t\t\t<p style=\"text-align: justify;\">A EMPRESA compromete-se a implementar medidas t\u00e9cnicas e administrativas adequadas para garantir a prote\u00e7\u00e3o dos dados pessoais dos titulares, a fim de evitar o acesso n\u00e3o autorizado, perda, destrui\u00e7\u00e3o, altera\u00e7\u00e3o ou divulga\u00e7\u00e3o indevida de tais dados.<\/p>\n<p style=\"text-align: justify;\">Para isso, s\u00e3o utilizadas ferramentas de seguran\u00e7a que atendam aos padr\u00f5es do setor, como firewalls, sistemas de detec\u00e7\u00e3o de intrusos, sistemas de monitoramento e controle de acesso, entre outros.<\/p>\n<p style=\"text-align: justify;\">Al\u00e9m disso, a EMPRESA treina constantemente e sensibiliza o seu pessoal sobre a import\u00e2ncia da prote\u00e7\u00e3o de dados pessoais e do seu tratamento adequado, de forma a garantir a confidencialidade, integridade e disponibilidade de informa\u00e7\u00f5es.<\/p>\n<p style=\"text-align: justify;\">Por outro lado, a EMPRESA realizar\u00e1 revis\u00f5es peri\u00f3dicas das suas medidas de seguran\u00e7a para garantir que sejam sempre atualizadas e eficazes. No entanto, devido \u00e0 pr\u00f3pria natureza das tecnologias e sistemas da informa\u00e7\u00e3o, pode haver riscos que n\u00e3o podem ser totalmente mitigados, pelo que a EMPRESA n\u00e3o ser\u00e1 respons\u00e1vel em caso de danos decorrentes da viola\u00e7\u00e3o das medidas de seguran\u00e7a, a menos que tal infra\u00e7\u00e3o tenha sido causada por neglig\u00eancia ou falha da EMPRESA das suas obriga\u00e7\u00f5es legais e contratuais na prote\u00e7\u00e3o de dados pessoais.<\/p>\t\t\t\t\t\t\t\t<\/div>\n\t\t\t\t<div class=\"elementor-element elementor-element-b7714aa elementor-widget elementor-widget-heading\" data-id=\"b7714aa\" data-element_type=\"widget\" data-e-type=\"widget\" data-widget_type=\"heading.default\">\n\t\t\t\t\t<h6 class=\"elementor-heading-title elementor-size-default\">8 - Prazo de conserva\u00e7\u00e3o:<\/h6>\t\t\t\t<\/div>\n\t\t\t\t<div class=\"elementor-element elementor-element-68efc16 elementor-widget elementor-widget-text-editor\" data-id=\"68efc16\" data-element_type=\"widget\" data-e-type=\"widget\" data-widget_type=\"text-editor.default\">\n\t\t\t\t\t\t\t\t\t<p style=\"text-align: justify;\">Os dados pessoais dos usu\u00e1rios estar\u00e3o em vigor por 5 anos para cumprir os usos e finalidades descritos nas Pol\u00edticas de Privacidade ou nos Termos e Condi\u00e7\u00f5es.<\/p>\n<p style=\"text-align: justify;\">Al\u00e9m do acima exposto, \u00e9 importante mencionar que, uma vez conclu\u00eddo o per\u00edodo de reten\u00e7\u00e3o, os dados pessoais ser\u00e3o removidos das bases de dados da EMPRESA de forma segura e definitiva, a menos que haja qualquer obriga\u00e7\u00e3o legal de impedir a sua elimina\u00e7\u00e3o.<\/p>\n<p style=\"text-align: justify;\">Al\u00e9m disso, quando o titular dos dados solicitar a elimina\u00e7\u00e3o dos seus dados pessoais antes do prazo fixado, esse pedido deve ser cumprido, desde que n\u00e3o exista obriga\u00e7\u00e3o legal para impedir a sua elimina\u00e7\u00e3o e que a elimina\u00e7\u00e3o dos dados n\u00e3o afete os direitos de terceiros ou interesses leg\u00edtimos da Empresa ou de terceiros.<\/p>\n<p style=\"text-align: justify;\">\u00c9 da responsabilidade dos titulares garantir a veracidade e atualiza\u00e7\u00e3o dos dados pessoais fornecidos \u00e0 EMPRESA e, em caso de qualquer altera\u00e7\u00e3o, devem notificar imediatamente a Empresa para que a Empresa fa\u00e7a as atualiza\u00e7\u00f5es correspondentes.<\/p>\t\t\t\t\t\t\t\t<\/div>\n\t\t\t\t<div class=\"elementor-element elementor-element-e6cdfb3 elementor-widget elementor-widget-heading\" data-id=\"e6cdfb3\" data-element_type=\"widget\" data-e-type=\"widget\" data-widget_type=\"heading.default\">\n\t\t\t\t\t<h6 class=\"elementor-heading-title elementor-size-default\">9. Confidencialidade:<\/h6>\t\t\t\t<\/div>\n\t\t\t\t<div class=\"elementor-element elementor-element-c9696dd elementor-widget elementor-widget-text-editor\" data-id=\"c9696dd\" data-element_type=\"widget\" data-e-type=\"widget\" data-widget_type=\"text-editor.default\">\n\t\t\t\t\t\t\t\t\t<p style=\"text-align: justify;\">A empresa compromete-se a n\u00e3o vender, alugar ou partilhar as informa\u00e7\u00f5es pessoais dos titulares, salvo nos casos previstos nesta pol\u00edtica de tratamento de dados pessoais.<\/p>\n<p style=\"text-align: justify;\">Neste sentido, a empresa pode compartilhar as informa\u00e7\u00f5es pessoais dos titulares com terceiros, desde que tal transfer\u00eancia se destine a prestar os servi\u00e7os oferecidos pela Empresa.<\/p>\n<p style=\"text-align: justify;\">Os titulares da informa\u00e7\u00e3o autorizam expressamente a Empresa a transferir, no todo ou em parte, a responsabilidade pelo processamento das informa\u00e7\u00f5es pessoais dos usu\u00e1rios para empresas controladas, controladoras e\/ou empresas vinculadas \u00e0 Empresa e \u00e0s Condi\u00e7\u00f5es que considere relevantes.<\/p>\n<p>A empresa compromete-se a tomar as medidas necess\u00e1rias para proteger a confidencialidade acordada com os titulares da informa\u00e7\u00e3o.<\/p>\n<p style=\"text-align: justify;\">Em qualquer caso, a empresa deve garantir o tratamento adequado das informa\u00e7\u00f5es pessoais dos titulares, de acordo com as disposi\u00e7\u00f5es legais aplic\u00e1veis e esta pol\u00edtica para o tratamento de dados pessoais.<\/p>\t\t\t\t\t\t\t\t<\/div>\n\t\t\t\t<div class=\"elementor-element elementor-element-5d99ebd elementor-widget elementor-widget-heading\" data-id=\"5d99ebd\" data-element_type=\"widget\" data-e-type=\"widget\" data-widget_type=\"heading.default\">\n\t\t\t\t\t<h6 class=\"elementor-heading-title elementor-size-default\">10. Altera\u00e7\u00f5es \u00e0 pol\u00edtica de processamento de dados:<\/h6>\t\t\t\t<\/div>\n\t\t\t\t<div class=\"elementor-element elementor-element-6c5fe7c elementor-widget elementor-widget-text-editor\" data-id=\"6c5fe7c\" data-element_type=\"widget\" data-e-type=\"widget\" data-widget_type=\"text-editor.default\">\n\t\t\t\t\t\t\t\t\t<p style=\"text-align: justify;\">Esta pol\u00edtica de privacidade e TRATAMENTO DE DADOS pode ser modificada em virtude da din\u00e2mica comercial da empresa e das condi\u00e7\u00f5es comerciais e legais do ambiente da empresa. As altera\u00e7\u00f5es ser\u00e3o comunicadas aos usu\u00e1rios e visitantes por e-mail e, em nenhum caso, diminuir\u00e3o os esfor\u00e7os com base na efic\u00e1cia do processamento das informa\u00e7\u00f5es pessoais pelas quais \u00e9 respons\u00e1vel.<\/p>\t\t\t\t\t\t\t\t<\/div>\n\t\t\t\t<div class=\"elementor-element elementor-element-e5cb637 elementor-widget elementor-widget-heading\" data-id=\"e5cb637\" data-element_type=\"widget\" data-e-type=\"widget\" data-widget_type=\"heading.default\">\n\t\t\t\t\t<h6 class=\"elementor-heading-title elementor-size-default\">11. Contato para pedidos de informa\u00e7\u00e3o ou exerc\u00edcio de direitos:<\/h6>\t\t\t\t<\/div>\n\t\t\t\t<div class=\"elementor-element elementor-element-fba9e7f elementor-widget elementor-widget-text-editor\" data-id=\"fba9e7f\" data-element_type=\"widget\" data-e-type=\"widget\" data-widget_type=\"text-editor.default\">\n\t\t\t\t\t\t\t\t\t<p style=\"text-align: justify;\">O contato para solicita\u00e7\u00f5es de informa\u00e7\u00f5es ou exerc\u00edcio de direitos relacionados ao processamento de dados pessoais \u00e9 atrav\u00e9s do endere\u00e7o de e-mail info@.verano.com.br ou formul\u00e1rio de contato de nosso website.<\/p>\n<p style=\"text-align: justify;\">Os utilizadores podem exercer os seus direitos de acesso, atualiza\u00e7\u00e3o, retifica\u00e7\u00e3o, elimina\u00e7\u00e3o e outros direitos previstos nas regras aplic\u00e1veis em mat\u00e9ria de prote\u00e7\u00e3o de dados pessoais.<\/p>\n<p style=\"text-align: justify;\">Eles tamb\u00e9m podem fazer quaisquer d\u00favidas ou reclama\u00e7\u00f5es relacionadas \u00e0 prote\u00e7\u00e3o de seus dados pessoais atrav\u00e9s dos canais de contato acima mencionados.<\/p>\t\t\t\t\t\t\t\t<\/div>\n\t\t\t\t<div class=\"elementor-element elementor-element-4863920 elementor-widget elementor-widget-heading\" data-id=\"4863920\" data-element_type=\"widget\" data-e-type=\"widget\" data-widget_type=\"heading.default\">\n\t\t\t\t\t<h6 class=\"elementor-heading-title elementor-size-default\">12 - Cookies:<\/h6>\t\t\t\t<\/div>\n\t\t\t\t<div class=\"elementor-element elementor-element-f0689b1 elementor-widget elementor-widget-text-editor\" data-id=\"f0689b1\" data-element_type=\"widget\" data-e-type=\"widget\" data-widget_type=\"text-editor.default\">\n\t\t\t\t\t\t\t\t\t<p style=\"text-align: justify;\">O site da EMPRESA usa cookies para melhorar a experi\u00eancia do usu\u00e1rio e fornece informa\u00e7\u00f5es personalizadas sobre procedimentos e desenvolvimentos que possam ser do seu interesse.<\/p>\n<p style=\"text-align: justify;\">Estes cookies permitem-lhe conhecer as necessidades, gostos e prefer\u00eancias do utilizador, a fim de oferecer benef\u00edcios relevantes e \u00fateis atrav\u00e9s da plataforma.<\/p>\n<p style=\"text-align: justify;\">\u00c9 garantido que as informa\u00e7\u00f5es coletadas atrav\u00e9s de cookies ser\u00e3o usadas apenas para fins internos e n\u00e3o ser\u00e3o compartilhadas com terceiros, em conformidade com as pol\u00edticas de privacidade e processamento de dados pessoais.<\/p>\t\t\t\t\t\t\t\t<\/div>\n\t\t\t\t\t<\/div>\n\t\t\t\t<\/div>\n\t\t\t\t<\/div>\n\t\t","protected":false},"excerpt":{"rendered":"<p>Pol\u00edtica de privacidade e processamento de dados 1. Identifica\u00e7\u00e3o da pessoa respons\u00e1vel: Verano Engenharia Com. Imp. e Exp. Ltda, doravante referido como &#8220;A empresa&#8221; ou &#8220;Empresa&#8221;, com CNPJ .52.136.249\/0001-22. \u00e9 respons\u00e1vel pelo processamento de todos dados pessoais recolhidos atrav\u00e9s do site www.verano.com.br.\u00a0 Se voc\u00ea precisar entrar em contato com a empresa em rela\u00e7\u00e3o ao processamento [&hellip;]<\/p>\n","protected":false},"author":1,"featured_media":0,"parent":0,"menu_order":0,"comment_status":"closed","ping_status":"open","template":"","meta":{"_acf_changed":false,"productId":0,"courseId":0,"footnotes":""},"class_list":["post-3","page","type-page","status-publish","hentry"],"acf":[],"_links":{"self":[{"href":"https:\/\/ead.verano.com.br\/site\/wp-json\/wp\/v2\/pages\/3","targetHints":{"allow":["GET"]}}],"collection":[{"href":"https:\/\/ead.verano.com.br\/site\/wp-json\/wp\/v2\/pages"}],"about":[{"href":"https:\/\/ead.verano.com.br\/site\/wp-json\/wp\/v2\/types\/page"}],"author":[{"embeddable":true,"href":"https:\/\/ead.verano.com.br\/site\/wp-json\/wp\/v2\/users\/1"}],"replies":[{"embeddable":true,"href":"https:\/\/ead.verano.com.br\/site\/wp-json\/wp\/v2\/comments?post=3"}],"version-history":[{"count":3,"href":"https:\/\/ead.verano.com.br\/site\/wp-json\/wp\/v2\/pages\/3\/revisions"}],"predecessor-version":[{"id":2838,"href":"https:\/\/ead.verano.com.br\/site\/wp-json\/wp\/v2\/pages\/3\/revisions\/2838"}],"wp:attachment":[{"href":"https:\/\/ead.verano.com.br\/site\/wp-json\/wp\/v2\/media?parent=3"}],"curies":[{"name":"wp","href":"https:\/\/api.w.org\/{rel}","templated":true}]}}