{"id":2904,"date":"2026-02-16T14:09:07","date_gmt":"2026-02-16T17:09:07","guid":{"rendered":"https:\/\/ead.verano.com.br\/site\/?page_id=2904"},"modified":"2026-02-16T14:14:16","modified_gmt":"2026-02-16T17:14:16","slug":"historia","status":"publish","type":"page","link":"https:\/\/ead.verano.com.br\/site\/historia\/","title":{"rendered":"Hist\u00f3ria"},"content":{"rendered":"\t\t<div data-elementor-type=\"wp-page\" data-elementor-id=\"2904\" class=\"elementor elementor-2904\" data-elementor-post-type=\"page\">\n\t\t\t\t<div class=\"elementor-element elementor-element-3d5b01d4 e-flex e-con-boxed e-con e-parent\" data-id=\"3d5b01d4\" data-element_type=\"container\" data-e-type=\"container\" data-settings=\"{&quot;background_background&quot;:&quot;classic&quot;}\">\n\t\t\t\t\t<div class=\"e-con-inner\">\n\t\t\t\t\t<\/div>\n\t\t\t\t<\/div>\n\t\t<div class=\"elementor-element elementor-element-67823eb3 e-flex e-con-boxed e-con e-parent\" data-id=\"67823eb3\" data-element_type=\"container\" data-e-type=\"container\">\n\t\t\t\t\t<div class=\"e-con-inner\">\n\t\t<div class=\"elementor-element elementor-element-6af2d0ab e-con-full e-flex e-con e-child\" data-id=\"6af2d0ab\" data-element_type=\"container\" data-e-type=\"container\" data-settings=\"{&quot;background_background&quot;:&quot;classic&quot;}\">\n\t\t<div class=\"elementor-element elementor-element-42e9a308 e-con-full e-flex e-con e-child\" data-id=\"42e9a308\" data-element_type=\"container\" data-e-type=\"container\">\n\t\t\t\t<div class=\"elementor-element elementor-element-77c41a9e elementor-widget elementor-widget-heading\" data-id=\"77c41a9e\" data-element_type=\"widget\" data-e-type=\"widget\" data-widget_type=\"heading.default\">\n\t\t\t\t\t<h2 class=\"elementor-heading-title elementor-size-default\">Hist\u00f3ria<\/h2>\t\t\t\t<\/div>\n\t\t\t\t<div class=\"elementor-element elementor-element-482cafc9 elementor-widget elementor-widget-text-editor\" data-id=\"482cafc9\" data-element_type=\"widget\" data-e-type=\"widget\" data-widget_type=\"text-editor.default\">\n\t\t\t\t\t\t\t\t\t<div id=\"about\"><div class=\"grid_13\"><div class=\"text\"><p>Desde 1982,\u00a0a Verano oferece o melhor de sua expertise e de seus profissionais no suporte a todas as etapas do gerenciamento dos projetos. Nossos consultores treinam e assistem a equipes e profissionais das maiores e mais importantes corpora\u00e7\u00f5es nacionais e internacionais, com atua\u00e7\u00e3o nos diversos segmentos do mercado.<\/p><p>O suporte de alta qualidade \u00e9 fornecido atrav\u00e9s da presta\u00e7\u00e3o de servi\u00e7os nas \u00e1reas de consultoria estrat\u00e9gica, operacional e de treinamento.<\/p><p>A Verano atende a seus clientes da maneira mais abrangente, partindo do conceito, passando pelo planejamento e participando da implementa\u00e7\u00e3o das aplica\u00e7\u00f5es.<\/p><p>Nosso departamento de TI disp\u00f5e de um n\u00facleo de desenvolvimento de sistemas com profissionais capacitados e know-how nas mais variadas linhas de neg\u00f3cio, oferecendo um conjunto de produtos e servi\u00e7os do mais alto n\u00edvel, com solu\u00e7\u00f5es de integra\u00e7\u00e3o de tecnologias l\u00edderes de mercado.<\/p><\/div><\/div><\/div><div id=\"footer\" class=\"grid_16\">\u00a0<\/div>\t\t\t\t\t\t\t\t<\/div>\n\t\t\t\t<div class=\"elementor-element elementor-element-3d3ccb6 elementor-widget elementor-widget-heading\" data-id=\"3d3ccb6\" data-element_type=\"widget\" data-e-type=\"widget\" data-widget_type=\"heading.default\">\n\t\t\t\t\t<h6 class=\"elementor-heading-title elementor-size-default\">Miss\u00e3o<\/h6>\t\t\t\t<\/div>\n\t\t\t\t<div class=\"elementor-element elementor-element-04846a0 elementor-widget elementor-widget-text-editor\" data-id=\"04846a0\" data-element_type=\"widget\" data-e-type=\"widget\" data-widget_type=\"text-editor.default\">\n\t\t\t\t\t\t\t\t\t<div id=\"about\"><div class=\"grid_13\"><div class=\"text\"><p>Oferecer solu\u00e7\u00f5es para projetos e opera\u00e7\u00f5es a fim de atender \u00e0s necessidades de nossos clientes com \u00e9tica, qualidade e seguran\u00e7a, respeitando o meio ambiente e a sociedade, acrescentando valor aos colaboradores\u00a0e rentabilidade aos acionistas.<\/p><\/div><\/div><\/div>\t\t\t\t\t\t\t\t<\/div>\n\t\t\t\t<div class=\"elementor-element elementor-element-0d0fdd2 elementor-widget elementor-widget-heading\" data-id=\"0d0fdd2\" data-element_type=\"widget\" data-e-type=\"widget\" data-widget_type=\"heading.default\">\n\t\t\t\t\t<h6 class=\"elementor-heading-title elementor-size-default\">Vis\u00e3o<\/h6>\t\t\t\t<\/div>\n\t\t\t\t<div class=\"elementor-element elementor-element-e47c4fb elementor-widget elementor-widget-text-editor\" data-id=\"e47c4fb\" data-element_type=\"widget\" data-e-type=\"widget\" data-widget_type=\"text-editor.default\">\n\t\t\t\t\t\t\t\t\t<div id=\"about\"><div class=\"grid_13\"><div class=\"text\"><p>Tornar a Verano l\u00edder em seu mercado de atua\u00e7\u00e3o na Am\u00e9rica Latina.<\/p><\/div><\/div><\/div>\t\t\t\t\t\t\t\t<\/div>\n\t\t\t\t<div class=\"elementor-element elementor-element-411ea4d elementor-widget elementor-widget-heading\" data-id=\"411ea4d\" data-element_type=\"widget\" data-e-type=\"widget\" data-widget_type=\"heading.default\">\n\t\t\t\t\t<h6 class=\"elementor-heading-title elementor-size-default\">Valores<\/h6>\t\t\t\t<\/div>\n\t\t\t\t<div class=\"elementor-element elementor-element-0a73105 elementor-widget elementor-widget-text-editor\" data-id=\"0a73105\" data-element_type=\"widget\" data-e-type=\"widget\" data-widget_type=\"text-editor.default\">\n\t\t\t\t\t\t\t\t\t<div id=\"about\"><div class=\"grid_13\"><div class=\"text\"><p>Orienta\u00e7\u00e3o para o Cliente\u00a0\u2013 Entender e superar as expectativas de nossos clientes.<br \/>Compromisso com Resultados\u00a0\u2013 Atingir as metas respeitando os padr\u00f5es de prazo, custo e qualidade.<br \/>Trabalho em Equipe\u00a0\u2013 Atuar de forma integrada e cooperativa, com comunica\u00e7\u00e3o clara e transparente, visando \u00e0 conquista dos objetivos organizacionais, gerando uma cultura de estabilidade, produtividade e satisfa\u00e7\u00e3o.<br \/>Inova\u00e7\u00e3o\u00a0\u2013 Incentivar a gera\u00e7\u00e3o e a implementa\u00e7\u00e3o de novas ideias, desafiando as pr\u00e1ticas atuais e buscando a melhoria cont\u00ednua, de modo a gerar benef\u00edcios ao neg\u00f3cio e \u00e0s atividades do dia a dia.<br \/>\u00c9tica\u00a0\u2013 Agir com honestidade, integridade, transpar\u00eancia e profissionalismo em todas as nossas rela\u00e7\u00f5es e atividades, dentro e fora da empresa.<\/p><\/div><\/div><\/div>\t\t\t\t\t\t\t\t<\/div>\n\t\t\t\t<\/div>\n\t\t\t\t<\/div>\n\t\t\t\t\t<\/div>\n\t\t\t\t<\/div>\n\t\t\t\t<\/div>\n\t\t","protected":false},"excerpt":{"rendered":"<p>Hist\u00f3ria Desde 1982,\u00a0a Verano oferece o melhor de sua expertise e de seus profissionais no suporte a todas as etapas do gerenciamento dos projetos. Nossos consultores treinam e assistem a equipes e profissionais das maiores e mais importantes corpora\u00e7\u00f5es nacionais e internacionais, com atua\u00e7\u00e3o nos diversos segmentos do mercado. O suporte de alta qualidade \u00e9 [&hellip;]<\/p>\n","protected":false},"author":1,"featured_media":0,"parent":0,"menu_order":0,"comment_status":"closed","ping_status":"closed","template":"","meta":{"_acf_changed":false,"productId":0,"courseId":0,"footnotes":""},"class_list":["post-2904","page","type-page","status-publish","hentry"],"acf":[],"_links":{"self":[{"href":"https:\/\/ead.verano.com.br\/site\/wp-json\/wp\/v2\/pages\/2904","targetHints":{"allow":["GET"]}}],"collection":[{"href":"https:\/\/ead.verano.com.br\/site\/wp-json\/wp\/v2\/pages"}],"about":[{"href":"https:\/\/ead.verano.com.br\/site\/wp-json\/wp\/v2\/types\/page"}],"author":[{"embeddable":true,"href":"https:\/\/ead.verano.com.br\/site\/wp-json\/wp\/v2\/users\/1"}],"replies":[{"embeddable":true,"href":"https:\/\/ead.verano.com.br\/site\/wp-json\/wp\/v2\/comments?post=2904"}],"version-history":[{"count":7,"href":"https:\/\/ead.verano.com.br\/site\/wp-json\/wp\/v2\/pages\/2904\/revisions"}],"predecessor-version":[{"id":2918,"href":"https:\/\/ead.verano.com.br\/site\/wp-json\/wp\/v2\/pages\/2904\/revisions\/2918"}],"wp:attachment":[{"href":"https:\/\/ead.verano.com.br\/site\/wp-json\/wp\/v2\/media?parent=2904"}],"curies":[{"name":"wp","href":"https:\/\/api.w.org\/{rel}","templated":true}]}}