{"id":2869,"date":"2026-02-16T13:46:32","date_gmt":"2026-02-16T16:46:32","guid":{"rendered":"https:\/\/ead.verano.com.br\/site\/?page_id=2869"},"modified":"2026-02-16T14:01:54","modified_gmt":"2026-02-16T17:01:54","slug":"tecnologia-da-informacao","status":"publish","type":"page","link":"https:\/\/ead.verano.com.br\/site\/tecnologia-da-informacao\/","title":{"rendered":"Tecnologia da Informa\u00e7\u00e3o"},"content":{"rendered":"\t\t<div data-elementor-type=\"wp-page\" data-elementor-id=\"2869\" class=\"elementor elementor-2869\" data-elementor-post-type=\"page\">\n\t\t\t\t<div class=\"elementor-element elementor-element-3d5b01d4 e-flex e-con-boxed e-con e-parent\" data-id=\"3d5b01d4\" data-element_type=\"container\" data-e-type=\"container\" data-settings=\"{&quot;background_background&quot;:&quot;classic&quot;}\">\n\t\t\t\t\t<div class=\"e-con-inner\">\n\t\t\t\t\t<\/div>\n\t\t\t\t<\/div>\n\t\t<div class=\"elementor-element elementor-element-67823eb3 e-flex e-con-boxed e-con e-parent\" data-id=\"67823eb3\" data-element_type=\"container\" data-e-type=\"container\">\n\t\t\t\t\t<div class=\"e-con-inner\">\n\t\t<div class=\"elementor-element elementor-element-6af2d0ab e-con-full e-flex e-con e-child\" data-id=\"6af2d0ab\" data-element_type=\"container\" data-e-type=\"container\" data-settings=\"{&quot;background_background&quot;:&quot;classic&quot;}\">\n\t\t<div class=\"elementor-element elementor-element-42e9a308 e-con-full e-flex e-con e-child\" data-id=\"42e9a308\" data-element_type=\"container\" data-e-type=\"container\">\n\t\t\t\t<div class=\"elementor-element elementor-element-77c41a9e elementor-widget elementor-widget-heading\" data-id=\"77c41a9e\" data-element_type=\"widget\" data-e-type=\"widget\" data-widget_type=\"heading.default\">\n\t\t\t\t\t<h2 class=\"elementor-heading-title elementor-size-default\">Tecnologia da Informa\u00e7\u00e3o<\/h2>\t\t\t\t<\/div>\n\t\t\t\t<div class=\"elementor-element elementor-element-482cafc9 elementor-widget elementor-widget-text-editor\" data-id=\"482cafc9\" data-element_type=\"widget\" data-e-type=\"widget\" data-widget_type=\"text-editor.default\">\n\t\t\t\t\t\t\t\t\t<p style=\"text-align: justify;\">A \u00e1rea de Tecnologia da Informa\u00e7\u00e3o da\u00a0Verano\u00a0oferece um conjunto de produtos e servi\u00e7os do mais alto n\u00edvel, com solu\u00e7\u00f5es de integra\u00e7\u00e3o de tecnologias l\u00edderes de mercado.<\/p>\n\n<p style=\"text-align: justify;\">Para a linha de produtos Primavera, agregamos valor e conhecimento em cada fase do processo de aquisi\u00e7\u00e3o:<\/p>\n\n<p style=\"text-align: justify;\">\u2022 Elabora\u00e7\u00e3o de arquitetura de rede e dimensionamento de servidores;<\/p>\n\n<p style=\"text-align: justify;\">\u2022 Instala\u00e7\u00e3o e configura\u00e7\u00e3o de softwares; <\/p>\n\n<p>\u2022 Helpdesk e suporte p\u00f3s-implanta\u00e7\u00e3o;<p>\n\n<p style=\"text-align: justify;\">\u2022 Desenvolvimento de interfaces e integra\u00e7\u00f5es do Primavera com o SAP, outros ERPs de mercado, e sistemas e aplicativos internos diversos.<\/p>\n\n<p style=\"text-align: justify;\">A Verano disp\u00f5e de um n\u00facleo de desenvolvimento de sistemas com profissionais capacitados e com experi\u00eancia nas mais variadas linhas de neg\u00f3cio: engenharia, servi\u00e7os banc\u00e1rios, constru\u00e7\u00e3o, minera\u00e7\u00e3o, opera\u00e7\u00e3o cont\u00ednua, etc.<\/p>\n\n<footer class=\"elementor elementor-243 elementor-location-footer\" data-elementor-type=\"footer\" data-elementor-id=\"243\" data-elementor-post-type=\"elementor_library\"><section class=\"elementor-section elementor-top-section elementor-element elementor-element-aeb3a8a elementor-section-full_width elementor-section-height-min-height elementor-section-height-default elementor-section-items-middle\" data-id=\"aeb3a8a\" data-element_type=\"section\" data-e-type=\"section\">\n<div class=\"elementor-container elementor-column-gap-default\">\n<div class=\"elementor-column elementor-col-100 elementor-top-column elementor-element elementor-element-642a87ff\" data-id=\"642a87ff\" data-element_type=\"column\" data-e-type=\"column\"><\/div>\n<\/div>\n<\/section><\/footer>\t\t\t\t\t\t\t\t<\/div>\n\t\t\t\t<\/div>\n\t\t<div class=\"elementor-element elementor-element-de16333 e-con-full e-flex e-con e-child\" data-id=\"de16333\" data-element_type=\"container\" data-e-type=\"container\">\n\t\t\t\t<div class=\"elementor-element elementor-element-693e6f6 elementor-widget elementor-widget-image\" data-id=\"693e6f6\" data-element_type=\"widget\" data-e-type=\"widget\" data-widget_type=\"image.default\">\n\t\t\t\t\t\t\t\t\t\t\t\t\t\t\t<img fetchpriority=\"high\" decoding=\"async\" width=\"582\" height=\"157\" src=\"https:\/\/ead.verano.com.br\/site\/wp-content\/uploads\/2026\/02\/banner_tecnologia.png\" class=\"attachment-large size-large wp-image-2865\" alt=\"\" srcset=\"https:\/\/ead.verano.com.br\/site\/wp-content\/uploads\/2026\/02\/banner_tecnologia.png 582w, https:\/\/ead.verano.com.br\/site\/wp-content\/uploads\/2026\/02\/banner_tecnologia-300x81.png 300w\" sizes=\"(max-width: 582px) 100vw, 582px\" \/>\t\t\t\t\t\t\t\t\t\t\t\t\t\t\t<\/div>\n\t\t\t\t<\/div>\n\t\t\t\t<\/div>\n\t\t\t\t\t<\/div>\n\t\t\t\t<\/div>\n\t\t\t\t<\/div>\n\t\t","protected":false},"excerpt":{"rendered":"<p>Tecnologia da Informa\u00e7\u00e3o A \u00e1rea de Tecnologia da Informa\u00e7\u00e3o da\u00a0Verano\u00a0oferece um conjunto de produtos e servi\u00e7os do mais alto n\u00edvel, com solu\u00e7\u00f5es de integra\u00e7\u00e3o de tecnologias l\u00edderes de mercado. Para a linha de produtos Primavera, agregamos valor e conhecimento em cada fase do processo de aquisi\u00e7\u00e3o: \u2022 Elabora\u00e7\u00e3o de arquitetura de rede e dimensionamento de [&hellip;]<\/p>\n","protected":false},"author":1,"featured_media":0,"parent":0,"menu_order":0,"comment_status":"closed","ping_status":"closed","template":"","meta":{"_acf_changed":false,"productId":0,"courseId":0,"footnotes":""},"class_list":["post-2869","page","type-page","status-publish","hentry"],"acf":[],"_links":{"self":[{"href":"https:\/\/ead.verano.com.br\/site\/wp-json\/wp\/v2\/pages\/2869","targetHints":{"allow":["GET"]}}],"collection":[{"href":"https:\/\/ead.verano.com.br\/site\/wp-json\/wp\/v2\/pages"}],"about":[{"href":"https:\/\/ead.verano.com.br\/site\/wp-json\/wp\/v2\/types\/page"}],"author":[{"embeddable":true,"href":"https:\/\/ead.verano.com.br\/site\/wp-json\/wp\/v2\/users\/1"}],"replies":[{"embeddable":true,"href":"https:\/\/ead.verano.com.br\/site\/wp-json\/wp\/v2\/comments?post=2869"}],"version-history":[{"count":7,"href":"https:\/\/ead.verano.com.br\/site\/wp-json\/wp\/v2\/pages\/2869\/revisions"}],"predecessor-version":[{"id":2903,"href":"https:\/\/ead.verano.com.br\/site\/wp-json\/wp\/v2\/pages\/2869\/revisions\/2903"}],"wp:attachment":[{"href":"https:\/\/ead.verano.com.br\/site\/wp-json\/wp\/v2\/media?parent=2869"}],"curies":[{"name":"wp","href":"https:\/\/api.w.org\/{rel}","templated":true}]}}