{"id":2845,"date":"2026-02-16T13:26:02","date_gmt":"2026-02-16T16:26:02","guid":{"rendered":"https:\/\/ead.verano.com.br\/site\/?page_id=2845"},"modified":"2026-02-16T13:31:27","modified_gmt":"2026-02-16T16:31:27","slug":"synchro","status":"publish","type":"page","link":"https:\/\/ead.verano.com.br\/site\/synchro\/","title":{"rendered":"Synchro"},"content":{"rendered":"\t\t<div data-elementor-type=\"wp-page\" data-elementor-id=\"2845\" class=\"elementor elementor-2845\" data-elementor-post-type=\"page\">\n\t\t\t\t<div class=\"elementor-element elementor-element-3d5b01d4 e-flex e-con-boxed e-con e-parent\" data-id=\"3d5b01d4\" data-element_type=\"container\" data-e-type=\"container\" data-settings=\"{&quot;background_background&quot;:&quot;classic&quot;}\">\n\t\t\t\t\t<div class=\"e-con-inner\">\n\t\t\t\t\t<\/div>\n\t\t\t\t<\/div>\n\t\t<div class=\"elementor-element elementor-element-67823eb3 e-flex e-con-boxed e-con e-parent\" data-id=\"67823eb3\" data-element_type=\"container\" data-e-type=\"container\">\n\t\t\t\t\t<div class=\"e-con-inner\">\n\t\t<div class=\"elementor-element elementor-element-6af2d0ab e-con-full e-flex e-con e-child\" data-id=\"6af2d0ab\" data-element_type=\"container\" data-e-type=\"container\" data-settings=\"{&quot;background_background&quot;:&quot;classic&quot;}\">\n\t\t<div class=\"elementor-element elementor-element-42e9a308 e-con-full e-flex e-con e-child\" data-id=\"42e9a308\" data-element_type=\"container\" data-e-type=\"container\">\n\t\t\t\t<div class=\"elementor-element elementor-element-77c41a9e elementor-widget elementor-widget-heading\" data-id=\"77c41a9e\" data-element_type=\"widget\" data-e-type=\"widget\" data-widget_type=\"heading.default\">\n\t\t\t\t\t<h2 class=\"elementor-heading-title elementor-size-default\">Synchro<\/h2>\t\t\t\t<\/div>\n\t\t\t\t<div class=\"elementor-element elementor-element-482cafc9 elementor-widget elementor-widget-text-editor\" data-id=\"482cafc9\" data-element_type=\"widget\" data-e-type=\"widget\" data-widget_type=\"text-editor.default\">\n\t\t\t\t\t\t\t\t\t<p style=\"text-align: justify;\">Synchro \u00e9 uma ferramenta que torna vi\u00e1vel a apresenta\u00e7\u00e3o de desenhos de engenharia em 3D\/4D, atrav\u00e9s de integra\u00e7\u00e3o entre o planejamento executado no Primavera e os projetos executados em programas CAD 3D, de forma que o projeto possa ser visualizado em tempo real na sua sequ\u00eancia de execu\u00e7\u00e3o em m\u00faltiplas dimens\u00f5es.<\/p>\t\t\t\t\t\t\t\t<\/div>\n\t\t\t\t<div class=\"elementor-element elementor-element-9cf7955 elementor-widget elementor-widget-heading\" data-id=\"9cf7955\" data-element_type=\"widget\" data-e-type=\"widget\" data-widget_type=\"heading.default\">\n\t\t\t\t\t<h4 class=\"elementor-heading-title elementor-size-default\">Caracter\u00edsticas gerais:<\/h4>\t\t\t\t<\/div>\n\t\t\t\t<div class=\"elementor-element elementor-element-a043212 elementor-widget elementor-widget-text-editor\" data-id=\"a043212\" data-element_type=\"widget\" data-e-type=\"widget\" data-widget_type=\"text-editor.default\">\n\t\t\t\t\t\t\t\t\t<p>\u2022 \u00a0Gera uma pr\u00e9-visualiza\u00e7\u00e3o gr\u00e1fica em 3D\/4D do projeto de engenharia;<br \/>\u2022 \u00a0Gest\u00e3o de projetos de engenharia;<br \/>\u2022 \u00a0Mant\u00e9m todos os envolvidos informados sobre a evolu\u00e7\u00e3o do projeto;<br \/>\u2022 \u00a0Permite analisar e mitigar riscos;<br \/>\u2022 \u00a0Gerencia a cadeia de suprimentos de forma precisa e eficiente;<br \/>\u2022 \u00a0Integra dados de programas de design CAD 3D com dados de programas de gest\u00e3o de projetos como o Primavera, gerando simula\u00e7\u00f5es completas e fieis \u00e0 realidade;<br \/>\u2022 \u00a0Proporciona uma visualiza\u00e7\u00e3o completa da simula\u00e7\u00e3o da constru\u00e7\u00e3o, considerando as altera\u00e7\u00f5es feitas em dados do gerenciamento de riscos e prazos do projeto, exibindo em tempo real os efeitos que tais modifica\u00e7\u00f5es v\u00e3o acarretar na constru\u00e7\u00e3o;<br \/>\u2022 \u00a0Gerenciamento de recursos;<br \/>\u2022 \u00a0M\u00faltiplas bases para comparar o desempenho real do projeto com o desempenho previsto;<br \/>\u2022 \u00a0Monitoramento de progresso do projeto;<br \/>\u2022 \u00a0Gera simula\u00e7\u00f5es 3D\/4D de recursos materiais, equipamentos e espa\u00e7os f\u00edsicos;<br \/>\u2022 \u00a0Importa, exporta e sincroniza dados com o Primavera;<br \/>\u2022 \u00a0Importa e exporta cronogramas no formato Microsoft Office Project Standard XML;<br \/>\u2022 \u00a0Gera documenta\u00e7\u00e3o detalhada e precisa para apresenta\u00e7\u00f5es de propostas;<br \/>\u2022 \u00a0Exibe lista de tarefas e gr\u00e1ficos de Gantt, facilitando a visualiza\u00e7\u00e3o do andamento do projeto;<br \/>\u2022 \u00a0Analisa valor agregado;<br \/>\u2022 \u00a0Fornece acesso concomitante a um projeto compartilhado, permitindo uma permanente sincronia de dados que contam com um planejamento colaborativo;<\/p>\t\t\t\t\t\t\t\t<\/div>\n\t\t\t\t<div class=\"elementor-element elementor-element-c31673e elementor-widget elementor-widget-heading\" data-id=\"c31673e\" data-element_type=\"widget\" data-e-type=\"widget\" data-widget_type=\"heading.default\">\n\t\t\t\t\t<h5 class=\"elementor-heading-title elementor-size-default\">V\u00eddeos:<\/h5>\t\t\t\t<\/div>\n\t\t\t\t<\/div>\n\t\t<div class=\"elementor-element elementor-element-de16333 e-con-full e-flex e-con e-child\" data-id=\"de16333\" data-element_type=\"container\" data-e-type=\"container\">\n\t\t\t\t<div class=\"elementor-element elementor-element-693e6f6 elementor-widget elementor-widget-image\" data-id=\"693e6f6\" data-element_type=\"widget\" data-e-type=\"widget\" data-widget_type=\"image.default\">\n\t\t\t\t\t\t\t\t\t\t\t\t\t\t\t<img fetchpriority=\"high\" decoding=\"async\" width=\"582\" height=\"780\" src=\"https:\/\/ead.verano.com.br\/site\/wp-content\/uploads\/2026\/02\/synchro.png\" class=\"attachment-large size-large wp-image-2846\" alt=\"\" srcset=\"https:\/\/ead.verano.com.br\/site\/wp-content\/uploads\/2026\/02\/synchro.png 582w, https:\/\/ead.verano.com.br\/site\/wp-content\/uploads\/2026\/02\/synchro-224x300.png 224w\" sizes=\"(max-width: 582px) 100vw, 582px\" \/>\t\t\t\t\t\t\t\t\t\t\t\t\t\t\t<\/div>\n\t\t\t\t<\/div>\n\t\t\t\t<\/div>\n\t\t\t\t\t<\/div>\n\t\t\t\t<\/div>\n\t\t<div class=\"elementor-element elementor-element-6f34c39 e-flex e-con-boxed e-con e-parent\" data-id=\"6f34c39\" data-element_type=\"container\" data-e-type=\"container\">\n\t\t\t\t\t<div class=\"e-con-inner\">\n\t\t<div class=\"elementor-element elementor-element-2493689 e-con-full e-flex e-con e-child\" data-id=\"2493689\" data-element_type=\"container\" data-e-type=\"container\">\n\t\t\t\t<div class=\"elementor-element elementor-element-a745abc elementor-widget elementor-widget-video\" data-id=\"a745abc\" data-element_type=\"widget\" data-e-type=\"widget\" data-settings=\"{&quot;youtube_url&quot;:&quot;https:\\\/\\\/www.youtube.com\\\/watch?v=5UDhkjhqmy0&quot;,&quot;video_type&quot;:&quot;youtube&quot;,&quot;controls&quot;:&quot;yes&quot;}\" data-widget_type=\"video.default\">\n\t\t\t\t\t\t\t<div class=\"elementor-wrapper elementor-open-inline\">\n\t\t\t<div class=\"elementor-video\"><\/div>\t\t<\/div>\n\t\t\t\t\t\t<\/div>\n\t\t\t\t<\/div>\n\t\t<div class=\"elementor-element elementor-element-fa94824 e-con-full e-flex e-con e-child\" data-id=\"fa94824\" data-element_type=\"container\" data-e-type=\"container\">\n\t\t\t\t<div class=\"elementor-element elementor-element-ad3e5a5 elementor-widget elementor-widget-video\" data-id=\"ad3e5a5\" data-element_type=\"widget\" data-e-type=\"widget\" data-settings=\"{&quot;youtube_url&quot;:&quot;https:\\\/\\\/youtu.be\\\/SdKdO1L_POU&quot;,&quot;video_type&quot;:&quot;youtube&quot;,&quot;controls&quot;:&quot;yes&quot;}\" data-widget_type=\"video.default\">\n\t\t\t\t\t\t\t<div class=\"elementor-wrapper elementor-open-inline\">\n\t\t\t<div class=\"elementor-video\"><\/div>\t\t<\/div>\n\t\t\t\t\t\t<\/div>\n\t\t\t\t<\/div>\n\t\t<div class=\"elementor-element elementor-element-9b30706 e-con-full e-flex e-con e-child\" data-id=\"9b30706\" data-element_type=\"container\" data-e-type=\"container\">\n\t\t\t\t<div class=\"elementor-element elementor-element-2cc63e1 elementor-widget elementor-widget-video\" data-id=\"2cc63e1\" data-element_type=\"widget\" data-e-type=\"widget\" data-settings=\"{&quot;youtube_url&quot;:&quot;https:\\\/\\\/youtu.be\\\/ae0BF0d_ry4&quot;,&quot;video_type&quot;:&quot;youtube&quot;,&quot;controls&quot;:&quot;yes&quot;}\" data-widget_type=\"video.default\">\n\t\t\t\t\t\t\t<div class=\"elementor-wrapper elementor-open-inline\">\n\t\t\t<div class=\"elementor-video\"><\/div>\t\t<\/div>\n\t\t\t\t\t\t<\/div>\n\t\t\t\t<\/div>\n\t\t<div class=\"elementor-element elementor-element-25d532e e-con-full e-flex e-con e-child\" data-id=\"25d532e\" data-element_type=\"container\" data-e-type=\"container\">\n\t\t\t\t<div class=\"elementor-element elementor-element-124c01d elementor-widget elementor-widget-video\" data-id=\"124c01d\" data-element_type=\"widget\" data-e-type=\"widget\" data-settings=\"{&quot;youtube_url&quot;:&quot;https:\\\/\\\/youtu.be\\\/aNr0yEfSqHo&quot;,&quot;video_type&quot;:&quot;youtube&quot;,&quot;controls&quot;:&quot;yes&quot;}\" data-widget_type=\"video.default\">\n\t\t\t\t\t\t\t<div class=\"elementor-wrapper elementor-open-inline\">\n\t\t\t<div class=\"elementor-video\"><\/div>\t\t<\/div>\n\t\t\t\t\t\t<\/div>\n\t\t\t\t<\/div>\n\t\t<div class=\"elementor-element elementor-element-450ee68 e-con-full e-flex e-con e-child\" data-id=\"450ee68\" data-element_type=\"container\" data-e-type=\"container\">\n\t\t\t\t<div class=\"elementor-element elementor-element-1ac9a37 elementor-widget elementor-widget-video\" data-id=\"1ac9a37\" data-element_type=\"widget\" data-e-type=\"widget\" data-settings=\"{&quot;youtube_url&quot;:&quot;https:\\\/\\\/youtu.be\\\/bHgMjJmvusQ&quot;,&quot;video_type&quot;:&quot;youtube&quot;,&quot;controls&quot;:&quot;yes&quot;}\" data-widget_type=\"video.default\">\n\t\t\t\t\t\t\t<div class=\"elementor-wrapper elementor-open-inline\">\n\t\t\t<div class=\"elementor-video\"><\/div>\t\t<\/div>\n\t\t\t\t\t\t<\/div>\n\t\t\t\t<\/div>\n\t\t<div class=\"elementor-element elementor-element-e94a9f6 e-con-full e-flex e-con e-child\" data-id=\"e94a9f6\" data-element_type=\"container\" data-e-type=\"container\">\n\t\t\t\t<div class=\"elementor-element elementor-element-5880e89 elementor-widget elementor-widget-video\" data-id=\"5880e89\" data-element_type=\"widget\" data-e-type=\"widget\" data-settings=\"{&quot;youtube_url&quot;:&quot;https:\\\/\\\/youtu.be\\\/-J30Orhfy0o&quot;,&quot;video_type&quot;:&quot;youtube&quot;,&quot;controls&quot;:&quot;yes&quot;}\" data-widget_type=\"video.default\">\n\t\t\t\t\t\t\t<div class=\"elementor-wrapper elementor-open-inline\">\n\t\t\t<div class=\"elementor-video\"><\/div>\t\t<\/div>\n\t\t\t\t\t\t<\/div>\n\t\t\t\t<\/div>\n\t\t\t\t\t<\/div>\n\t\t\t\t<\/div>\n\t\t\t\t<\/div>\n\t\t","protected":false},"excerpt":{"rendered":"<p>Synchro Synchro \u00e9 uma ferramenta que torna vi\u00e1vel a apresenta\u00e7\u00e3o de desenhos de engenharia em 3D\/4D, atrav\u00e9s de integra\u00e7\u00e3o entre o planejamento executado no Primavera e os projetos executados em programas CAD 3D, de forma que o projeto possa ser visualizado em tempo real na sua sequ\u00eancia de execu\u00e7\u00e3o em m\u00faltiplas dimens\u00f5es. Caracter\u00edsticas gerais: \u2022 [&hellip;]<\/p>\n","protected":false},"author":1,"featured_media":0,"parent":0,"menu_order":0,"comment_status":"closed","ping_status":"closed","template":"","meta":{"_acf_changed":false,"productId":0,"courseId":0,"footnotes":""},"class_list":["post-2845","page","type-page","status-publish","hentry"],"acf":[],"_links":{"self":[{"href":"https:\/\/ead.verano.com.br\/site\/wp-json\/wp\/v2\/pages\/2845","targetHints":{"allow":["GET"]}}],"collection":[{"href":"https:\/\/ead.verano.com.br\/site\/wp-json\/wp\/v2\/pages"}],"about":[{"href":"https:\/\/ead.verano.com.br\/site\/wp-json\/wp\/v2\/types\/page"}],"author":[{"embeddable":true,"href":"https:\/\/ead.verano.com.br\/site\/wp-json\/wp\/v2\/users\/1"}],"replies":[{"embeddable":true,"href":"https:\/\/ead.verano.com.br\/site\/wp-json\/wp\/v2\/comments?post=2845"}],"version-history":[{"count":7,"href":"https:\/\/ead.verano.com.br\/site\/wp-json\/wp\/v2\/pages\/2845\/revisions"}],"predecessor-version":[{"id":2853,"href":"https:\/\/ead.verano.com.br\/site\/wp-json\/wp\/v2\/pages\/2845\/revisions\/2853"}],"wp:attachment":[{"href":"https:\/\/ead.verano.com.br\/site\/wp-json\/wp\/v2\/media?parent=2845"}],"curies":[{"name":"wp","href":"https:\/\/api.w.org\/{rel}","templated":true}]}}