{"id":2821,"date":"2026-02-16T09:21:52","date_gmt":"2026-02-16T12:21:52","guid":{"rendered":"https:\/\/ead.verano.com.br\/site\/?page_id=2821"},"modified":"2026-02-16T09:32:08","modified_gmt":"2026-02-16T12:32:08","slug":"primavera-unifier","status":"publish","type":"page","link":"https:\/\/ead.verano.com.br\/site\/primavera-unifier\/","title":{"rendered":"Primavera Unifier"},"content":{"rendered":"\t\t<div data-elementor-type=\"wp-page\" data-elementor-id=\"2821\" class=\"elementor elementor-2821\" data-elementor-post-type=\"page\">\n\t\t\t\t<div class=\"elementor-element elementor-element-3d5b01d4 e-flex e-con-boxed e-con e-parent\" data-id=\"3d5b01d4\" data-element_type=\"container\" data-e-type=\"container\" data-settings=\"{&quot;background_background&quot;:&quot;classic&quot;}\">\n\t\t\t\t\t<div class=\"e-con-inner\">\n\t\t\t\t\t<\/div>\n\t\t\t\t<\/div>\n\t\t<div class=\"elementor-element elementor-element-67823eb3 e-flex e-con-boxed e-con e-parent\" data-id=\"67823eb3\" data-element_type=\"container\" data-e-type=\"container\">\n\t\t\t\t\t<div class=\"e-con-inner\">\n\t\t<div class=\"elementor-element elementor-element-6af2d0ab e-con-full e-flex e-con e-child\" data-id=\"6af2d0ab\" data-element_type=\"container\" data-e-type=\"container\" data-settings=\"{&quot;background_background&quot;:&quot;classic&quot;}\">\n\t\t<div class=\"elementor-element elementor-element-42e9a308 e-con-full e-flex e-con e-child\" data-id=\"42e9a308\" data-element_type=\"container\" data-e-type=\"container\">\n\t\t\t\t<div class=\"elementor-element elementor-element-77c41a9e elementor-widget elementor-widget-heading\" data-id=\"77c41a9e\" data-element_type=\"widget\" data-e-type=\"widget\" data-widget_type=\"heading.default\">\n\t\t\t\t\t<h2 class=\"elementor-heading-title elementor-size-default\">Primavera Unifier<\/h2>\t\t\t\t<\/div>\n\t\t\t\t<div class=\"elementor-element elementor-element-482cafc9 elementor-widget elementor-widget-text-editor\" data-id=\"482cafc9\" data-element_type=\"widget\" data-e-type=\"widget\" data-widget_type=\"text-editor.default\">\n\t\t\t\t\t\t\t\t\t<p>O\u00a0<strong>Primavera Unifier<\/strong>\u00a0fornece solu\u00e7\u00f5es para projetos de capital e gest\u00e3o de portfolios, gest\u00e3o de instala\u00e7\u00f5es e gest\u00e3o imobili\u00e1ria. Obtenha governan\u00e7a em todas as fases do projeto, desde o planejamento e constru\u00e7\u00e3o a manuten\u00e7\u00e3o. Sua plataforma baseada na web otimiza e integra processos cr\u00edticos de neg\u00f3cios, dados e documentos de toda a organiza\u00e7\u00e3o.<\/p><p>A interface de usu\u00e1rio \u00e9 intuitiva e pode ser adaptada para o seu segmento. Se voc\u00ea est\u00e1 empregando modelos pr\u00e9-constru\u00eddos ou construindo novas configura\u00e7\u00f5es, Primavera Unifier oferece a melhor combina\u00e7\u00e3o de facilidade de uso e flexibilidade, n\u00e3o importa o tamanho de sua implanta\u00e7\u00e3o.<\/p>\t\t\t\t\t\t\t\t<\/div>\n\t\t\t\t<div class=\"elementor-element elementor-element-9cf7955 elementor-widget elementor-widget-heading\" data-id=\"9cf7955\" data-element_type=\"widget\" data-e-type=\"widget\" data-widget_type=\"heading.default\">\n\t\t\t\t\t<h4 class=\"elementor-heading-title elementor-size-default\">Benef\u00edcios<\/h4>\t\t\t\t<\/div>\n\t\t\t\t<div class=\"elementor-element elementor-element-a043212 elementor-widget elementor-widget-text-editor\" data-id=\"a043212\" data-element_type=\"widget\" data-e-type=\"widget\" data-widget_type=\"text-editor.default\">\n\t\t\t\t\t\t\t\t\t<p>\u2022 Capacidade para controle de custos e entrega de projeto e de gest\u00e3o;<\/p><p>\u2022 \u00a0Visibilidade em tempo real atrav\u00e9s de projetos para fazer decis\u00f5es r\u00e1pidas e precisas;<\/p><p>\u2022 \u00a0F\u00e1cil monitoramento, visualiza\u00e7\u00e3o e ajuste de planos com base em previs\u00f5es financeiras;<\/p><p>\u2022 \u00a0Hierarquias multi-n\u00edvel para modelar programas, portfolios, instala\u00e7\u00f5es e ativos;<\/p><p>\u2022 \u00a0Colabora\u00e7\u00e3o amig\u00e1vel e completamente integrada ao usu\u00e1rio;<\/p><p>\u2022 \u00a0F\u00e1cil de instalar e usar.<\/p>\t\t\t\t\t\t\t\t<\/div>\n\t\t\t\t<div class=\"elementor-element elementor-element-c31673e elementor-widget elementor-widget-heading\" data-id=\"c31673e\" data-element_type=\"widget\" data-e-type=\"widget\" data-widget_type=\"heading.default\">\n\t\t\t\t\t<h5 class=\"elementor-heading-title elementor-size-default\">Os produtos da fam\u00edlia Primavera Unifier incluem:<\/h5>\t\t\t\t<\/div>\n\t\t\t\t<div class=\"elementor-element elementor-element-eb9fafb elementor-widget elementor-widget-text-editor\" data-id=\"eb9fafb\" data-element_type=\"widget\" data-e-type=\"widget\" data-widget_type=\"text-editor.default\">\n\t\t\t\t\t\t\t\t\t<p>\u2022 \u00a0Primavera Capital Planning<\/p><p>\u2022 \u00a0Primavera Cost Controls<\/p><p>\u2022 \u00a0Primavera Facility Management<\/p><p>\u2022 \u00a0Primavera Project Delivery Management<\/p><p>\u2022 \u00a0Primavera Real Estate Management<\/p>\t\t\t\t\t\t\t\t<\/div>\n\t\t\t\t<\/div>\n\t\t<div class=\"elementor-element elementor-element-de16333 e-con-full e-flex e-con e-child\" data-id=\"de16333\" data-element_type=\"container\" data-e-type=\"container\">\n\t\t\t\t<div class=\"elementor-element elementor-element-693e6f6 elementor-widget elementor-widget-image\" data-id=\"693e6f6\" data-element_type=\"widget\" data-e-type=\"widget\" data-widget_type=\"image.default\">\n\t\t\t\t\t\t\t\t\t\t\t\t\t\t\t<img fetchpriority=\"high\" decoding=\"async\" width=\"582\" height=\"901\" src=\"https:\/\/ead.verano.com.br\/site\/wp-content\/uploads\/2026\/02\/Unifier.png\" class=\"attachment-large size-large wp-image-2823\" alt=\"\" srcset=\"https:\/\/ead.verano.com.br\/site\/wp-content\/uploads\/2026\/02\/Unifier.png 582w, https:\/\/ead.verano.com.br\/site\/wp-content\/uploads\/2026\/02\/Unifier-194x300.png 194w\" sizes=\"(max-width: 582px) 100vw, 582px\" \/>\t\t\t\t\t\t\t\t\t\t\t\t\t\t\t<\/div>\n\t\t\t\t<\/div>\n\t\t\t\t<\/div>\n\t\t\t\t\t<\/div>\n\t\t\t\t<\/div>\n\t\t\t\t<\/div>\n\t\t","protected":false},"excerpt":{"rendered":"<p>Primavera Unifier O\u00a0Primavera Unifier\u00a0fornece solu\u00e7\u00f5es para projetos de capital e gest\u00e3o de portfolios, gest\u00e3o de instala\u00e7\u00f5es e gest\u00e3o imobili\u00e1ria. Obtenha governan\u00e7a em todas as fases do projeto, desde o planejamento e constru\u00e7\u00e3o a manuten\u00e7\u00e3o. Sua plataforma baseada na web otimiza e integra processos cr\u00edticos de neg\u00f3cios, dados e documentos de toda a organiza\u00e7\u00e3o. A interface [&hellip;]<\/p>\n","protected":false},"author":1,"featured_media":0,"parent":0,"menu_order":0,"comment_status":"closed","ping_status":"closed","template":"","meta":{"_acf_changed":false,"productId":0,"courseId":0,"footnotes":""},"class_list":["post-2821","page","type-page","status-publish","hentry"],"acf":[],"_links":{"self":[{"href":"https:\/\/ead.verano.com.br\/site\/wp-json\/wp\/v2\/pages\/2821","targetHints":{"allow":["GET"]}}],"collection":[{"href":"https:\/\/ead.verano.com.br\/site\/wp-json\/wp\/v2\/pages"}],"about":[{"href":"https:\/\/ead.verano.com.br\/site\/wp-json\/wp\/v2\/types\/page"}],"author":[{"embeddable":true,"href":"https:\/\/ead.verano.com.br\/site\/wp-json\/wp\/v2\/users\/1"}],"replies":[{"embeddable":true,"href":"https:\/\/ead.verano.com.br\/site\/wp-json\/wp\/v2\/comments?post=2821"}],"version-history":[{"count":4,"href":"https:\/\/ead.verano.com.br\/site\/wp-json\/wp\/v2\/pages\/2821\/revisions"}],"predecessor-version":[{"id":2826,"href":"https:\/\/ead.verano.com.br\/site\/wp-json\/wp\/v2\/pages\/2821\/revisions\/2826"}],"wp:attachment":[{"href":"https:\/\/ead.verano.com.br\/site\/wp-json\/wp\/v2\/media?parent=2821"}],"curies":[{"name":"wp","href":"https:\/\/api.w.org\/{rel}","templated":true}]}}