{"id":2803,"date":"2026-02-14T22:24:56","date_gmt":"2026-02-15T01:24:56","guid":{"rendered":"https:\/\/ead.verano.com.br\/site\/?page_id=2803"},"modified":"2026-02-14T22:25:36","modified_gmt":"2026-02-15T01:25:36","slug":"verano-cloud-primavera-enterprise","status":"publish","type":"page","link":"https:\/\/ead.verano.com.br\/site\/verano-cloud-hosting\/verano-cloud-primavera-enterprise\/","title":{"rendered":"Verano Cloud Primavera Enterprise"},"content":{"rendered":"\t\t<div data-elementor-type=\"wp-page\" data-elementor-id=\"2803\" class=\"elementor elementor-2803\" data-elementor-post-type=\"page\">\n\t\t\t\t<div class=\"elementor-element elementor-element-3d5b01d4 e-flex e-con-boxed e-con e-parent\" data-id=\"3d5b01d4\" data-element_type=\"container\" data-e-type=\"container\" data-settings=\"{&quot;background_background&quot;:&quot;classic&quot;}\">\n\t\t\t\t\t<div class=\"e-con-inner\">\n\t\t\t\t\t<\/div>\n\t\t\t\t<\/div>\n\t\t<div class=\"elementor-element elementor-element-67823eb3 e-flex e-con-boxed e-con e-parent\" data-id=\"67823eb3\" data-element_type=\"container\" data-e-type=\"container\">\n\t\t\t\t\t<div class=\"e-con-inner\">\n\t\t<div class=\"elementor-element elementor-element-6af2d0ab e-con-full e-flex e-con e-child\" data-id=\"6af2d0ab\" data-element_type=\"container\" data-e-type=\"container\" data-settings=\"{&quot;background_background&quot;:&quot;classic&quot;}\">\n\t\t<div class=\"elementor-element elementor-element-42e9a308 e-con-full e-flex e-con e-child\" data-id=\"42e9a308\" data-element_type=\"container\" data-e-type=\"container\">\n\t\t\t\t<div class=\"elementor-element elementor-element-77c41a9e elementor-widget elementor-widget-heading\" data-id=\"77c41a9e\" data-element_type=\"widget\" data-e-type=\"widget\" data-widget_type=\"heading.default\">\n\t\t\t\t\t<h2 class=\"elementor-heading-title elementor-size-default\">Verano Cloud Primavera Enterprise<\/h2>\t\t\t\t<\/div>\n\t\t\t\t<div class=\"elementor-element elementor-element-482cafc9 elementor-widget elementor-widget-text-editor\" data-id=\"482cafc9\" data-element_type=\"widget\" data-e-type=\"widget\" data-widget_type=\"text-editor.default\">\n\t\t\t\t\t\t\t\t\t<p>O Oracle Primavera Enterprise cliente\/servidor e Web utilizando a tecnologia Verano Cloud em hosting.<\/p><p>\u2022 \u00a0Todas as melhorias do Oracle Primavera Professional cliente\/servidor<\/p><p>\u2022 \u00a0Acesso r\u00e1pido a administra\u00e7\u00e3o via web.<\/p><p>\u2022 \u00a0Acesso ao Team Member online e off-line.<\/p>\t\t\t\t\t\t\t\t<\/div>\n\t\t\t\t<\/div>\n\t\t<div class=\"elementor-element elementor-element-de16333 e-con-full e-flex e-con e-child\" data-id=\"de16333\" data-element_type=\"container\" data-e-type=\"container\">\n\t\t\t\t<div class=\"elementor-element elementor-element-693e6f6 elementor-widget elementor-widget-image\" data-id=\"693e6f6\" data-element_type=\"widget\" data-e-type=\"widget\" data-widget_type=\"image.default\">\n\t\t\t\t\t\t\t\t\t\t\t\t\t\t\t<img fetchpriority=\"high\" decoding=\"async\" width=\"582\" height=\"371\" src=\"https:\/\/ead.verano.com.br\/site\/wp-content\/uploads\/2026\/02\/Verano_cloud_enterprise-1.png\" class=\"attachment-large size-large wp-image-2805\" alt=\"\" srcset=\"https:\/\/ead.verano.com.br\/site\/wp-content\/uploads\/2026\/02\/Verano_cloud_enterprise-1.png 582w, https:\/\/ead.verano.com.br\/site\/wp-content\/uploads\/2026\/02\/Verano_cloud_enterprise-1-300x191.png 300w\" sizes=\"(max-width: 582px) 100vw, 582px\" \/>\t\t\t\t\t\t\t\t\t\t\t\t\t\t\t<\/div>\n\t\t\t\t<\/div>\n\t\t\t\t<\/div>\n\t\t\t\t\t<\/div>\n\t\t\t\t<\/div>\n\t\t\t\t<\/div>\n\t\t","protected":false},"excerpt":{"rendered":"<p>Verano Cloud Primavera Enterprise O Oracle Primavera Enterprise cliente\/servidor e Web utilizando a tecnologia Verano Cloud em hosting. \u2022 \u00a0Todas as melhorias do Oracle Primavera Professional cliente\/servidor \u2022 \u00a0Acesso r\u00e1pido a administra\u00e7\u00e3o via web. \u2022 \u00a0Acesso ao Team Member online e off-line.<\/p>\n","protected":false},"author":1,"featured_media":0,"parent":2741,"menu_order":0,"comment_status":"closed","ping_status":"closed","template":"","meta":{"_acf_changed":false,"productId":0,"courseId":0,"footnotes":""},"class_list":["post-2803","page","type-page","status-publish","hentry"],"acf":[],"_links":{"self":[{"href":"https:\/\/ead.verano.com.br\/site\/wp-json\/wp\/v2\/pages\/2803","targetHints":{"allow":["GET"]}}],"collection":[{"href":"https:\/\/ead.verano.com.br\/site\/wp-json\/wp\/v2\/pages"}],"about":[{"href":"https:\/\/ead.verano.com.br\/site\/wp-json\/wp\/v2\/types\/page"}],"author":[{"embeddable":true,"href":"https:\/\/ead.verano.com.br\/site\/wp-json\/wp\/v2\/users\/1"}],"replies":[{"embeddable":true,"href":"https:\/\/ead.verano.com.br\/site\/wp-json\/wp\/v2\/comments?post=2803"}],"version-history":[{"count":4,"href":"https:\/\/ead.verano.com.br\/site\/wp-json\/wp\/v2\/pages\/2803\/revisions"}],"predecessor-version":[{"id":2808,"href":"https:\/\/ead.verano.com.br\/site\/wp-json\/wp\/v2\/pages\/2803\/revisions\/2808"}],"up":[{"embeddable":true,"href":"https:\/\/ead.verano.com.br\/site\/wp-json\/wp\/v2\/pages\/2741"}],"wp:attachment":[{"href":"https:\/\/ead.verano.com.br\/site\/wp-json\/wp\/v2\/media?parent=2803"}],"curies":[{"name":"wp","href":"https:\/\/api.w.org\/{rel}","templated":true}]}}