{"id":2741,"date":"2026-02-14T21:39:27","date_gmt":"2026-02-15T00:39:27","guid":{"rendered":"https:\/\/ead.verano.com.br\/site\/?page_id=2741"},"modified":"2026-02-14T22:01:38","modified_gmt":"2026-02-15T01:01:38","slug":"verano-cloud-hosting","status":"publish","type":"page","link":"https:\/\/ead.verano.com.br\/site\/verano-cloud-hosting\/","title":{"rendered":"Verano Cloud Hosting"},"content":{"rendered":"\t\t<div data-elementor-type=\"wp-page\" data-elementor-id=\"2741\" class=\"elementor elementor-2741\" data-elementor-post-type=\"page\">\n\t\t\t\t<div class=\"elementor-element elementor-element-3d5b01d4 e-flex e-con-boxed e-con e-parent\" data-id=\"3d5b01d4\" data-element_type=\"container\" data-e-type=\"container\" data-settings=\"{&quot;background_background&quot;:&quot;classic&quot;}\">\n\t\t\t\t\t<div class=\"e-con-inner\">\n\t\t\t\t\t<\/div>\n\t\t\t\t<\/div>\n\t\t<div class=\"elementor-element elementor-element-67823eb3 e-flex e-con-boxed e-con e-parent\" data-id=\"67823eb3\" data-element_type=\"container\" data-e-type=\"container\">\n\t\t\t\t\t<div class=\"e-con-inner\">\n\t\t<div class=\"elementor-element elementor-element-6af2d0ab e-con-full e-flex e-con e-child\" data-id=\"6af2d0ab\" data-element_type=\"container\" data-e-type=\"container\" data-settings=\"{&quot;background_background&quot;:&quot;classic&quot;}\">\n\t\t<div class=\"elementor-element elementor-element-42e9a308 e-con-full e-flex e-con e-child\" data-id=\"42e9a308\" data-element_type=\"container\" data-e-type=\"container\">\n\t\t\t\t<div class=\"elementor-element elementor-element-77c41a9e elementor-widget elementor-widget-heading\" data-id=\"77c41a9e\" data-element_type=\"widget\" data-e-type=\"widget\" data-widget_type=\"heading.default\">\n\t\t\t\t\t<h2 class=\"elementor-heading-title elementor-size-default\">Verano Cloud Hosting<\/h2>\t\t\t\t<\/div>\n\t\t\t\t<div class=\"elementor-element elementor-element-482cafc9 elementor-widget elementor-widget-text-editor\" data-id=\"482cafc9\" data-element_type=\"widget\" data-e-type=\"widget\" data-widget_type=\"text-editor.default\">\n\t\t\t\t\t\t\t\t\t<table border=\"0\" cellspacing=\"1\" cellpadding=\"1\"><tbody><tr><td><p>Acesse o Verano Hosting e fa\u00e7a toda a gest\u00e3o de seus projetos diretamente pela internet, a qualquer hora, de onde estiver via browser, incluindo dispositivos m\u00f3veis. E, o mais importante: com redu\u00e7\u00e3o nos seus custos de TI.<\/p><p>O Verano Hosting apresenta muitos benef\u00edcios para a sua empresa:<\/p><p><strong>Redu\u00e7\u00e3o dos custos com TI:<\/strong>\u00a0em hosting, voc\u00ea n\u00e3o precisa mais se preocupar com grandes gastos em equipamentos, programas, upgrades, manuten\u00e7\u00e3o e administra\u00e7\u00e3o de servidores.<\/p><p><strong>F\u00e1cil migra\u00e7\u00e3o:\u00a0<\/strong>a Verano cuida de tudo para voc\u00ea.<\/p><\/td><td><img decoding=\"async\" src=\"http:\/\/www.verano.com.br\/media\/BAhbB1sHOgZmSSIdNTc3NThjMDFhNDJjYjcwODI2MDAwMDA1BjoGRUZbCDoGcDoKdGh1bWJJIgk1ODJ4BjsGRg\/Verano_cloud_logo.png\" alt=\"\" \/><\/td><\/tr><\/tbody><\/table><p><strong>Acesso f\u00e1cil de onde voc\u00ea estiver:<\/strong>\u00a0voc\u00ea acessa as solu\u00e7\u00f5es Verano Hosting de qualquer computador via navegador, sem necessidade de alto investimento em telecom.<\/p><p><strong>Alta performance:<\/strong>\u00a0o Verano Hosting usa a AWS, servi\u00e7o de computa\u00e7\u00e3o em nuvem da Amazon. Isso significa m\u00e1ximo desempenho e atualiza\u00e7\u00e3o constante de tecnologia.<\/p><p><strong>Seguran\u00e7a:<\/strong>\u00a0o seu ambiente \u00e9 monitorado na nuvem com prote\u00e7\u00e3o contra invasores.<\/p><p><strong>Foque no seu neg\u00f3cio:\u00a0<\/strong>voc\u00ea n\u00e3o precisa mais se preocupar com backups, licenciamentos e infraestrutura.<\/p>\t\t\t\t\t\t\t\t<\/div>\n\t\t\t\t<\/div>\n\t\t<div class=\"elementor-element elementor-element-de16333 e-con-full e-flex e-con e-child\" data-id=\"de16333\" data-element_type=\"container\" data-e-type=\"container\">\n\t\t\t\t<div class=\"elementor-element elementor-element-693e6f6 elementor-widget elementor-widget-image\" data-id=\"693e6f6\" data-element_type=\"widget\" data-e-type=\"widget\" data-widget_type=\"image.default\">\n\t\t\t\t\t\t\t\t\t\t\t\t\t\t\t<img fetchpriority=\"high\" decoding=\"async\" width=\"582\" height=\"347\" src=\"https:\/\/ead.verano.com.br\/site\/wp-content\/uploads\/2026\/02\/Verano_cloud_logo.png\" class=\"attachment-large size-large wp-image-2743\" alt=\"\" srcset=\"https:\/\/ead.verano.com.br\/site\/wp-content\/uploads\/2026\/02\/Verano_cloud_logo.png 582w, https:\/\/ead.verano.com.br\/site\/wp-content\/uploads\/2026\/02\/Verano_cloud_logo-300x179.png 300w\" sizes=\"(max-width: 582px) 100vw, 582px\" \/>\t\t\t\t\t\t\t\t\t\t\t\t\t\t\t<\/div>\n\t\t\t\t<\/div>\n\t\t\t\t<\/div>\n\t\t<div class=\"elementor-element elementor-element-4c99749 e-con-full e-flex e-con e-child\" data-id=\"4c99749\" data-element_type=\"container\" data-e-type=\"container\" data-settings=\"{&quot;background_background&quot;:&quot;classic&quot;}\">\n\t\t<div class=\"elementor-element elementor-element-3dae427 e-con-full e-flex e-con e-child\" data-id=\"3dae427\" data-element_type=\"container\" data-e-type=\"container\">\n\t\t\t\t<div class=\"elementor-element elementor-element-4f8c384 elementor-widget elementor-widget-heading\" data-id=\"4f8c384\" data-element_type=\"widget\" data-e-type=\"widget\" data-widget_type=\"heading.default\">\n\t\t\t\t\t<h2 class=\"elementor-heading-title elementor-size-default\">Onde suas solu\u00e7\u00f5es estar\u00e3o hospedadas?<\/h2>\t\t\t\t<\/div>\n\t\t\t\t<div class=\"elementor-element elementor-element-58a048b elementor-widget elementor-widget-text-editor\" data-id=\"58a048b\" data-element_type=\"widget\" data-e-type=\"widget\" data-widget_type=\"text-editor.default\">\n\t\t\t\t\t\t\t\t\t<p style=\"text-align: center;\">A Verano contratou a Sky.One, empresa pioneira no mercado de transforma\u00e7\u00e3o de aplica\u00e7\u00f5es, migrando softwares tradicionais para a tecnologia em nuvem, e com a Amazon Web Services para oferecer uma plataforma de infraestrutura na nuvem altamente confi\u00e1vel, escal\u00e1vel e que potencializa centenas de milhares de empresas em 190 pa\u00edses ao redor do mundo.<\/p>\t\t\t\t\t\t\t\t<\/div>\n\t\t\t\t<div class=\"elementor-element elementor-element-c3cf7cc elementor-widget elementor-widget-image\" data-id=\"c3cf7cc\" data-element_type=\"widget\" data-e-type=\"widget\" data-widget_type=\"image.default\">\n\t\t\t\t\t\t\t\t\t\t\t\t\t\t\t<img decoding=\"async\" width=\"582\" height=\"305\" src=\"https:\/\/ead.verano.com.br\/site\/wp-content\/uploads\/2026\/02\/cloud.jpg\" class=\"attachment-large size-large wp-image-2744\" alt=\"\" srcset=\"https:\/\/ead.verano.com.br\/site\/wp-content\/uploads\/2026\/02\/cloud.jpg 582w, https:\/\/ead.verano.com.br\/site\/wp-content\/uploads\/2026\/02\/cloud-300x157.jpg 300w\" sizes=\"(max-width: 582px) 100vw, 582px\" \/>\t\t\t\t\t\t\t\t\t\t\t\t\t\t\t<\/div>\n\t\t\t\t<div class=\"elementor-element elementor-element-4b73e27 elementor-widget elementor-widget-text-editor\" data-id=\"4b73e27\" data-element_type=\"widget\" data-e-type=\"widget\" data-widget_type=\"text-editor.default\">\n\t\t\t\t\t\t\t\t\t<p>Mais detalhes e benef\u00edcios:<\/p><p>\u2022 \u00a0N\u00e3o exige investimento inicial em licen\u00e7as e hardware (custo capital);<\/p><p>\u2022 \u00a0Elimina os custos recorrentes de suportar uma aplica\u00e7\u00e3o internamente: atualiza\u00e7\u00e3o de hardware e da aplica\u00e7\u00e3o, administra\u00e7\u00e3o de seguran\u00e7a, back-up de dados, redund\u00e2ncias de infraestrutura e suporte interno;<\/p><p>\u2022 \u00a0Diminui\u00e7\u00e3o do TCO (Custo Total de Propriedade);<\/p><p>\u2022 \u00a0Crescimento e escalabilidade conforme demanda;<\/p><p>\u2022 \u00a0R\u00e1pida implanta\u00e7\u00e3o e facilidade de atualiza\u00e7\u00e3o (updates) da aplica\u00e7\u00e3o.<\/p><p>\u2022 \u00a0Diminui\u00e7\u00e3o de riscos de falha sobre o projeto;<\/p><p>\u2022 \u00a0Possibilidade de previs\u00e3o dos custos com infraestrutura;<\/p><p>\u2022 \u00a0O departamento de tecnologia da informa\u00e7\u00e3o (TI) pode concentrar-se em projetos mais estrat\u00e9gicos;<\/p><p>\u2022 \u00a0Foco no neg\u00f3cio da empresa;<\/p><p>\u2022 \u00a0Acesso a plataforma Verano Cloud em qualquer hor\u00e1rio e a partir de qualquer ponto de acesso \u00e0 Internet;<\/p><p>\u2022 \u00a0Ambiente de alta disponibilidade &#8211; sistemas atualizados, otimizados e seguros;<\/p>\t\t\t\t\t\t\t\t<\/div>\n\t\t\t\t<\/div>\n\t\t\t\t<\/div>\n\t\t\t\t\t<\/div>\n\t\t\t\t<\/div>\n\t\t\t\t<\/div>\n\t\t","protected":false},"excerpt":{"rendered":"<p>Verano Cloud Hosting Acesse o Verano Hosting e fa\u00e7a toda a gest\u00e3o de seus projetos diretamente pela internet, a qualquer hora, de onde estiver via browser, incluindo dispositivos m\u00f3veis. E, o mais importante: com redu\u00e7\u00e3o nos seus custos de TI. O Verano Hosting apresenta muitos benef\u00edcios para a sua empresa: Redu\u00e7\u00e3o dos custos com TI:\u00a0em [&hellip;]<\/p>\n","protected":false},"author":1,"featured_media":0,"parent":0,"menu_order":0,"comment_status":"closed","ping_status":"closed","template":"","meta":{"_acf_changed":false,"productId":0,"courseId":0,"footnotes":""},"class_list":["post-2741","page","type-page","status-publish","hentry"],"acf":[],"_links":{"self":[{"href":"https:\/\/ead.verano.com.br\/site\/wp-json\/wp\/v2\/pages\/2741","targetHints":{"allow":["GET"]}}],"collection":[{"href":"https:\/\/ead.verano.com.br\/site\/wp-json\/wp\/v2\/pages"}],"about":[{"href":"https:\/\/ead.verano.com.br\/site\/wp-json\/wp\/v2\/types\/page"}],"author":[{"embeddable":true,"href":"https:\/\/ead.verano.com.br\/site\/wp-json\/wp\/v2\/users\/1"}],"replies":[{"embeddable":true,"href":"https:\/\/ead.verano.com.br\/site\/wp-json\/wp\/v2\/comments?post=2741"}],"version-history":[{"count":13,"href":"https:\/\/ead.verano.com.br\/site\/wp-json\/wp\/v2\/pages\/2741\/revisions"}],"predecessor-version":[{"id":2764,"href":"https:\/\/ead.verano.com.br\/site\/wp-json\/wp\/v2\/pages\/2741\/revisions\/2764"}],"wp:attachment":[{"href":"https:\/\/ead.verano.com.br\/site\/wp-json\/wp\/v2\/media?parent=2741"}],"curies":[{"name":"wp","href":"https:\/\/api.w.org\/{rel}","templated":true}]}}