{"id":2723,"date":"2026-02-14T16:59:25","date_gmt":"2026-02-14T19:59:25","guid":{"rendered":"https:\/\/ead.verano.com.br\/site\/?page_id=2723"},"modified":"2026-02-14T17:00:26","modified_gmt":"2026-02-14T20:00:26","slug":"oracle-primavera","status":"publish","type":"page","link":"https:\/\/ead.verano.com.br\/site\/oracle-primavera\/","title":{"rendered":"Oracle Primavera"},"content":{"rendered":"\t\t<div data-elementor-type=\"wp-page\" data-elementor-id=\"2723\" class=\"elementor elementor-2723\" data-elementor-post-type=\"page\">\n\t\t\t\t<div class=\"elementor-element elementor-element-3d5b01d4 e-flex e-con-boxed e-con e-parent\" data-id=\"3d5b01d4\" data-element_type=\"container\" data-e-type=\"container\" data-settings=\"{&quot;background_background&quot;:&quot;classic&quot;}\">\n\t\t\t\t\t<div class=\"e-con-inner\">\n\t\t\t\t\t<\/div>\n\t\t\t\t<\/div>\n\t\t<div class=\"elementor-element elementor-element-67823eb3 e-flex e-con-boxed e-con e-parent\" data-id=\"67823eb3\" data-element_type=\"container\" data-e-type=\"container\">\n\t\t\t\t\t<div class=\"e-con-inner\">\n\t\t<div class=\"elementor-element elementor-element-6af2d0ab e-con-full e-flex e-con e-child\" data-id=\"6af2d0ab\" data-element_type=\"container\" data-e-type=\"container\" data-settings=\"{&quot;background_background&quot;:&quot;classic&quot;}\">\n\t\t<div class=\"elementor-element elementor-element-42e9a308 e-con-full e-flex e-con e-child\" data-id=\"42e9a308\" data-element_type=\"container\" data-e-type=\"container\">\n\t\t\t\t<div class=\"elementor-element elementor-element-77c41a9e elementor-widget elementor-widget-heading\" data-id=\"77c41a9e\" data-element_type=\"widget\" data-e-type=\"widget\" data-widget_type=\"heading.default\">\n\t\t\t\t\t<h2 class=\"elementor-heading-title elementor-size-default\">Oracle Primavera<\/h2>\t\t\t\t<\/div>\n\t\t\t\t<div class=\"elementor-element elementor-element-482cafc9 elementor-widget elementor-widget-text-editor\" data-id=\"482cafc9\" data-element_type=\"widget\" data-e-type=\"widget\" data-widget_type=\"text-editor.default\">\n\t\t\t\t\t\t\t\t\t<p>A Oracle Primavera concentra-se exclusivamente em ajudar as empresas que trabalham com muitos projetos a gerenciar todo o ciclo de vida do portf\u00f3lio de projetos, independentemente do tamanho do projeto. Estima-se que projetos com valor acima de US$ 6 trilh\u00f5es tenham sido gerenciados com produtos Primavera.<\/p><p>As empresas utilizam as solu\u00e7\u00f5es de gerenciamento de portf\u00f3lio de projetos do Primavera para ajud\u00e1-las a tomar decis\u00f5es mais adequadas a respeito do gerenciamento de portf\u00f3lios, avaliar os riscos e as recompensas relacionados aos projetos e determinar quando h\u00e1 recursos suficientes com as habilidades corretas para concluir o trabalho.<\/p><p>As solu\u00e7\u00f5es de \u00faltima gera\u00e7\u00e3o fornecem os recursos de execu\u00e7\u00e3o e controle de projetosnecess\u00e1rios para fornecer projetos com \u00eaxito, no prazo, dentro do or\u00e7amento e com a qualidade e o design planejados. Compreendendo solu\u00e7\u00f5es setoriais para \u00f3leo e g\u00e1s, engenharia e constru\u00e7\u00e3o, fabrica\u00e7\u00e3o, ind\u00fastria aeroespacial e de defesa e setor p\u00fablico, o Primavera conta hoje com mais de 75.000 clientes em todo mundo, tornado-se ferramenta indispens\u00e1vel na satisfa\u00e7\u00e3o de seus objetivos de projeto e estrat\u00e9gias de neg\u00f3cios.<\/p>\t\t\t\t\t\t\t\t<\/div>\n\t\t\t\t<\/div>\n\t\t\t\t<\/div>\n\t\t\t\t\t<\/div>\n\t\t\t\t<\/div>\n\t\t\t\t<\/div>\n\t\t","protected":false},"excerpt":{"rendered":"<p>Oracle Primavera A Oracle Primavera concentra-se exclusivamente em ajudar as empresas que trabalham com muitos projetos a gerenciar todo o ciclo de vida do portf\u00f3lio de projetos, independentemente do tamanho do projeto. Estima-se que projetos com valor acima de US$ 6 trilh\u00f5es tenham sido gerenciados com produtos Primavera. As empresas utilizam as solu\u00e7\u00f5es de gerenciamento [&hellip;]<\/p>\n","protected":false},"author":1,"featured_media":0,"parent":0,"menu_order":0,"comment_status":"closed","ping_status":"closed","template":"","meta":{"_acf_changed":false,"productId":0,"courseId":0,"footnotes":""},"class_list":["post-2723","page","type-page","status-publish","hentry"],"acf":[],"_links":{"self":[{"href":"https:\/\/ead.verano.com.br\/site\/wp-json\/wp\/v2\/pages\/2723","targetHints":{"allow":["GET"]}}],"collection":[{"href":"https:\/\/ead.verano.com.br\/site\/wp-json\/wp\/v2\/pages"}],"about":[{"href":"https:\/\/ead.verano.com.br\/site\/wp-json\/wp\/v2\/types\/page"}],"author":[{"embeddable":true,"href":"https:\/\/ead.verano.com.br\/site\/wp-json\/wp\/v2\/users\/1"}],"replies":[{"embeddable":true,"href":"https:\/\/ead.verano.com.br\/site\/wp-json\/wp\/v2\/comments?post=2723"}],"version-history":[{"count":4,"href":"https:\/\/ead.verano.com.br\/site\/wp-json\/wp\/v2\/pages\/2723\/revisions"}],"predecessor-version":[{"id":2727,"href":"https:\/\/ead.verano.com.br\/site\/wp-json\/wp\/v2\/pages\/2723\/revisions\/2727"}],"wp:attachment":[{"href":"https:\/\/ead.verano.com.br\/site\/wp-json\/wp\/v2\/media?parent=2723"}],"curies":[{"name":"wp","href":"https:\/\/api.w.org\/{rel}","templated":true}]}}