{"id":1032,"date":"2025-10-30T20:04:20","date_gmt":"2025-10-30T23:04:20","guid":{"rendered":"https:\/\/ead.verano.com.br\/site\/?page_id=1032"},"modified":"2025-12-11T09:23:38","modified_gmt":"2025-12-11T12:23:38","slug":"equipe","status":"publish","type":"page","link":"https:\/\/ead.verano.com.br\/site\/equipe\/","title":{"rendered":"Equipe"},"content":{"rendered":"\t\t<div data-elementor-type=\"wp-page\" data-elementor-id=\"1032\" class=\"elementor elementor-1032\" data-elementor-post-type=\"page\">\n\t\t\t\t<div class=\"elementor-element elementor-element-61db8a75 e-flex e-con-boxed e-con e-parent\" data-id=\"61db8a75\" data-element_type=\"container\" data-e-type=\"container\" data-settings=\"{&quot;background_background&quot;:&quot;classic&quot;}\">\n\t\t\t\t\t<div class=\"e-con-inner\">\n\t\t\t\t<div class=\"elementor-element elementor-element-246cc3fa elementor-widget elementor-widget-heading\" data-id=\"246cc3fa\" data-element_type=\"widget\" data-e-type=\"widget\" data-widget_type=\"heading.default\">\n\t\t\t\t\t<h2 class=\"elementor-heading-title elementor-size-default\">Equipe<\/h2>\t\t\t\t<\/div>\n\t\t\t\t\t<\/div>\n\t\t\t\t<\/div>\n\t\t<div class=\"elementor-element elementor-element-5c4e6f33 e-flex e-con-boxed e-con e-parent\" data-id=\"5c4e6f33\" data-element_type=\"container\" data-e-type=\"container\">\n\t\t\t\t\t<div class=\"e-con-inner\">\n\t\t<div class=\"elementor-element elementor-element-5ac86b3f e-con-full e-flex e-con e-child\" data-id=\"5ac86b3f\" data-element_type=\"container\" data-e-type=\"container\" data-settings=\"{&quot;background_background&quot;:&quot;classic&quot;}\">\n\t\t<div class=\"elementor-element elementor-element-74ecb46f e-con-full e-flex e-con e-child\" data-id=\"74ecb46f\" data-element_type=\"container\" data-e-type=\"container\">\n\t\t\t\t<div class=\"elementor-element elementor-element-e1e2eab loja-cursos elementor-widget elementor-widget-jet-listing-grid\" data-id=\"e1e2eab\" data-element_type=\"widget\" data-e-type=\"widget\" id=\"loja-cursos\" data-settings=\"{&quot;columns&quot;:&quot;3&quot;,&quot;columns_tablet&quot;:&quot;auto&quot;,&quot;columns_mobile&quot;:&quot;auto&quot;}\" data-widget_type=\"jet-listing-grid.default\">\n\t\t\t\t\t<div class=\"jet-listing-grid jet-listing\"><ul class=\"jet-listing-grid__items grid-col-desk-3 grid-col-tablet-auto grid-col-mobile-auto jet-listing-grid--1062\" data-queried-id=\"1032|WP_Post\" data-is-list data-nav=\"{&quot;enabled&quot;:false,&quot;type&quot;:null,&quot;more_el&quot;:null,&quot;query&quot;:[],&quot;widget_settings&quot;:{&quot;lisitng_id&quot;:1062,&quot;posts_num&quot;:6,&quot;columns&quot;:3,&quot;columns_tablet&quot;:&quot;auto&quot;,&quot;columns_mobile&quot;:&quot;auto&quot;,&quot;column_min_width&quot;:240,&quot;column_min_width_tablet&quot;:240,&quot;column_min_width_mobile&quot;:240,&quot;inline_columns_css&quot;:false,&quot;is_archive_template&quot;:&quot;&quot;,&quot;post_status&quot;:[&quot;publish&quot;],&quot;use_random_posts_num&quot;:&quot;&quot;,&quot;max_posts_num&quot;:9,&quot;not_found_message&quot;:&quot;Nenhum da equipe encontrado&quot;,&quot;is_masonry&quot;:false,&quot;equal_columns_height&quot;:&quot;&quot;,&quot;use_load_more&quot;:&quot;&quot;,&quot;load_more_id&quot;:&quot;&quot;,&quot;load_more_type&quot;:&quot;click&quot;,&quot;load_more_offset&quot;:{&quot;unit&quot;:&quot;px&quot;,&quot;size&quot;:0,&quot;sizes&quot;:[]},&quot;use_custom_post_types&quot;:&quot;&quot;,&quot;custom_post_types&quot;:[&quot;post&quot;],&quot;hide_widget_if&quot;:&quot;&quot;,&quot;carousel_enabled&quot;:&quot;&quot;,&quot;slides_to_scroll&quot;:&quot;1&quot;,&quot;arrows&quot;:&quot;true&quot;,&quot;arrow_icon&quot;:&quot;fa fa-angle-left&quot;,&quot;dots&quot;:&quot;&quot;,&quot;autoplay&quot;:&quot;true&quot;,&quot;pause_on_hover&quot;:&quot;true&quot;,&quot;autoplay_speed&quot;:5000,&quot;infinite&quot;:&quot;true&quot;,&quot;center_mode&quot;:&quot;&quot;,&quot;effect&quot;:&quot;slide&quot;,&quot;speed&quot;:500,&quot;inject_alternative_items&quot;:&quot;&quot;,&quot;injection_items&quot;:[],&quot;scroll_slider_enabled&quot;:&quot;&quot;,&quot;scroll_slider_on&quot;:[&quot;desktop&quot;,&quot;tablet&quot;,&quot;mobile&quot;],&quot;custom_query&quot;:false,&quot;custom_query_id&quot;:&quot;1&quot;,&quot;_element_id&quot;:&quot;loja-cursos&quot;,&quot;collapse_first_last_gap&quot;:false,&quot;list_tag_selection&quot;:&quot;&quot;,&quot;list_items_wrapper_tag&quot;:&quot;ul&quot;,&quot;list_item_tag&quot;:&quot;li&quot;,&quot;empty_items_wrapper_tag&quot;:&quot;div&quot;}}\" data-page=\"1\" data-pages=\"1\" data-listing-source=\"posts\" data-listing-id=\"1062\" data-query-id=\"\"><li class=\"jet-listing-grid__item jet-listing-dynamic-post-1101 jet-listing-grid__list_item\" data-post-id=\"1101\"  >\t\t<div data-elementor-type=\"jet-listing-items\" data-elementor-id=\"1062\" class=\"elementor elementor-1062\" data-elementor-post-type=\"jet-engine\">\n\t\t\t\t<div class=\"elementor-element elementor-element-cf6fda2 e-flex e-con-boxed e-con e-parent\" data-id=\"cf6fda2\" data-element_type=\"container\" data-e-type=\"container\">\n\t\t\t\t\t<div class=\"e-con-inner\">\n\t\t\t\t<div class=\"elementor-element elementor-element-3faafc6 elementor-widget elementor-widget-image\" data-id=\"3faafc6\" data-element_type=\"widget\" data-e-type=\"widget\" data-widget_type=\"image.default\">\n\t\t\t\t\t\t\t\t\t\t\t\t\t\t\t<img fetchpriority=\"high\" decoding=\"async\" width=\"534\" height=\"534\" src=\"https:\/\/ead.verano.com.br\/site\/wp-content\/uploads\/2025\/10\/10318-2.jpg\" class=\"attachment-large size-large wp-image-1216\" alt=\"\" srcset=\"https:\/\/ead.verano.com.br\/site\/wp-content\/uploads\/2025\/10\/10318-2.jpg 534w, https:\/\/ead.verano.com.br\/site\/wp-content\/uploads\/2025\/10\/10318-2-300x300.jpg 300w, https:\/\/ead.verano.com.br\/site\/wp-content\/uploads\/2025\/10\/10318-2-150x150.jpg 150w, https:\/\/ead.verano.com.br\/site\/wp-content\/uploads\/2025\/10\/10318-2-100x100.jpg 100w\" sizes=\"(max-width: 534px) 100vw, 534px\" \/>\t\t\t\t\t\t\t\t\t\t\t\t\t\t\t<\/div>\n\t\t\t\t<div class=\"elementor-element elementor-element-fd0202a elementor-widget elementor-widget-heading\" data-id=\"fd0202a\" data-element_type=\"widget\" data-e-type=\"widget\" data-widget_type=\"heading.default\">\n\t\t\t\t\t<h2 class=\"elementor-heading-title elementor-size-default\"><a href=\"https:\/\/ead.verano.com.br\/site\/time_membros\/sergio-g\/\">Sergio Gludovats<\/a><\/h2>\t\t\t\t<\/div>\n\t\t\t\t<div class=\"elementor-element elementor-element-9edfb4b elementor-widget elementor-widget-heading\" data-id=\"9edfb4b\" data-element_type=\"widget\" data-e-type=\"widget\" data-widget_type=\"heading.default\">\n\t\t\t\t\t<h2 class=\"elementor-heading-title elementor-size-default\"><a href=\"https:\/\/ead.verano.com.br\/site\/time_membros\/sergio-g\/\">Gestor de Projetos<\/a><\/h2>\t\t\t\t<\/div>\n\t\t\t\t<div class=\"elementor-element elementor-element-083ea21 elementor-widget elementor-widget-text-editor\" data-id=\"083ea21\" data-element_type=\"widget\" data-e-type=\"widget\" data-widget_type=\"text-editor.default\">\n\t\t\t\t\t\t\t\t\tEspecialista em planejamento, lideran\u00e7a de equipes e execu\u00e7\u00e3o estrat\u00e9gica. Atua com foco em efici\u00eancia operacional, alinhamento entre equipes e entrega de resultados consistentes, garantindo que cada projeto da Verano avance com clareza, qualidade e compromisso.\t\t\t\t\t\t\t\t<\/div>\n\t\t\t\t\t<\/div>\n\t\t\t\t<\/div>\n\t\t\t\t<\/div>\n\t\t<\/li><li class=\"jet-listing-grid__item jet-listing-dynamic-post-1031 jet-listing-grid__list_item\" data-post-id=\"1031\"  >\t\t<div data-elementor-type=\"jet-listing-items\" data-elementor-id=\"1062\" class=\"elementor elementor-1062\" data-elementor-post-type=\"jet-engine\">\n\t\t\t\t<div class=\"elementor-element elementor-element-cf6fda2 e-flex e-con-boxed e-con e-parent\" data-id=\"cf6fda2\" data-element_type=\"container\" data-e-type=\"container\">\n\t\t\t\t\t<div class=\"e-con-inner\">\n\t\t\t\t<div class=\"elementor-element elementor-element-3faafc6 elementor-widget elementor-widget-image\" data-id=\"3faafc6\" data-element_type=\"widget\" data-e-type=\"widget\" data-widget_type=\"image.default\">\n\t\t\t\t\t\t\t\t\t\t\t\t\t\t\t<img fetchpriority=\"high\" decoding=\"async\" width=\"534\" height=\"534\" src=\"https:\/\/ead.verano.com.br\/site\/wp-content\/uploads\/2025\/10\/10318-2.jpg\" class=\"attachment-large size-large wp-image-1216\" alt=\"\" srcset=\"https:\/\/ead.verano.com.br\/site\/wp-content\/uploads\/2025\/10\/10318-2.jpg 534w, https:\/\/ead.verano.com.br\/site\/wp-content\/uploads\/2025\/10\/10318-2-300x300.jpg 300w, https:\/\/ead.verano.com.br\/site\/wp-content\/uploads\/2025\/10\/10318-2-150x150.jpg 150w, https:\/\/ead.verano.com.br\/site\/wp-content\/uploads\/2025\/10\/10318-2-100x100.jpg 100w\" sizes=\"(max-width: 534px) 100vw, 534px\" \/>\t\t\t\t\t\t\t\t\t\t\t\t\t\t\t<\/div>\n\t\t\t\t<div class=\"elementor-element elementor-element-fd0202a elementor-widget elementor-widget-heading\" data-id=\"fd0202a\" data-element_type=\"widget\" data-e-type=\"widget\" data-widget_type=\"heading.default\">\n\t\t\t\t\t<h2 class=\"elementor-heading-title elementor-size-default\"><a href=\"https:\/\/ead.verano.com.br\/site\/time_membros\/fabio-g\/\">F\u00e1bio G<\/a><\/h2>\t\t\t\t<\/div>\n\t\t\t\t<div class=\"elementor-element elementor-element-9edfb4b elementor-widget elementor-widget-heading\" data-id=\"9edfb4b\" data-element_type=\"widget\" data-e-type=\"widget\" data-widget_type=\"heading.default\">\n\t\t\t\t\t<h2 class=\"elementor-heading-title elementor-size-default\"><a href=\"https:\/\/ead.verano.com.br\/site\/time_membros\/fabio-g\/\">Ceo - Diretor<\/a><\/h2>\t\t\t\t<\/div>\n\t\t\t\t<div class=\"elementor-element elementor-element-083ea21 elementor-widget elementor-widget-text-editor\" data-id=\"083ea21\" data-element_type=\"widget\" data-e-type=\"widget\" data-widget_type=\"text-editor.default\">\n\t\t\t\t\t\t\t\t\tEspecialista em planejamento, lideran\u00e7a de equipes e execu\u00e7\u00e3o estrat\u00e9gica. Atua com foco em efici\u00eancia operacional, alinhamento entre equipes e entrega de resultados consistentes, garantindo que cada projeto da Verano avance com clareza, qualidade e compromisso.\t\t\t\t\t\t\t\t<\/div>\n\t\t\t\t\t<\/div>\n\t\t\t\t<\/div>\n\t\t\t\t<\/div>\n\t\t<\/li><\/ul><\/div>\t\t\t\t<\/div>\n\t\t\t\t<\/div>\n\t\t\t\t<\/div>\n\t\t\t\t\t<\/div>\n\t\t\t\t<\/div>\n\t\t\t\t<\/div>\n\t\t","protected":false},"excerpt":{"rendered":"<p>Equipe .elementor-1062 .elementor-element.elementor-element-cf6fda2{&#8211;display:flex;&#8211;flex-direction:column;&#8211;container-widget-width:100%;&#8211;container-widget-height:initial;&#8211;container-widget-flex-grow:0;&#8211;container-widget-align-self:initial;&#8211;flex-wrap-mobile:wrap;}.elementor-widget-image .widget-image-caption{color:var( &#8211;e-global-color-text );font-family:var( &#8211;e-global-typography-text-font-family ), Sans-serif;font-weight:var( &#8211;e-global-typography-text-font-weight );}.elementor-widget-heading .elementor-heading-title{font-family:var( &#8211;e-global-typography-primary-font-family ), Sans-serif;font-weight:var( &#8211;e-global-typography-primary-font-weight );color:var( &#8211;e-global-color-primary );}.elementor-1062 .elementor-element.elementor-element-fd0202a{text-align:center;}.elementor-1062 .elementor-element.elementor-element-fd0202a .elementor-heading-title{font-family:&#8221;Poppins&#8221;, Sans-serif;font-size:26px;font-weight:600;}.elementor-1062 .elementor-element.elementor-element-9edfb4b{text-align:center;}.elementor-1062 .elementor-element.elementor-element-9edfb4b .elementor-heading-title{font-family:&#8221;Poppins&#8221;, Sans-serif;font-size:15px;font-weight:600;color:var( &#8211;e-global-color-secondary );}.elementor-widget-text-editor{font-family:var( &#8211;e-global-typography-text-font-family ), Sans-serif;font-weight:var( &#8211;e-global-typography-text-font-weight );color:var( &#8211;e-global-color-text );}.elementor-widget-text-editor.elementor-drop-cap-view-stacked .elementor-drop-cap{background-color:var( &#8211;e-global-color-primary );}.elementor-widget-text-editor.elementor-drop-cap-view-framed .elementor-drop-cap, .elementor-widget-text-editor.elementor-drop-cap-view-default .elementor-drop-cap{color:var( &#8211;e-global-color-primary );border-color:var( &#8211;e-global-color-primary );}.elementor-1062 .elementor-element.elementor-element-083ea21{text-align:justify;} .elementor-1062 .elementor-element.elementor-element-cf6fda2{&#8211;display:flex;&#8211;flex-direction:column;&#8211;container-widget-width:100%;&#8211;container-widget-height:initial;&#8211;container-widget-flex-grow:0;&#8211;container-widget-align-self:initial;&#8211;flex-wrap-mobile:wrap;}.elementor-widget-image .widget-image-caption{color:var( &#8211;e-global-color-text );font-family:var( &#8211;e-global-typography-text-font-family ), Sans-serif;font-weight:var( [&hellip;]<\/p>\n","protected":false},"author":1,"featured_media":0,"parent":0,"menu_order":0,"comment_status":"closed","ping_status":"closed","template":"","meta":{"_acf_changed":false,"productId":0,"courseId":0,"footnotes":""},"class_list":["post-1032","page","type-page","status-publish","hentry"],"acf":[],"_links":{"self":[{"href":"https:\/\/ead.verano.com.br\/site\/wp-json\/wp\/v2\/pages\/1032","targetHints":{"allow":["GET"]}}],"collection":[{"href":"https:\/\/ead.verano.com.br\/site\/wp-json\/wp\/v2\/pages"}],"about":[{"href":"https:\/\/ead.verano.com.br\/site\/wp-json\/wp\/v2\/types\/page"}],"author":[{"embeddable":true,"href":"https:\/\/ead.verano.com.br\/site\/wp-json\/wp\/v2\/users\/1"}],"replies":[{"embeddable":true,"href":"https:\/\/ead.verano.com.br\/site\/wp-json\/wp\/v2\/comments?post=1032"}],"version-history":[{"count":45,"href":"https:\/\/ead.verano.com.br\/site\/wp-json\/wp\/v2\/pages\/1032\/revisions"}],"predecessor-version":[{"id":1764,"href":"https:\/\/ead.verano.com.br\/site\/wp-json\/wp\/v2\/pages\/1032\/revisions\/1764"}],"wp:attachment":[{"href":"https:\/\/ead.verano.com.br\/site\/wp-json\/wp\/v2\/media?parent=1032"}],"curies":[{"name":"wp","href":"https:\/\/api.w.org\/{rel}","templated":true}]}}