{"id":2620,"date":"2026-01-13T16:16:28","date_gmt":"2026-01-13T19:16:28","guid":{"rendered":"https:\/\/ead.verano.com.br\/site\/?post_type=product&#038;p=2620"},"modified":"2026-01-14T16:12:18","modified_gmt":"2026-01-14T19:12:18","slug":"synchro-4d-pro_br","status":"publish","type":"product","link":"https:\/\/ead.verano.com.br\/site\/fr\/produto\/synchro-4d-pro_br\/","title":{"rendered":"Synchro 4D Pro"},"content":{"rendered":"<p>O treinamento tem por objetivo capacitar os profissionais envolvidos no planejamento e controle de execu\u00e7\u00e3o de obras de constru\u00e7\u00e3o e montagens eletromec\u00e2nicas para que estes utilizem adequada e plenamente a ferramenta computacional Synchro, buscando atingir ou aproximar-se o m\u00e1ximo poss\u00edvel da meta tra\u00e7ada (prazo e custo).<\/p>\n<p>Ao final do treinamento os participantes dever\u00e3o ser capazes de:<\/p>\n<p><strong>1.\u00a0\u00a0\u00a0\u00a0<\/strong>Criar cronogramas e modelos 3D;<\/p>\n<p><strong>2.\u00a0\u00a0\u00a0\u00a0<\/strong>Importar e sincronizar dados de planejamento;<\/p>\n<p><strong>3.\u00a0\u00a0\u00a0\u00a0<\/strong>Importar e sincronizar dados de modelo 3D;<\/p>\n<p><strong>4.\u00a0\u00a0\u00a0\u00a0<\/strong>Criar recursos com representa\u00e7\u00e3o geom\u00e9trica;<\/p>\n<p><strong>5.\u00a0\u00a0\u00a0\u00a0<\/strong>Associar manual e automaticamente recursos e atividades;<\/p>\n<p><strong>6.\u00a0\u00a0\u00a0\u00a0<\/strong>Elaborar modelo 4D;<\/p>\n<p><strong>7.\u00a0\u00a0\u00a0\u00a0<\/strong>Criar movimentos de objetos 3D;<\/p>\n<p><strong>8.\u00a0\u00a0\u00a0\u00a0<\/strong>Montar anima\u00e7\u00e3o gr\u00e1fica a partir do modelo 4D;<\/p>\n<p><strong>9.\u00a0\u00a0\u00a0\u00a0<\/strong>Exportar v\u00eddeo no formato AVI e MP4.<\/p>\n<p>O operador do sistema associa cada elemento geom\u00e9trico do modelo tridimensional \u00e0 atividades do cronograma, e na simula\u00e7\u00e3o do transcorrer do tempo pode-se visualizar a maquete eletr\u00f4nica sendo \u201cmontada\u201d na janela de visualiza\u00e7\u00e3o, possibilitando diversas an\u00e1lises a partir dos dados modelados.<\/p>\n<p>A figura abaixo mostra um resumo do conceito da modelagem 4D.<\/p>\n","protected":false},"excerpt":{"rendered":"<p>O Synchro 4D Pro \u00e9 uma solu\u00e7\u00e3o em software para planejamento e an\u00e1lise de construtibilidade de obras civis e de montagens eletromec\u00e2nicas, baseado no conceito \u201c4D\u201d, no qual o modelo tridimensional (objetos 3D) da constru\u00e7\u00e3o \u00e9 associado ao cronograma (execu\u00e7\u00e3o no tempo) da obra.<\/p>\n","protected":false},"featured_media":1275,"template":"","meta":{"_acf_changed":false},"product_brand":[],"product_cat":[92,90],"product_tag":[115],"nivel-de-treinamento":[130,136],"formato-cursos":[142,139],"class_list":{"0":"post-2620","1":"product","2":"type-product","3":"status-publish","4":"has-post-thumbnail","6":"product_cat-gestion-de-projets","7":"product_cat-modelisation-4d","8":"product_tag-synchro-4d-pro","9":"nivel-de-treinamento-avancado","10":"nivel-de-treinamento-intermediario","11":"formato-cursos-remoto","12":"formato-cursos-ead-educacao-a-distancia","14":"first","15":"instock","16":"downloadable","17":"virtual","18":"sold-individually","19":"taxable","20":"purchasable","21":"product-type-simple"},"acf":[],"_links":{"self":[{"href":"https:\/\/ead.verano.com.br\/site\/fr\/wp-json\/wp\/v2\/product\/2620","targetHints":{"allow":["GET"]}}],"collection":[{"href":"https:\/\/ead.verano.com.br\/site\/fr\/wp-json\/wp\/v2\/product"}],"about":[{"href":"https:\/\/ead.verano.com.br\/site\/fr\/wp-json\/wp\/v2\/types\/product"}],"wp:featuredmedia":[{"embeddable":true,"href":"https:\/\/ead.verano.com.br\/site\/fr\/wp-json\/wp\/v2\/media\/1275"}],"wp:attachment":[{"href":"https:\/\/ead.verano.com.br\/site\/fr\/wp-json\/wp\/v2\/media?parent=2620"}],"wp:term":[{"taxonomy":"product_brand","embeddable":true,"href":"https:\/\/ead.verano.com.br\/site\/fr\/wp-json\/wp\/v2\/product_brand?post=2620"},{"taxonomy":"product_cat","embeddable":true,"href":"https:\/\/ead.verano.com.br\/site\/fr\/wp-json\/wp\/v2\/product_cat?post=2620"},{"taxonomy":"product_tag","embeddable":true,"href":"https:\/\/ead.verano.com.br\/site\/fr\/wp-json\/wp\/v2\/product_tag?post=2620"},{"taxonomy":"nivel-de-treinamento","embeddable":true,"href":"https:\/\/ead.verano.com.br\/site\/fr\/wp-json\/wp\/v2\/nivel-de-treinamento?post=2620"},{"taxonomy":"formato-cursos","embeddable":true,"href":"https:\/\/ead.verano.com.br\/site\/fr\/wp-json\/wp\/v2\/formato-cursos?post=2620"}],"curies":[{"name":"wp","href":"https:\/\/api.w.org\/{rel}","templated":true}]}}