{"id":2914,"date":"2026-02-16T14:09:07","date_gmt":"2026-02-16T17:09:07","guid":{"rendered":"https:\/\/ead.verano.com.br\/site\/histoire\/"},"modified":"2026-02-16T14:14:58","modified_gmt":"2026-02-16T17:14:58","slug":"histoire","status":"publish","type":"page","link":"https:\/\/ead.verano.com.br\/site\/fr\/histoire\/","title":{"rendered":"Histoire"},"content":{"rendered":"\t\t<div data-elementor-type=\"wp-page\" data-elementor-id=\"2914\" class=\"elementor elementor-2914 elementor-2904\" data-elementor-post-type=\"page\">\n\t\t\t\t<div class=\"elementor-element elementor-element-3d5b01d4 e-flex e-con-boxed e-con e-parent\" data-id=\"3d5b01d4\" data-element_type=\"container\" data-e-type=\"container\" data-settings=\"{&quot;background_background&quot;:&quot;classic&quot;}\">\n\t\t\t\t\t<div class=\"e-con-inner\">\n\t\t\t\t\t<\/div>\n\t\t\t\t<\/div>\n\t\t<div class=\"elementor-element elementor-element-67823eb3 e-flex e-con-boxed e-con e-parent\" data-id=\"67823eb3\" data-element_type=\"container\" data-e-type=\"container\">\n\t\t\t\t\t<div class=\"e-con-inner\">\n\t\t<div class=\"elementor-element elementor-element-6af2d0ab e-con-full e-flex e-con e-child\" data-id=\"6af2d0ab\" data-element_type=\"container\" data-e-type=\"container\" data-settings=\"{&quot;background_background&quot;:&quot;classic&quot;}\">\n\t\t<div class=\"elementor-element elementor-element-42e9a308 e-con-full e-flex e-con e-child\" data-id=\"42e9a308\" data-element_type=\"container\" data-e-type=\"container\">\n\t\t\t\t<div class=\"elementor-element elementor-element-77c41a9e elementor-widget elementor-widget-heading\" data-id=\"77c41a9e\" data-element_type=\"widget\" data-e-type=\"widget\" data-widget_type=\"heading.default\">\n\t\t\t\t\t<h2 class=\"elementor-heading-title elementor-size-default\">Histoire<\/h2>\t\t\t\t<\/div>\n\t\t\t\t<div class=\"elementor-element elementor-element-482cafc9 elementor-widget elementor-widget-text-editor\" data-id=\"482cafc9\" data-element_type=\"widget\" data-e-type=\"widget\" data-widget_type=\"text-editor.default\">\n\t\t\t\t\t\t\t\t\t<div id=\"about\"><div class=\"grid_13\"><div class=\"text\"><p>Depuis 1982, Verano offre le meilleur de son expertise et de ses professionnels pour accompagner toutes les \u00e9tapes de la gestion de projets. Nos consultants forment et assistent les \u00e9quipes et les professionnels des plus grandes et plus importantes entreprises nationales et internationales, actives dans divers segments du march\u00e9.<\/p><p>Un soutien de haute qualit\u00e9 est fourni gr\u00e2ce \u00e0 la prestation de services dans les domaines du conseil strat\u00e9gique, op\u00e9rationnel et de la formation.<\/p><p>Verano r\u00e9pond aux besoins de ses clients de mani\u00e8re globale, depuis la conception jusqu&rsquo;\u00e0 la planification, en passant par la mise en \u0153uvre des applications.<\/p><p>Notre d\u00e9partement informatique dispose d&rsquo;un centre de d\u00e9veloppement de syst\u00e8mes compos\u00e9 de professionnels qualifi\u00e9s et dot\u00e9s d&rsquo;un savoir-faire dans les domaines les plus vari\u00e9s, offrant un ensemble de produits et de services de tr\u00e8s haut niveau, avec des solutions d&rsquo;int\u00e9gration des technologies leaders du march\u00e9.<\/p><\/div><\/div><\/div><div id=\"footer\" class=\"grid_16\"> <\/div>\t\t\t\t\t\t\t\t<\/div>\n\t\t\t\t<div class=\"elementor-element elementor-element-3d3ccb6 elementor-widget elementor-widget-heading\" data-id=\"3d3ccb6\" data-element_type=\"widget\" data-e-type=\"widget\" data-widget_type=\"heading.default\">\n\t\t\t\t\t<h6 class=\"elementor-heading-title elementor-size-default\">Mission<\/h6>\t\t\t\t<\/div>\n\t\t\t\t<div class=\"elementor-element elementor-element-04846a0 elementor-widget elementor-widget-text-editor\" data-id=\"04846a0\" data-element_type=\"widget\" data-e-type=\"widget\" data-widget_type=\"text-editor.default\">\n\t\t\t\t\t\t\t\t\t<div id=\"about\"><div class=\"grid_13\"><div class=\"text\"><p>Offrir des solutions pour des projets et des op\u00e9rations afin de r\u00e9pondre aux besoins de nos clients avec \u00e9thique, qualit\u00e9 et s\u00e9curit\u00e9, dans le respect de l&rsquo;environnement et de la soci\u00e9t\u00e9, en apportant une valeur ajout\u00e9e \u00e0 nos collaborateurs et une rentabilit\u00e9 \u00e0 nos actionnaires.<\/p><\/div><\/div><\/div>\t\t\t\t\t\t\t\t<\/div>\n\t\t\t\t<div class=\"elementor-element elementor-element-0d0fdd2 elementor-widget elementor-widget-heading\" data-id=\"0d0fdd2\" data-element_type=\"widget\" data-e-type=\"widget\" data-widget_type=\"heading.default\">\n\t\t\t\t\t<h6 class=\"elementor-heading-title elementor-size-default\">Vision<\/h6>\t\t\t\t<\/div>\n\t\t\t\t<div class=\"elementor-element elementor-element-e47c4fb elementor-widget elementor-widget-text-editor\" data-id=\"e47c4fb\" data-element_type=\"widget\" data-e-type=\"widget\" data-widget_type=\"text-editor.default\">\n\t\t\t\t\t\t\t\t\t<div id=\"about\"><div class=\"grid_13\"><div class=\"text\"><p>Tornar a Verano l\u00edder em seu mercado de atua\u00e7\u00e3o na Am\u00e9rica Latina.<\/p><\/div><\/div><\/div>\t\t\t\t\t\t\t\t<\/div>\n\t\t\t\t<div class=\"elementor-element elementor-element-411ea4d elementor-widget elementor-widget-heading\" data-id=\"411ea4d\" data-element_type=\"widget\" data-e-type=\"widget\" data-widget_type=\"heading.default\">\n\t\t\t\t\t<h6 class=\"elementor-heading-title elementor-size-default\">Valeurs<\/h6>\t\t\t\t<\/div>\n\t\t\t\t<div class=\"elementor-element elementor-element-0a73105 elementor-widget elementor-widget-text-editor\" data-id=\"0a73105\" data-element_type=\"widget\" data-e-type=\"widget\" data-widget_type=\"text-editor.default\">\n\t\t\t\t\t\t\t\t\t<div id=\"about\"><div class=\"grid_13\"><div class=\"text\"><p>Orientation client \u2013 Comprendre et d\u00e9passer les attentes de nos clients.<br>Engagement envers les r\u00e9sultats \u2013 Atteindre les objectifs en respectant les normes en mati\u00e8re de d\u00e9lais, de co\u00fbts et de qualit\u00e9.<br>Travail d&rsquo;\u00e9quipe \u2013 Agir de mani\u00e8re int\u00e9gr\u00e9e et coop\u00e9rative, avec une communication claire et transparente, en vue d&rsquo;atteindre les objectifs organisationnels, en cr\u00e9ant une culture de stabilit\u00e9, de productivit\u00e9 et de satisfaction.<br>Innovation \u2013 Encourager la g\u00e9n\u00e9ration et la mise en \u0153uvre de nouvelles id\u00e9es, en remettant en question les pratiques actuelles et en recherchant l&rsquo;am\u00e9lioration continue, afin de g\u00e9n\u00e9rer des avantages pour l&rsquo;entreprise et les activit\u00e9s quotidiennes.<br>\u00c9thique \u2013 Agir avec honn\u00eatet\u00e9, int\u00e9grit\u00e9, transparence et professionnalisme dans toutes nos relations et activit\u00e9s, \u00e0 l&rsquo;int\u00e9rieur et \u00e0 l&rsquo;ext\u00e9rieur de l&rsquo;entreprise.<\/p><\/div><\/div><\/div>\t\t\t\t\t\t\t\t<\/div>\n\t\t\t\t<\/div>\n\t\t\t\t<\/div>\n\t\t\t\t\t<\/div>\n\t\t\t\t<\/div>\n\t\t\t\t<\/div>\n\t\t","protected":false},"excerpt":{"rendered":"<p>Histoire Depuis 1982, Verano offre le meilleur de son expertise et de ses professionnels pour accompagner toutes les \u00e9tapes de la gestion de projets. Nos consultants forment et assistent les \u00e9quipes et les professionnels des plus grandes et plus importantes entreprises nationales et internationales, actives dans divers segments du march\u00e9. Un soutien de haute qualit\u00e9 [&hellip;]<\/p>\n","protected":false},"author":1,"featured_media":0,"parent":0,"menu_order":0,"comment_status":"closed","ping_status":"closed","template":"","meta":{"_acf_changed":false,"productId":0,"courseId":0,"footnotes":""},"class_list":["post-2914","page","type-page","status-publish","hentry"],"acf":[],"_links":{"self":[{"href":"https:\/\/ead.verano.com.br\/site\/fr\/wp-json\/wp\/v2\/pages\/2914","targetHints":{"allow":["GET"]}}],"collection":[{"href":"https:\/\/ead.verano.com.br\/site\/fr\/wp-json\/wp\/v2\/pages"}],"about":[{"href":"https:\/\/ead.verano.com.br\/site\/fr\/wp-json\/wp\/v2\/types\/page"}],"author":[{"embeddable":true,"href":"https:\/\/ead.verano.com.br\/site\/fr\/wp-json\/wp\/v2\/users\/1"}],"replies":[{"embeddable":true,"href":"https:\/\/ead.verano.com.br\/site\/fr\/wp-json\/wp\/v2\/comments?post=2914"}],"version-history":[{"count":2,"href":"https:\/\/ead.verano.com.br\/site\/fr\/wp-json\/wp\/v2\/pages\/2914\/revisions"}],"predecessor-version":[{"id":2920,"href":"https:\/\/ead.verano.com.br\/site\/fr\/wp-json\/wp\/v2\/pages\/2914\/revisions\/2920"}],"wp:attachment":[{"href":"https:\/\/ead.verano.com.br\/site\/fr\/wp-json\/wp\/v2\/media?parent=2914"}],"curies":[{"name":"wp","href":"https:\/\/api.w.org\/{rel}","templated":true}]}}