{"id":2896,"date":"2026-02-16T13:54:18","date_gmt":"2026-02-16T16:54:18","guid":{"rendered":"https:\/\/ead.verano.com.br\/site\/assistance-technique\/"},"modified":"2026-02-16T13:57:52","modified_gmt":"2026-02-16T16:57:52","slug":"assistance-technique","status":"publish","type":"page","link":"https:\/\/ead.verano.com.br\/site\/fr\/assistance-technique\/","title":{"rendered":"Assistance Technique"},"content":{"rendered":"\t\t<div data-elementor-type=\"wp-page\" data-elementor-id=\"2896\" class=\"elementor elementor-2896 elementor-2883\" data-elementor-post-type=\"page\">\n\t\t\t\t<div class=\"elementor-element elementor-element-3d5b01d4 e-flex e-con-boxed e-con e-parent\" data-id=\"3d5b01d4\" data-element_type=\"container\" data-e-type=\"container\" data-settings=\"{&quot;background_background&quot;:&quot;classic&quot;}\">\n\t\t\t\t\t<div class=\"e-con-inner\">\n\t\t\t\t\t<\/div>\n\t\t\t\t<\/div>\n\t\t<div class=\"elementor-element elementor-element-67823eb3 e-flex e-con-boxed e-con e-parent\" data-id=\"67823eb3\" data-element_type=\"container\" data-e-type=\"container\">\n\t\t\t\t\t<div class=\"e-con-inner\">\n\t\t<div class=\"elementor-element elementor-element-6af2d0ab e-con-full e-flex e-con e-child\" data-id=\"6af2d0ab\" data-element_type=\"container\" data-e-type=\"container\" data-settings=\"{&quot;background_background&quot;:&quot;classic&quot;}\">\n\t\t<div class=\"elementor-element elementor-element-42e9a308 e-con-full e-flex e-con e-child\" data-id=\"42e9a308\" data-element_type=\"container\" data-e-type=\"container\">\n\t\t\t\t<div class=\"elementor-element elementor-element-77c41a9e elementor-widget elementor-widget-heading\" data-id=\"77c41a9e\" data-element_type=\"widget\" data-e-type=\"widget\" data-widget_type=\"heading.default\">\n\t\t\t\t\t<h2 class=\"elementor-heading-title elementor-size-default\">Assistance Technique<\/h2>\t\t\t\t<\/div>\n\t\t\t\t<div class=\"elementor-element elementor-element-482cafc9 elementor-widget elementor-widget-text-editor\" data-id=\"482cafc9\" data-element_type=\"widget\" data-e-type=\"widget\" data-widget_type=\"text-editor.default\">\n\t\t\t\t\t\t\t\t\t<p style=\"text-align: justify;\">Nous offrons une assistance technique pour l&rsquo;installation des produits logiciels ainsi qu&rsquo;une assistance mensuelle sp\u00e9cialis\u00e9e pour r\u00e9pondre \u00e0 d&rsquo;\u00e9ventuelles difficult\u00e9s dans l&rsquo;utilisation des outils.<\/p>\t\t\t\t\t\t\t\t<\/div>\n\t\t\t\t<\/div>\n\t\t<div class=\"elementor-element elementor-element-de16333 e-con-full e-flex e-con e-child\" data-id=\"de16333\" data-element_type=\"container\" data-e-type=\"container\">\n\t\t\t\t<div class=\"elementor-element elementor-element-693e6f6 elementor-widget elementor-widget-image\" data-id=\"693e6f6\" data-element_type=\"widget\" data-e-type=\"widget\" data-widget_type=\"image.default\">\n\t\t\t\t\t\t\t\t\t\t\t\t\t\t\t<img fetchpriority=\"high\" decoding=\"async\" width=\"582\" height=\"157\" src=\"https:\/\/ead.verano.com.br\/site\/wp-content\/uploads\/2026\/02\/banner_suporte.png\" class=\"attachment-large size-large wp-image-2895\" alt=\"\" srcset=\"https:\/\/ead.verano.com.br\/site\/wp-content\/uploads\/2026\/02\/banner_suporte.png 582w, https:\/\/ead.verano.com.br\/site\/wp-content\/uploads\/2026\/02\/banner_suporte-300x81.png 300w\" sizes=\"(max-width: 582px) 100vw, 582px\" \/>\t\t\t\t\t\t\t\t\t\t\t\t\t\t\t<\/div>\n\t\t\t\t<\/div>\n\t\t\t\t<\/div>\n\t\t\t\t\t<\/div>\n\t\t\t\t<\/div>\n\t\t\t\t<\/div>\n\t\t","protected":false},"excerpt":{"rendered":"<p>Assistance Technique Nous offrons une assistance technique pour l&rsquo;installation des produits logiciels ainsi qu&rsquo;une assistance mensuelle sp\u00e9cialis\u00e9e pour r\u00e9pondre \u00e0 d&rsquo;\u00e9ventuelles difficult\u00e9s dans l&rsquo;utilisation des outils.<\/p>\n","protected":false},"author":1,"featured_media":0,"parent":0,"menu_order":0,"comment_status":"closed","ping_status":"closed","template":"","meta":{"_acf_changed":false,"productId":0,"courseId":0,"footnotes":""},"class_list":["post-2896","page","type-page","status-publish","hentry"],"acf":[],"_links":{"self":[{"href":"https:\/\/ead.verano.com.br\/site\/fr\/wp-json\/wp\/v2\/pages\/2896","targetHints":{"allow":["GET"]}}],"collection":[{"href":"https:\/\/ead.verano.com.br\/site\/fr\/wp-json\/wp\/v2\/pages"}],"about":[{"href":"https:\/\/ead.verano.com.br\/site\/fr\/wp-json\/wp\/v2\/types\/page"}],"author":[{"embeddable":true,"href":"https:\/\/ead.verano.com.br\/site\/fr\/wp-json\/wp\/v2\/users\/1"}],"replies":[{"embeddable":true,"href":"https:\/\/ead.verano.com.br\/site\/fr\/wp-json\/wp\/v2\/comments?post=2896"}],"version-history":[{"count":1,"href":"https:\/\/ead.verano.com.br\/site\/fr\/wp-json\/wp\/v2\/pages\/2896\/revisions"}],"predecessor-version":[{"id":2897,"href":"https:\/\/ead.verano.com.br\/site\/fr\/wp-json\/wp\/v2\/pages\/2896\/revisions\/2897"}],"wp:attachment":[{"href":"https:\/\/ead.verano.com.br\/site\/fr\/wp-json\/wp\/v2\/media?parent=2896"}],"curies":[{"name":"wp","href":"https:\/\/api.w.org\/{rel}","templated":true}]}}