{"id":2878,"date":"2026-02-16T13:46:32","date_gmt":"2026-02-16T16:46:32","guid":{"rendered":"https:\/\/ead.verano.com.br\/site\/technologie-de-linformation\/"},"modified":"2026-02-16T13:52:25","modified_gmt":"2026-02-16T16:52:25","slug":"technologie-de-linformation","status":"publish","type":"page","link":"https:\/\/ead.verano.com.br\/site\/fr\/technologie-de-linformation\/","title":{"rendered":"Technologie de l&rsquo;information"},"content":{"rendered":"\t\t<div data-elementor-type=\"wp-page\" data-elementor-id=\"2878\" class=\"elementor elementor-2878 elementor-2869\" data-elementor-post-type=\"page\">\n\t\t\t\t<div class=\"elementor-element elementor-element-3d5b01d4 e-flex e-con-boxed e-con e-parent\" data-id=\"3d5b01d4\" data-element_type=\"container\" data-e-type=\"container\" data-settings=\"{&quot;background_background&quot;:&quot;classic&quot;}\">\n\t\t\t\t\t<div class=\"e-con-inner\">\n\t\t\t\t\t<\/div>\n\t\t\t\t<\/div>\n\t\t<div class=\"elementor-element elementor-element-67823eb3 e-flex e-con-boxed e-con e-parent\" data-id=\"67823eb3\" data-element_type=\"container\" data-e-type=\"container\">\n\t\t\t\t\t<div class=\"e-con-inner\">\n\t\t<div class=\"elementor-element elementor-element-6af2d0ab e-con-full e-flex e-con e-child\" data-id=\"6af2d0ab\" data-element_type=\"container\" data-e-type=\"container\" data-settings=\"{&quot;background_background&quot;:&quot;classic&quot;}\">\n\t\t<div class=\"elementor-element elementor-element-42e9a308 e-con-full e-flex e-con e-child\" data-id=\"42e9a308\" data-element_type=\"container\" data-e-type=\"container\">\n\t\t\t\t<div class=\"elementor-element elementor-element-77c41a9e elementor-widget elementor-widget-heading\" data-id=\"77c41a9e\" data-element_type=\"widget\" data-e-type=\"widget\" data-widget_type=\"heading.default\">\n\t\t\t\t\t<h2 class=\"elementor-heading-title elementor-size-default\">Technologie de l'information<\/h2>\t\t\t\t<\/div>\n\t\t\t\t<div class=\"elementor-element elementor-element-482cafc9 elementor-widget elementor-widget-text-editor\" data-id=\"482cafc9\" data-element_type=\"widget\" data-e-type=\"widget\" data-widget_type=\"text-editor.default\">\n\t\t\t\t\t\t\t\t\t<main id=\"content\" class=\"site-main post-2863 page type-page status-publish hentry\"><div class=\"page-content\"><div class=\"elementor elementor-2863\" data-elementor-type=\"wp-page\" data-elementor-id=\"2863\" data-elementor-post-type=\"page\"><div class=\"elementor-element elementor-element-67823eb3 e-flex e-con-boxed e-con e-parent e-lazyloaded\" data-id=\"67823eb3\" data-element_type=\"container\" data-e-type=\"container\"><div class=\"e-con-inner\"><div class=\"elementor-element elementor-element-6af2d0ab e-con-full e-flex e-con e-child\" data-id=\"6af2d0ab\" data-element_type=\"container\" data-e-type=\"container\" data-settings=\"{\"background_background\":\"classic\"}\"><div class=\"elementor-element elementor-element-42e9a308 e-con-full e-flex e-con e-child\" data-id=\"42e9a308\" data-element_type=\"container\" data-e-type=\"container\"><div class=\"elementor-element elementor-element-482cafc9 elementor-widget elementor-widget-text-editor\" data-id=\"482cafc9\" data-element_type=\"widget\" data-e-type=\"widget\" data-widget_type=\"text-editor.default\"><p>Le d\u00e9partement Informatique de Verano propose une gamme de produits et services haut de gamme, avec des solutions d&rsquo;int\u00e9gration des technologies leaders du march\u00e9.<\/p><p>Pour la gamme de produits Primavera, nous apportons une valeur ajout\u00e9e et notre savoir-faire \u00e0 chaque \u00e9tape du processus d&rsquo;acquisition :<\/p><p>\u2022 \u00c9laboration de l&rsquo;architecture r\u00e9seau et dimensionnement des serveurs ;<\/p><p>\u2022 Installation et configuration de logiciels ;<\/p><p>\u2022 Assistance technique et support apr\u00e8s impl\u00e9mentation ;<\/p><p>\u2022 D\u00e9veloppement d&rsquo;interfaces et d&rsquo;int\u00e9grations Primavera avec SAP, d&rsquo;autres ERP du march\u00e9 et divers syst\u00e8mes et applications internes.<\/p><p>Verano dispose d&rsquo;un centre de d\u00e9veloppement de syst\u00e8mes compos\u00e9 de professionnels qualifi\u00e9s et exp\u00e9riment\u00e9s dans les domaines les plus vari\u00e9s : ing\u00e9nierie, services bancaires, construction, exploitation mini\u00e8re, exploitation continue, etc.<\/p><\/div><\/div><\/div><\/div><\/div><\/div><\/div><\/main><footer class=\"elementor elementor-243 elementor-location-footer\" data-elementor-type=\"footer\" data-elementor-id=\"243\" data-elementor-post-type=\"elementor_library\"><section class=\"elementor-section elementor-top-section elementor-element elementor-element-aeb3a8a elementor-section-full_width elementor-section-height-min-height elementor-section-height-default elementor-section-items-middle\" data-id=\"aeb3a8a\" data-element_type=\"section\" data-e-type=\"section\"><div class=\"elementor-container elementor-column-gap-default\"><div class=\"elementor-column elementor-col-100 elementor-top-column elementor-element elementor-element-642a87ff\" data-id=\"642a87ff\" data-element_type=\"column\" data-e-type=\"column\"> <\/div><\/div><\/section><\/footer>\t\t\t\t\t\t\t\t<\/div>\n\t\t\t\t<\/div>\n\t\t<div class=\"elementor-element elementor-element-de16333 e-con-full e-flex e-con e-child\" data-id=\"de16333\" data-element_type=\"container\" data-e-type=\"container\">\n\t\t\t\t<div class=\"elementor-element elementor-element-693e6f6 elementor-widget elementor-widget-image\" data-id=\"693e6f6\" data-element_type=\"widget\" data-e-type=\"widget\" data-widget_type=\"image.default\">\n\t\t\t\t\t\t\t\t\t\t\t\t\t\t\t<img fetchpriority=\"high\" decoding=\"async\" width=\"582\" height=\"157\" src=\"https:\/\/ead.verano.com.br\/site\/wp-content\/uploads\/2026\/02\/banner_tecnologia.png\" class=\"attachment-large size-large wp-image-2877\" alt=\"\" srcset=\"https:\/\/ead.verano.com.br\/site\/wp-content\/uploads\/2026\/02\/banner_tecnologia.png 582w, https:\/\/ead.verano.com.br\/site\/wp-content\/uploads\/2026\/02\/banner_tecnologia-300x81.png 300w\" sizes=\"(max-width: 582px) 100vw, 582px\" \/>\t\t\t\t\t\t\t\t\t\t\t\t\t\t\t<\/div>\n\t\t\t\t<\/div>\n\t\t\t\t<\/div>\n\t\t\t\t\t<\/div>\n\t\t\t\t<\/div>\n\t\t\t\t<\/div>\n\t\t","protected":false},"excerpt":{"rendered":"<p>Technologie de l&rsquo;information Le d\u00e9partement Informatique de Verano propose une gamme de produits et services haut de gamme, avec des solutions d&rsquo;int\u00e9gration des technologies leaders du march\u00e9. Pour la gamme de produits Primavera, nous apportons une valeur ajout\u00e9e et notre savoir-faire \u00e0 chaque \u00e9tape du processus d&rsquo;acquisition : \u2022 \u00c9laboration de l&rsquo;architecture r\u00e9seau et dimensionnement [&hellip;]<\/p>\n","protected":false},"author":1,"featured_media":0,"parent":0,"menu_order":0,"comment_status":"closed","ping_status":"closed","template":"","meta":{"_acf_changed":false,"productId":0,"courseId":0,"footnotes":""},"class_list":["post-2878","page","type-page","status-publish","hentry"],"acf":[],"_links":{"self":[{"href":"https:\/\/ead.verano.com.br\/site\/fr\/wp-json\/wp\/v2\/pages\/2878","targetHints":{"allow":["GET"]}}],"collection":[{"href":"https:\/\/ead.verano.com.br\/site\/fr\/wp-json\/wp\/v2\/pages"}],"about":[{"href":"https:\/\/ead.verano.com.br\/site\/fr\/wp-json\/wp\/v2\/types\/page"}],"author":[{"embeddable":true,"href":"https:\/\/ead.verano.com.br\/site\/fr\/wp-json\/wp\/v2\/users\/1"}],"replies":[{"embeddable":true,"href":"https:\/\/ead.verano.com.br\/site\/fr\/wp-json\/wp\/v2\/comments?post=2878"}],"version-history":[{"count":1,"href":"https:\/\/ead.verano.com.br\/site\/fr\/wp-json\/wp\/v2\/pages\/2878\/revisions"}],"predecessor-version":[{"id":2879,"href":"https:\/\/ead.verano.com.br\/site\/fr\/wp-json\/wp\/v2\/pages\/2878\/revisions\/2879"}],"wp:attachment":[{"href":"https:\/\/ead.verano.com.br\/site\/fr\/wp-json\/wp\/v2\/media?parent=2878"}],"curies":[{"name":"wp","href":"https:\/\/api.w.org\/{rel}","templated":true}]}}