{"id":2858,"date":"2026-02-16T13:26:02","date_gmt":"2026-02-16T16:26:02","guid":{"rendered":"https:\/\/ead.verano.com.br\/site\/synchro\/"},"modified":"2026-02-16T13:36:14","modified_gmt":"2026-02-16T16:36:14","slug":"synchro","status":"publish","type":"page","link":"https:\/\/ead.verano.com.br\/site\/fr\/synchro\/","title":{"rendered":"Synchro"},"content":{"rendered":"\t\t<div data-elementor-type=\"wp-page\" data-elementor-id=\"2858\" class=\"elementor elementor-2858 elementor-2845\" data-elementor-post-type=\"page\">\n\t\t\t\t<div class=\"elementor-element elementor-element-3d5b01d4 e-flex e-con-boxed e-con e-parent\" data-id=\"3d5b01d4\" data-element_type=\"container\" data-e-type=\"container\" data-settings=\"{&quot;background_background&quot;:&quot;classic&quot;}\">\n\t\t\t\t\t<div class=\"e-con-inner\">\n\t\t\t\t\t<\/div>\n\t\t\t\t<\/div>\n\t\t<div class=\"elementor-element elementor-element-67823eb3 e-flex e-con-boxed e-con e-parent\" data-id=\"67823eb3\" data-element_type=\"container\" data-e-type=\"container\">\n\t\t\t\t\t<div class=\"e-con-inner\">\n\t\t<div class=\"elementor-element elementor-element-6af2d0ab e-con-full e-flex e-con e-child\" data-id=\"6af2d0ab\" data-element_type=\"container\" data-e-type=\"container\" data-settings=\"{&quot;background_background&quot;:&quot;classic&quot;}\">\n\t\t<div class=\"elementor-element elementor-element-42e9a308 e-con-full e-flex e-con e-child\" data-id=\"42e9a308\" data-element_type=\"container\" data-e-type=\"container\">\n\t\t\t\t<div class=\"elementor-element elementor-element-77c41a9e elementor-widget elementor-widget-heading\" data-id=\"77c41a9e\" data-element_type=\"widget\" data-e-type=\"widget\" data-widget_type=\"heading.default\">\n\t\t\t\t\t<h2 class=\"elementor-heading-title elementor-size-default\">Synchro<\/h2>\t\t\t\t<\/div>\n\t\t\t\t<div class=\"elementor-element elementor-element-482cafc9 elementor-widget elementor-widget-text-editor\" data-id=\"482cafc9\" data-element_type=\"widget\" data-e-type=\"widget\" data-widget_type=\"text-editor.default\">\n\t\t\t\t\t\t\t\t\t<p style=\"text-align: justify;\">Synchro est un outil qui permet de pr\u00e9senter des dessins techniques en 3D\/4D, gr\u00e2ce \u00e0 l&rsquo;int\u00e9gration entre la planification r\u00e9alis\u00e9e dans Primavera et les projets ex\u00e9cut\u00e9s dans des programmes de CAO 3D, de sorte que le projet puisse \u00eatre visualis\u00e9 en temps r\u00e9el dans sa s\u00e9quence d&rsquo;ex\u00e9cution en plusieurs dimensions.<\/p>\t\t\t\t\t\t\t\t<\/div>\n\t\t\t\t<div class=\"elementor-element elementor-element-9cf7955 elementor-widget elementor-widget-heading\" data-id=\"9cf7955\" data-element_type=\"widget\" data-e-type=\"widget\" data-widget_type=\"heading.default\">\n\t\t\t\t\t<h4 class=\"elementor-heading-title elementor-size-default\">Caract\u00e9ristiques g\u00e9n\u00e9rales :<\/h4>\t\t\t\t<\/div>\n\t\t\t\t<div class=\"elementor-element elementor-element-a043212 elementor-widget elementor-widget-text-editor\" data-id=\"a043212\" data-element_type=\"widget\" data-e-type=\"widget\" data-widget_type=\"text-editor.default\">\n\t\t\t\t\t\t\t\t\t<p>\u2022 G\u00e9n\u00e8re un aper\u00e7u graphique en 3D\/4D du projet d&rsquo;ing\u00e9nierie ;<br>\u2022 Gestion de projets d&rsquo;ing\u00e9nierie ;<br>\u2022 Tient toutes les personnes concern\u00e9es inform\u00e9es de l&rsquo;\u00e9volution du projet ;<br>\u2022 Permet d&rsquo;analyser et d&rsquo;att\u00e9nuer les risques ;<br>\u2022 G\u00e8re la cha\u00eene d&rsquo;approvisionnement de mani\u00e8re pr\u00e9cise et efficace ;<br>\u2022 Int\u00e8gre les donn\u00e9es des programmes de conception CAO 3D avec celles des programmes de gestion de projets tels que Primavera, g\u00e9n\u00e9rant ainsi des simulations compl\u00e8tes et fid\u00e8les \u00e0 la r\u00e9alit\u00e9 ;<br>\u2022 Fournit une visualisation compl\u00e8te de la simulation de la construction, en tenant compte des modifications apport\u00e9es aux donn\u00e9es relatives \u00e0 la gestion des risques et aux d\u00e9lais du projet, et en affichant en temps r\u00e9el les effets que ces modifications auront sur la construction ;<br>\u2022 Gestion des ressources ;<br>\u2022 Plusieurs bases permettant de comparer les performances r\u00e9elles du projet avec les performances pr\u00e9vues ;<br>\u2022 Suivi de l&rsquo;avancement du projet ;<br>\u2022 G\u00e9n\u00e8re des simulations 3D\/4D de ressources mat\u00e9rielles, d&rsquo;\u00e9quipements et d&rsquo;espaces physiques ;<br>\u2022 Importe, exporte et synchronise les donn\u00e9es avec Primavera ;<br>\u2022 Importe et exporte des calendriers au format Microsoft Office Project Standard XML ;<br>\u2022 G\u00e9n\u00e8re une documentation d\u00e9taill\u00e9e et pr\u00e9cise pour les soumissions d&rsquo;offres ;<br>\u2022 Affiche la liste des t\u00e2ches et les diagrammes de Gantt, facilitant ainsi la visualisation de l&rsquo;avancement du projet ;<br>\u2022 Analyse la valeur ajout\u00e9e ;<br>\u2022 Fournit un acc\u00e8s simultan\u00e9 \u00e0 un projet partag\u00e9, permettant une synchronisation permanente des donn\u00e9es qui s&rsquo;appuient sur une planification collaborative ;<\/p>\t\t\t\t\t\t\t\t<\/div>\n\t\t\t\t<div class=\"elementor-element elementor-element-c31673e elementor-widget elementor-widget-heading\" data-id=\"c31673e\" data-element_type=\"widget\" data-e-type=\"widget\" data-widget_type=\"heading.default\">\n\t\t\t\t\t<h5 class=\"elementor-heading-title elementor-size-default\">Vid\u00e9os :<\/h5>\t\t\t\t<\/div>\n\t\t\t\t<\/div>\n\t\t<div class=\"elementor-element elementor-element-de16333 e-con-full e-flex e-con e-child\" data-id=\"de16333\" data-element_type=\"container\" data-e-type=\"container\">\n\t\t\t\t<div class=\"elementor-element elementor-element-693e6f6 elementor-widget elementor-widget-image\" data-id=\"693e6f6\" data-element_type=\"widget\" data-e-type=\"widget\" data-widget_type=\"image.default\">\n\t\t\t\t\t\t\t\t\t\t\t\t\t\t\t<img fetchpriority=\"high\" decoding=\"async\" width=\"582\" height=\"780\" src=\"https:\/\/ead.verano.com.br\/site\/wp-content\/uploads\/2026\/02\/synchro.png\" class=\"attachment-large size-large wp-image-2857\" alt=\"\" srcset=\"https:\/\/ead.verano.com.br\/site\/wp-content\/uploads\/2026\/02\/synchro.png 582w, https:\/\/ead.verano.com.br\/site\/wp-content\/uploads\/2026\/02\/synchro-224x300.png 224w\" sizes=\"(max-width: 582px) 100vw, 582px\" \/>\t\t\t\t\t\t\t\t\t\t\t\t\t\t\t<\/div>\n\t\t\t\t<\/div>\n\t\t\t\t<\/div>\n\t\t\t\t\t<\/div>\n\t\t\t\t<\/div>\n\t\t<div class=\"elementor-element elementor-element-6f34c39 e-flex e-con-boxed e-con e-parent\" data-id=\"6f34c39\" data-element_type=\"container\" data-e-type=\"container\">\n\t\t\t\t\t<div class=\"e-con-inner\">\n\t\t<div class=\"elementor-element elementor-element-2493689 e-con-full e-flex e-con e-child\" data-id=\"2493689\" data-element_type=\"container\" data-e-type=\"container\">\n\t\t\t\t<div class=\"elementor-element elementor-element-a745abc elementor-widget elementor-widget-video\" data-id=\"a745abc\" data-element_type=\"widget\" data-e-type=\"widget\" data-settings=\"{&quot;youtube_url&quot;:&quot;https:\\\/\\\/www.youtube.com\\\/watch?v=5UDhkjhqmy0&quot;,&quot;video_type&quot;:&quot;youtube&quot;,&quot;controls&quot;:&quot;yes&quot;}\" data-widget_type=\"video.default\">\n\t\t\t\t\t\t\t<div class=\"elementor-wrapper elementor-open-inline\">\n\t\t\t<div class=\"elementor-video\"><\/div>\t\t<\/div>\n\t\t\t\t\t\t<\/div>\n\t\t\t\t<\/div>\n\t\t<div class=\"elementor-element elementor-element-fa94824 e-con-full e-flex e-con e-child\" data-id=\"fa94824\" data-element_type=\"container\" data-e-type=\"container\">\n\t\t\t\t<div class=\"elementor-element elementor-element-ad3e5a5 elementor-widget elementor-widget-video\" data-id=\"ad3e5a5\" data-element_type=\"widget\" data-e-type=\"widget\" data-settings=\"{&quot;youtube_url&quot;:&quot;https:\\\/\\\/youtu.be\\\/SdKdO1L_POU&quot;,&quot;video_type&quot;:&quot;youtube&quot;,&quot;controls&quot;:&quot;yes&quot;}\" data-widget_type=\"video.default\">\n\t\t\t\t\t\t\t<div class=\"elementor-wrapper elementor-open-inline\">\n\t\t\t<div class=\"elementor-video\"><\/div>\t\t<\/div>\n\t\t\t\t\t\t<\/div>\n\t\t\t\t<\/div>\n\t\t<div class=\"elementor-element elementor-element-9b30706 e-con-full e-flex e-con e-child\" data-id=\"9b30706\" data-element_type=\"container\" data-e-type=\"container\">\n\t\t\t\t<div class=\"elementor-element elementor-element-2cc63e1 elementor-widget elementor-widget-video\" data-id=\"2cc63e1\" data-element_type=\"widget\" data-e-type=\"widget\" data-settings=\"{&quot;youtube_url&quot;:&quot;https:\\\/\\\/youtu.be\\\/ae0BF0d_ry4&quot;,&quot;video_type&quot;:&quot;youtube&quot;,&quot;controls&quot;:&quot;yes&quot;}\" data-widget_type=\"video.default\">\n\t\t\t\t\t\t\t<div class=\"elementor-wrapper elementor-open-inline\">\n\t\t\t<div class=\"elementor-video\"><\/div>\t\t<\/div>\n\t\t\t\t\t\t<\/div>\n\t\t\t\t<\/div>\n\t\t<div class=\"elementor-element elementor-element-25d532e e-con-full e-flex e-con e-child\" data-id=\"25d532e\" data-element_type=\"container\" data-e-type=\"container\">\n\t\t\t\t<div class=\"elementor-element elementor-element-124c01d elementor-widget elementor-widget-video\" data-id=\"124c01d\" data-element_type=\"widget\" data-e-type=\"widget\" data-settings=\"{&quot;youtube_url&quot;:&quot;https:\\\/\\\/youtu.be\\\/aNr0yEfSqHo&quot;,&quot;video_type&quot;:&quot;youtube&quot;,&quot;controls&quot;:&quot;yes&quot;}\" data-widget_type=\"video.default\">\n\t\t\t\t\t\t\t<div class=\"elementor-wrapper elementor-open-inline\">\n\t\t\t<div class=\"elementor-video\"><\/div>\t\t<\/div>\n\t\t\t\t\t\t<\/div>\n\t\t\t\t<\/div>\n\t\t<div class=\"elementor-element elementor-element-450ee68 e-con-full e-flex e-con e-child\" data-id=\"450ee68\" data-element_type=\"container\" data-e-type=\"container\">\n\t\t\t\t<div class=\"elementor-element elementor-element-1ac9a37 elementor-widget elementor-widget-video\" data-id=\"1ac9a37\" data-element_type=\"widget\" data-e-type=\"widget\" data-settings=\"{&quot;youtube_url&quot;:&quot;https:\\\/\\\/youtu.be\\\/bHgMjJmvusQ&quot;,&quot;video_type&quot;:&quot;youtube&quot;,&quot;controls&quot;:&quot;yes&quot;}\" data-widget_type=\"video.default\">\n\t\t\t\t\t\t\t<div class=\"elementor-wrapper elementor-open-inline\">\n\t\t\t<div class=\"elementor-video\"><\/div>\t\t<\/div>\n\t\t\t\t\t\t<\/div>\n\t\t\t\t<\/div>\n\t\t<div class=\"elementor-element elementor-element-e94a9f6 e-con-full e-flex e-con e-child\" data-id=\"e94a9f6\" data-element_type=\"container\" data-e-type=\"container\">\n\t\t\t\t<div class=\"elementor-element elementor-element-5880e89 elementor-widget elementor-widget-video\" data-id=\"5880e89\" data-element_type=\"widget\" data-e-type=\"widget\" data-settings=\"{&quot;youtube_url&quot;:&quot;https:\\\/\\\/youtu.be\\\/-J30Orhfy0o&quot;,&quot;video_type&quot;:&quot;youtube&quot;,&quot;controls&quot;:&quot;yes&quot;}\" data-widget_type=\"video.default\">\n\t\t\t\t\t\t\t<div class=\"elementor-wrapper elementor-open-inline\">\n\t\t\t<div class=\"elementor-video\"><\/div>\t\t<\/div>\n\t\t\t\t\t\t<\/div>\n\t\t\t\t<\/div>\n\t\t\t\t\t<\/div>\n\t\t\t\t<\/div>\n\t\t\t\t<\/div>\n\t\t","protected":false},"excerpt":{"rendered":"<p>Synchro Synchro est un outil qui permet de pr\u00e9senter des dessins techniques en 3D\/4D, gr\u00e2ce \u00e0 l&rsquo;int\u00e9gration entre la planification r\u00e9alis\u00e9e dans Primavera et les projets ex\u00e9cut\u00e9s dans des programmes de CAO 3D, de sorte que le projet puisse \u00eatre visualis\u00e9 en temps r\u00e9el dans sa s\u00e9quence d&rsquo;ex\u00e9cution en plusieurs dimensions. Caract\u00e9ristiques g\u00e9n\u00e9rales : \u2022 [&hellip;]<\/p>\n","protected":false},"author":1,"featured_media":0,"parent":0,"menu_order":0,"comment_status":"closed","ping_status":"closed","template":"","meta":{"_acf_changed":false,"productId":0,"courseId":0,"footnotes":""},"class_list":["post-2858","page","type-page","status-publish","hentry"],"acf":[],"_links":{"self":[{"href":"https:\/\/ead.verano.com.br\/site\/fr\/wp-json\/wp\/v2\/pages\/2858","targetHints":{"allow":["GET"]}}],"collection":[{"href":"https:\/\/ead.verano.com.br\/site\/fr\/wp-json\/wp\/v2\/pages"}],"about":[{"href":"https:\/\/ead.verano.com.br\/site\/fr\/wp-json\/wp\/v2\/types\/page"}],"author":[{"embeddable":true,"href":"https:\/\/ead.verano.com.br\/site\/fr\/wp-json\/wp\/v2\/users\/1"}],"replies":[{"embeddable":true,"href":"https:\/\/ead.verano.com.br\/site\/fr\/wp-json\/wp\/v2\/comments?post=2858"}],"version-history":[{"count":1,"href":"https:\/\/ead.verano.com.br\/site\/fr\/wp-json\/wp\/v2\/pages\/2858\/revisions"}],"predecessor-version":[{"id":2859,"href":"https:\/\/ead.verano.com.br\/site\/fr\/wp-json\/wp\/v2\/pages\/2858\/revisions\/2859"}],"wp:attachment":[{"href":"https:\/\/ead.verano.com.br\/site\/fr\/wp-json\/wp\/v2\/media?parent=2858"}],"curies":[{"name":"wp","href":"https:\/\/api.w.org\/{rel}","templated":true}]}}