{"id":2831,"date":"2026-02-16T09:21:52","date_gmt":"2026-02-16T12:21:52","guid":{"rendered":"https:\/\/ead.verano.com.br\/site\/primavera-unifier\/"},"modified":"2026-02-16T09:35:51","modified_gmt":"2026-02-16T12:35:51","slug":"primavera-unifier","status":"publish","type":"page","link":"https:\/\/ead.verano.com.br\/site\/fr\/primavera-unifier\/","title":{"rendered":"Primavera Unifier"},"content":{"rendered":"\t\t<div data-elementor-type=\"wp-page\" data-elementor-id=\"2831\" class=\"elementor elementor-2831 elementor-2821\" data-elementor-post-type=\"page\">\n\t\t\t\t<div class=\"elementor-element elementor-element-3d5b01d4 e-flex e-con-boxed e-con e-parent\" data-id=\"3d5b01d4\" data-element_type=\"container\" data-e-type=\"container\" data-settings=\"{&quot;background_background&quot;:&quot;classic&quot;}\">\n\t\t\t\t\t<div class=\"e-con-inner\">\n\t\t\t\t\t<\/div>\n\t\t\t\t<\/div>\n\t\t<div class=\"elementor-element elementor-element-67823eb3 e-flex e-con-boxed e-con e-parent\" data-id=\"67823eb3\" data-element_type=\"container\" data-e-type=\"container\">\n\t\t\t\t\t<div class=\"e-con-inner\">\n\t\t<div class=\"elementor-element elementor-element-6af2d0ab e-con-full e-flex e-con e-child\" data-id=\"6af2d0ab\" data-element_type=\"container\" data-e-type=\"container\" data-settings=\"{&quot;background_background&quot;:&quot;classic&quot;}\">\n\t\t<div class=\"elementor-element elementor-element-42e9a308 e-con-full e-flex e-con e-child\" data-id=\"42e9a308\" data-element_type=\"container\" data-e-type=\"container\">\n\t\t\t\t<div class=\"elementor-element elementor-element-77c41a9e elementor-widget elementor-widget-heading\" data-id=\"77c41a9e\" data-element_type=\"widget\" data-e-type=\"widget\" data-widget_type=\"heading.default\">\n\t\t\t\t\t<h2 class=\"elementor-heading-title elementor-size-default\">Primavera Unifier<\/h2>\t\t\t\t<\/div>\n\t\t\t\t<div class=\"elementor-element elementor-element-482cafc9 elementor-widget elementor-widget-text-editor\" data-id=\"482cafc9\" data-element_type=\"widget\" data-e-type=\"widget\" data-widget_type=\"text-editor.default\">\n\t\t\t\t\t\t\t\t\t<p><strong>Primavera Unifier<\/strong> fournit des solutions pour la gestion des projets d&rsquo;investissement et des portefeuilles, la gestion des installations et la gestion immobili\u00e8re. B\u00e9n\u00e9ficiez d&rsquo;une gouvernance \u00e0 toutes les \u00e9tapes du projet, de la planification \u00e0 la construction, en passant par la maintenance. Sa plateforme Web optimise et int\u00e8gre les processus m\u00e9tier critiques, les donn\u00e9es et les documents de l&rsquo;ensemble de l&rsquo;organisation.  <\/p><p>L&rsquo;interface utilisateur est intuitive et peut \u00eatre adapt\u00e9e \u00e0 votre secteur d&rsquo;activit\u00e9. Que vous utilisiez des mod\u00e8les pr\u00e9d\u00e9finis ou que vous cr\u00e9iez de nouvelles configurations, Primavera Unifier offre la meilleure combinaison de facilit\u00e9 d&rsquo;utilisation et de flexibilit\u00e9, quelle que soit la taille de votre d\u00e9ploiement. <\/p>\t\t\t\t\t\t\t\t<\/div>\n\t\t\t\t<div class=\"elementor-element elementor-element-9cf7955 elementor-widget elementor-widget-heading\" data-id=\"9cf7955\" data-element_type=\"widget\" data-e-type=\"widget\" data-widget_type=\"heading.default\">\n\t\t\t\t\t<h4 class=\"elementor-heading-title elementor-size-default\">Avantages<\/h4>\t\t\t\t<\/div>\n\t\t\t\t<div class=\"elementor-element elementor-element-a043212 elementor-widget elementor-widget-text-editor\" data-id=\"a043212\" data-element_type=\"widget\" data-e-type=\"widget\" data-widget_type=\"text-editor.default\">\n\t\t\t\t\t\t\t\t\t<p>\u2022 Capacit\u00e9 \u00e0 contr\u00f4ler les co\u00fbts, \u00e0 mener \u00e0 bien les projets et \u00e0 g\u00e9rer ;<\/p><p>\u2022 Visibilit\u00e9 en temps r\u00e9el gr\u00e2ce \u00e0 des projets permettant de prendre des d\u00e9cisions rapides et pr\u00e9cises ;<\/p><p>\u2022 Suivi, visualisation et ajustement faciles des plans sur la base des pr\u00e9visions financi\u00e8res ;<\/p><p>\u2022 Hi\u00e9rarchies \u00e0 plusieurs niveaux pour mod\u00e9liser les programmes, les portefeuilles, les installations et les actifs ;<\/p><p>\u2022 Collaboration conviviale et enti\u00e8rement int\u00e9gr\u00e9e \u00e0 l&rsquo;utilisateur ;<\/p><p>\u2022 Facile \u00e0 installer et \u00e0 utiliser.<\/p>\t\t\t\t\t\t\t\t<\/div>\n\t\t\t\t<div class=\"elementor-element elementor-element-c31673e elementor-widget elementor-widget-heading\" data-id=\"c31673e\" data-element_type=\"widget\" data-e-type=\"widget\" data-widget_type=\"heading.default\">\n\t\t\t\t\t<h5 class=\"elementor-heading-title elementor-size-default\">Les produits de la gamme Primavera Unifier comprennent :<\/h5>\t\t\t\t<\/div>\n\t\t\t\t<div class=\"elementor-element elementor-element-eb9fafb elementor-widget elementor-widget-text-editor\" data-id=\"eb9fafb\" data-element_type=\"widget\" data-e-type=\"widget\" data-widget_type=\"text-editor.default\">\n\t\t\t\t\t\t\t\t\t<p>\u2022 Primavera Capital Planning<\/p><p>\u2022 Primavera Cost Controls<\/p><p>\u2022 Primavera Facility Management<\/p><p>\u2022 Primavera Project Delivery Management<\/p><p>\u2022 Primavera Real Estate Management<\/p>\t\t\t\t\t\t\t\t<\/div>\n\t\t\t\t<\/div>\n\t\t<div class=\"elementor-element elementor-element-de16333 e-con-full e-flex e-con e-child\" data-id=\"de16333\" data-element_type=\"container\" data-e-type=\"container\">\n\t\t\t\t<div class=\"elementor-element elementor-element-693e6f6 elementor-widget elementor-widget-image\" data-id=\"693e6f6\" data-element_type=\"widget\" data-e-type=\"widget\" data-widget_type=\"image.default\">\n\t\t\t\t\t\t\t\t\t\t\t\t\t\t\t<img fetchpriority=\"high\" decoding=\"async\" width=\"582\" height=\"901\" src=\"https:\/\/ead.verano.com.br\/site\/wp-content\/uploads\/2026\/02\/Unifier.png\" class=\"attachment-large size-large wp-image-2830\" alt=\"\" srcset=\"https:\/\/ead.verano.com.br\/site\/wp-content\/uploads\/2026\/02\/Unifier.png 582w, https:\/\/ead.verano.com.br\/site\/wp-content\/uploads\/2026\/02\/Unifier-194x300.png 194w\" sizes=\"(max-width: 582px) 100vw, 582px\" \/>\t\t\t\t\t\t\t\t\t\t\t\t\t\t\t<\/div>\n\t\t\t\t<\/div>\n\t\t\t\t<\/div>\n\t\t\t\t\t<\/div>\n\t\t\t\t<\/div>\n\t\t\t\t<\/div>\n\t\t","protected":false},"excerpt":{"rendered":"<p>Primavera Unifier Primavera Unifier fournit des solutions pour la gestion des projets d&rsquo;investissement et des portefeuilles, la gestion des installations et la gestion immobili\u00e8re. B\u00e9n\u00e9ficiez d&rsquo;une gouvernance \u00e0 toutes les \u00e9tapes du projet, de la planification \u00e0 la construction, en passant par la maintenance. Sa plateforme Web optimise et int\u00e8gre les processus m\u00e9tier critiques, les [&hellip;]<\/p>\n","protected":false},"author":1,"featured_media":0,"parent":0,"menu_order":0,"comment_status":"closed","ping_status":"closed","template":"","meta":{"_acf_changed":false,"productId":0,"courseId":0,"footnotes":""},"class_list":["post-2831","page","type-page","status-publish","hentry"],"acf":[],"_links":{"self":[{"href":"https:\/\/ead.verano.com.br\/site\/fr\/wp-json\/wp\/v2\/pages\/2831","targetHints":{"allow":["GET"]}}],"collection":[{"href":"https:\/\/ead.verano.com.br\/site\/fr\/wp-json\/wp\/v2\/pages"}],"about":[{"href":"https:\/\/ead.verano.com.br\/site\/fr\/wp-json\/wp\/v2\/types\/page"}],"author":[{"embeddable":true,"href":"https:\/\/ead.verano.com.br\/site\/fr\/wp-json\/wp\/v2\/users\/1"}],"replies":[{"embeddable":true,"href":"https:\/\/ead.verano.com.br\/site\/fr\/wp-json\/wp\/v2\/comments?post=2831"}],"version-history":[{"count":1,"href":"https:\/\/ead.verano.com.br\/site\/fr\/wp-json\/wp\/v2\/pages\/2831\/revisions"}],"predecessor-version":[{"id":2832,"href":"https:\/\/ead.verano.com.br\/site\/fr\/wp-json\/wp\/v2\/pages\/2831\/revisions\/2832"}],"wp:attachment":[{"href":"https:\/\/ead.verano.com.br\/site\/fr\/wp-json\/wp\/v2\/media?parent=2831"}],"curies":[{"name":"wp","href":"https:\/\/api.w.org\/{rel}","templated":true}]}}