{"id":2796,"date":"2026-02-14T22:16:34","date_gmt":"2026-02-15T01:16:34","guid":{"rendered":"https:\/\/ead.verano.com.br\/site\/verano-cloud-hosting\/verano-cloud-primavera-professional\/"},"modified":"2026-02-14T22:21:45","modified_gmt":"2026-02-15T01:21:45","slug":"verano-cloud-primavera-professional","status":"publish","type":"page","link":"https:\/\/ead.verano.com.br\/site\/fr\/verano-cloud-hosting\/verano-cloud-primavera-professional\/","title":{"rendered":"Verano Cloud Primavera Professional"},"content":{"rendered":"\t\t<div data-elementor-type=\"wp-page\" data-elementor-id=\"2796\" class=\"elementor elementor-2796 elementor-2783\" data-elementor-post-type=\"page\">\n\t\t\t\t<div class=\"elementor-element elementor-element-3d5b01d4 e-flex e-con-boxed e-con e-parent\" data-id=\"3d5b01d4\" data-element_type=\"container\" data-e-type=\"container\" data-settings=\"{&quot;background_background&quot;:&quot;classic&quot;}\">\n\t\t\t\t\t<div class=\"e-con-inner\">\n\t\t\t\t\t<\/div>\n\t\t\t\t<\/div>\n\t\t<div class=\"elementor-element elementor-element-67823eb3 e-flex e-con-boxed e-con e-parent\" data-id=\"67823eb3\" data-element_type=\"container\" data-e-type=\"container\">\n\t\t\t\t\t<div class=\"e-con-inner\">\n\t\t<div class=\"elementor-element elementor-element-6af2d0ab e-con-full e-flex e-con e-child\" data-id=\"6af2d0ab\" data-element_type=\"container\" data-e-type=\"container\" data-settings=\"{&quot;background_background&quot;:&quot;classic&quot;}\">\n\t\t<div class=\"elementor-element elementor-element-42e9a308 e-con-full e-flex e-con e-child\" data-id=\"42e9a308\" data-element_type=\"container\" data-e-type=\"container\">\n\t\t\t\t<div class=\"elementor-element elementor-element-77c41a9e elementor-widget elementor-widget-heading\" data-id=\"77c41a9e\" data-element_type=\"widget\" data-e-type=\"widget\" data-widget_type=\"heading.default\">\n\t\t\t\t\t<h2 class=\"elementor-heading-title elementor-size-default\">Verano Cloud Primavera Professional<\/h2>\t\t\t\t<\/div>\n\t\t\t\t<div class=\"elementor-element elementor-element-482cafc9 elementor-widget elementor-widget-text-editor\" data-id=\"482cafc9\" data-element_type=\"widget\" data-e-type=\"widget\" data-widget_type=\"text-editor.default\">\n\t\t\t\t\t\t\t\t\t<p>Oracle Primavera Professional client\/serveur utilisant la technologie Verano Cloud en h\u00e9bergement.<\/p><p>Affichage du LAG (latence) et du type de relation dans le tableau des activit\u00e9s<\/p><p>\u2022 Primavera P6 Professional est disponible en version 64 bits, ce qui augmente les performances ind\u00e9pendamment du fait que le syst\u00e8me d&rsquo;exploitation soit en 32 bits.<\/p><p>\u2022 Une mise \u00e0 jour vers les caract\u00e8res ANSI configur\u00e9s pour la norme Unicode vous permet de travailler avec plusieurs langues en m\u00eame temps.<\/p><p>\u2022 Capacit\u00e9 m\u00e9moire accrue, ce qui am\u00e9liore les performances.<\/p><p>\u2022 Les conflits li\u00e9s \u00e0 la m\u00e9moire ont \u00e9t\u00e9 \u00e9limin\u00e9s.<img decoding=\"async\" src=\"http:\/\/www.verano.com.br\/media\/BAhbB1sHOgZmSSIdNTc3NThkODlhNDJjYjcwODI2MDAwMDBlBjoGRUZbCDoGcDoKdGh1bWJJIgk1ODJ4BjsGRg\/Verano_cloud_professional.png\" alt=\"\"><\/p><p>Votre application \u00e0 haute disponibilit\u00e9 ne n\u00e9cessite aucune installation locale. Seul un acc\u00e8s \u00e0 Internet est n\u00e9cessaire. <\/p><p> <\/p>\t\t\t\t\t\t\t\t<\/div>\n\t\t\t\t<\/div>\n\t\t<div class=\"elementor-element elementor-element-de16333 e-con-full e-flex e-con e-child\" data-id=\"de16333\" data-element_type=\"container\" data-e-type=\"container\">\n\t\t\t\t<div class=\"elementor-element elementor-element-693e6f6 elementor-widget elementor-widget-image\" data-id=\"693e6f6\" data-element_type=\"widget\" data-e-type=\"widget\" data-widget_type=\"image.default\">\n\t\t\t\t\t\t\t\t\t\t\t\t\t\t\t<img fetchpriority=\"high\" decoding=\"async\" width=\"582\" height=\"371\" src=\"https:\/\/ead.verano.com.br\/site\/wp-content\/uploads\/2026\/02\/Verano_cloud_professional-1.png\" class=\"attachment-large size-large wp-image-2795\" alt=\"\" srcset=\"https:\/\/ead.verano.com.br\/site\/wp-content\/uploads\/2026\/02\/Verano_cloud_professional-1.png 582w, https:\/\/ead.verano.com.br\/site\/wp-content\/uploads\/2026\/02\/Verano_cloud_professional-1-300x191.png 300w\" sizes=\"(max-width: 582px) 100vw, 582px\" \/>\t\t\t\t\t\t\t\t\t\t\t\t\t\t\t<\/div>\n\t\t\t\t<\/div>\n\t\t\t\t<\/div>\n\t\t\t\t\t<\/div>\n\t\t\t\t<\/div>\n\t\t\t\t<\/div>\n\t\t","protected":false},"excerpt":{"rendered":"<p>Verano Cloud Primavera Professional Oracle Primavera Professional client\/serveur utilisant la technologie Verano Cloud en h\u00e9bergement. Affichage du LAG (latence) et du type de relation dans le tableau des activit\u00e9s \u2022 Primavera P6 Professional est disponible en version 64 bits, ce qui augmente les performances ind\u00e9pendamment du fait que le syst\u00e8me d&rsquo;exploitation soit en 32 bits. [&hellip;]<\/p>\n","protected":false},"author":1,"featured_media":0,"parent":2771,"menu_order":0,"comment_status":"closed","ping_status":"closed","template":"","meta":{"_acf_changed":false,"productId":0,"courseId":0,"footnotes":""},"class_list":["post-2796","page","type-page","status-publish","hentry"],"acf":[],"_links":{"self":[{"href":"https:\/\/ead.verano.com.br\/site\/fr\/wp-json\/wp\/v2\/pages\/2796","targetHints":{"allow":["GET"]}}],"collection":[{"href":"https:\/\/ead.verano.com.br\/site\/fr\/wp-json\/wp\/v2\/pages"}],"about":[{"href":"https:\/\/ead.verano.com.br\/site\/fr\/wp-json\/wp\/v2\/types\/page"}],"author":[{"embeddable":true,"href":"https:\/\/ead.verano.com.br\/site\/fr\/wp-json\/wp\/v2\/users\/1"}],"replies":[{"embeddable":true,"href":"https:\/\/ead.verano.com.br\/site\/fr\/wp-json\/wp\/v2\/comments?post=2796"}],"version-history":[{"count":1,"href":"https:\/\/ead.verano.com.br\/site\/fr\/wp-json\/wp\/v2\/pages\/2796\/revisions"}],"predecessor-version":[{"id":2797,"href":"https:\/\/ead.verano.com.br\/site\/fr\/wp-json\/wp\/v2\/pages\/2796\/revisions\/2797"}],"up":[{"embeddable":true,"href":"https:\/\/ead.verano.com.br\/site\/fr\/wp-json\/wp\/v2\/pages\/2771"}],"wp:attachment":[{"href":"https:\/\/ead.verano.com.br\/site\/fr\/wp-json\/wp\/v2\/media?parent=2796"}],"curies":[{"name":"wp","href":"https:\/\/api.w.org\/{rel}","templated":true}]}}