{"id":2771,"date":"2026-02-14T21:39:27","date_gmt":"2026-02-15T00:39:27","guid":{"rendered":"https:\/\/ead.verano.com.br\/site\/verano-cloud-hosting\/"},"modified":"2026-02-14T22:08:25","modified_gmt":"2026-02-15T01:08:25","slug":"verano-cloud-hosting","status":"publish","type":"page","link":"https:\/\/ead.verano.com.br\/site\/fr\/verano-cloud-hosting\/","title":{"rendered":"Verano Cloud Hosting"},"content":{"rendered":"\t\t<div data-elementor-type=\"wp-page\" data-elementor-id=\"2771\" class=\"elementor elementor-2771 elementor-2741\" data-elementor-post-type=\"page\">\n\t\t\t\t<div class=\"elementor-element elementor-element-3d5b01d4 e-flex e-con-boxed e-con e-parent\" data-id=\"3d5b01d4\" data-element_type=\"container\" data-e-type=\"container\" data-settings=\"{&quot;background_background&quot;:&quot;classic&quot;}\">\n\t\t\t\t\t<div class=\"e-con-inner\">\n\t\t\t\t\t<\/div>\n\t\t\t\t<\/div>\n\t\t<div class=\"elementor-element elementor-element-67823eb3 e-flex e-con-boxed e-con e-parent\" data-id=\"67823eb3\" data-element_type=\"container\" data-e-type=\"container\">\n\t\t\t\t\t<div class=\"e-con-inner\">\n\t\t<div class=\"elementor-element elementor-element-6af2d0ab e-con-full e-flex e-con e-child\" data-id=\"6af2d0ab\" data-element_type=\"container\" data-e-type=\"container\" data-settings=\"{&quot;background_background&quot;:&quot;classic&quot;}\">\n\t\t<div class=\"elementor-element elementor-element-42e9a308 e-con-full e-flex e-con e-child\" data-id=\"42e9a308\" data-element_type=\"container\" data-e-type=\"container\">\n\t\t\t\t<div class=\"elementor-element elementor-element-77c41a9e elementor-widget elementor-widget-heading\" data-id=\"77c41a9e\" data-element_type=\"widget\" data-e-type=\"widget\" data-widget_type=\"heading.default\">\n\t\t\t\t\t<h2 class=\"elementor-heading-title elementor-size-default\">Verano Cloud Hosting<\/h2>\t\t\t\t<\/div>\n\t\t\t\t<div class=\"elementor-element elementor-element-482cafc9 elementor-widget elementor-widget-text-editor\" data-id=\"482cafc9\" data-element_type=\"widget\" data-e-type=\"widget\" data-widget_type=\"text-editor.default\">\n\t\t\t\t\t\t\t\t\t<table border=\"0\" cellspacing=\"1\" cellpadding=\"1\"><tbody><tr><td><p>Acc\u00e9dez \u00e0 Verano Hosting et g\u00e9rez tous vos projets directement sur Internet, \u00e0 tout moment, o\u00f9 que vous soyez, via votre navigateur, y compris sur vos appareils mobiles. Et surtout : r\u00e9duisez vos co\u00fbts informatiques. <\/p><p>Verano Hosting pr\u00e9sente de nombreux avantages pour votre entreprise :<\/p><p><strong>R\u00e9duction des co\u00fbts informatiques:<\/strong> avec l&rsquo;h\u00e9bergement, vous n&rsquo;avez plus \u00e0 vous soucier des d\u00e9penses importantes li\u00e9es \u00e0 l&rsquo;\u00e9quipement, aux logiciels, aux mises \u00e0 niveau, \u00e0 la maintenance et \u00e0 l&rsquo;administration des serveurs.<\/p><p><strong>Migration facile: <\/strong>Verano s&rsquo;occupe de tout pour vous.<\/p><\/td><td><img decoding=\"async\" src=\"http:\/\/www.verano.com.br\/media\/BAhbB1sHOgZmSSIdNTc3NThjMDFhNDJjYjcwODI2MDAwMDA1BjoGRUZbCDoGcDoKdGh1bWJJIgk1ODJ4BjsGRg\/Verano_cloud_logo.png\" alt=\"\"><\/td><\/tr><\/tbody><\/table><p><strong>Acc\u00e8s facile o\u00f9 que vous soyez:<\/strong> vous pouvez acc\u00e9der aux solutions Verano Hosting depuis n&rsquo;importe quel ordinateur via un navigateur, sans avoir \u00e0 investir massivement dans les t\u00e9l\u00e9communications.<\/p><p><strong>Haute performance:<\/strong> Verano Hosting utilise AWS, le service de cloud computing d&rsquo;Amazon. Cela signifie des performances maximales et une mise \u00e0 jour constante de la technologie. <\/p><p><strong>S\u00e9curit\u00e9:<\/strong> votre environnement est surveill\u00e9 dans le cloud et prot\u00e9g\u00e9 contre les intrusions.<\/p><p><strong>Concentrez-vous sur votre activit\u00e9:<\/strong> vous n&rsquo;avez plus \u00e0 vous soucier des sauvegardes, des licences et de l&rsquo;infrastructure.<\/p>\t\t\t\t\t\t\t\t<\/div>\n\t\t\t\t<\/div>\n\t\t<div class=\"elementor-element elementor-element-de16333 e-con-full e-flex e-con e-child\" data-id=\"de16333\" data-element_type=\"container\" data-e-type=\"container\">\n\t\t\t\t<div class=\"elementor-element elementor-element-693e6f6 elementor-widget elementor-widget-image\" data-id=\"693e6f6\" data-element_type=\"widget\" data-e-type=\"widget\" data-widget_type=\"image.default\">\n\t\t\t\t\t\t\t\t\t\t\t\t\t\t\t<img fetchpriority=\"high\" decoding=\"async\" width=\"582\" height=\"347\" src=\"https:\/\/ead.verano.com.br\/site\/wp-content\/uploads\/2026\/02\/Verano_cloud_logo.png\" class=\"attachment-large size-large wp-image-2769\" alt=\"\" srcset=\"https:\/\/ead.verano.com.br\/site\/wp-content\/uploads\/2026\/02\/Verano_cloud_logo.png 582w, https:\/\/ead.verano.com.br\/site\/wp-content\/uploads\/2026\/02\/Verano_cloud_logo-300x179.png 300w\" sizes=\"(max-width: 582px) 100vw, 582px\" \/>\t\t\t\t\t\t\t\t\t\t\t\t\t\t\t<\/div>\n\t\t\t\t<\/div>\n\t\t\t\t<\/div>\n\t\t<div class=\"elementor-element elementor-element-4c99749 e-con-full e-flex e-con e-child\" data-id=\"4c99749\" data-element_type=\"container\" data-e-type=\"container\" data-settings=\"{&quot;background_background&quot;:&quot;classic&quot;}\">\n\t\t<div class=\"elementor-element elementor-element-3dae427 e-con-full e-flex e-con e-child\" data-id=\"3dae427\" data-element_type=\"container\" data-e-type=\"container\">\n\t\t\t\t<div class=\"elementor-element elementor-element-4f8c384 elementor-widget elementor-widget-heading\" data-id=\"4f8c384\" data-element_type=\"widget\" data-e-type=\"widget\" data-widget_type=\"heading.default\">\n\t\t\t\t\t<h2 class=\"elementor-heading-title elementor-size-default\">O\u00f9 vos solutions seront-elles h\u00e9berg\u00e9es ?<\/h2>\t\t\t\t<\/div>\n\t\t\t\t<div class=\"elementor-element elementor-element-58a048b elementor-widget elementor-widget-text-editor\" data-id=\"58a048b\" data-element_type=\"widget\" data-e-type=\"widget\" data-widget_type=\"text-editor.default\">\n\t\t\t\t\t\t\t\t\t<p style=\"text-align: center;\">Verano a fait appel \u00e0 Sky.One, une entreprise pionni\u00e8re dans le domaine de la transformation d&rsquo;applications, qui migre les logiciels traditionnels vers la technologie cloud, et \u00e0 Amazon Web Services pour offrir une plateforme d&rsquo;infrastructure cloud hautement fiable, \u00e9volutive et qui dynamise des centaines de milliers d&rsquo;entreprises dans 190 pays \u00e0 travers le monde.<\/p>\t\t\t\t\t\t\t\t<\/div>\n\t\t\t\t<div class=\"elementor-element elementor-element-c3cf7cc elementor-widget elementor-widget-image\" data-id=\"c3cf7cc\" data-element_type=\"widget\" data-e-type=\"widget\" data-widget_type=\"image.default\">\n\t\t\t\t\t\t\t\t\t\t\t\t\t\t\t<img decoding=\"async\" width=\"582\" height=\"305\" src=\"https:\/\/ead.verano.com.br\/site\/wp-content\/uploads\/2026\/02\/cloud.jpg\" class=\"attachment-large size-large wp-image-2770\" alt=\"\" srcset=\"https:\/\/ead.verano.com.br\/site\/wp-content\/uploads\/2026\/02\/cloud.jpg 582w, https:\/\/ead.verano.com.br\/site\/wp-content\/uploads\/2026\/02\/cloud-300x157.jpg 300w\" sizes=\"(max-width: 582px) 100vw, 582px\" \/>\t\t\t\t\t\t\t\t\t\t\t\t\t\t\t<\/div>\n\t\t\t\t<div class=\"elementor-element elementor-element-4b73e27 elementor-widget elementor-widget-text-editor\" data-id=\"4b73e27\" data-element_type=\"widget\" data-e-type=\"widget\" data-widget_type=\"text-editor.default\">\n\t\t\t\t\t\t\t\t\t<p>Plus de d\u00e9tails et avantages:<\/p><p>\u2022 Ne n\u00e9cessite aucun investissement initial en licences et mat\u00e9riel (co\u00fbt d&rsquo;investissement) ;<\/p><p>\u2022 \u00c9limine les co\u00fbts r\u00e9currents li\u00e9s \u00e0 la prise en charge d&rsquo;une application en interne : mise \u00e0 jour du mat\u00e9riel et de l&rsquo;application, administration de la s\u00e9curit\u00e9, sauvegarde des donn\u00e9es, redondances de l&rsquo;infrastructure et assistance interne;<\/p><p>\u2022 R\u00e9duction du co\u00fbt total de possession (TCO) ;<\/p><p>\u2022 Croissance et \u00e9volutivit\u00e9 en fonction de la demande ;<\/p><p>\u2022 D\u00e9ploiement rapide et facilit\u00e9 de mise \u00e0 jour (updates) de l&rsquo;application.<\/p><p>\u2022 R\u00e9duction des risques d&rsquo;\u00e9chec du projet ;<\/p><p>\u2022 Possibilit\u00e9 de pr\u00e9voir les co\u00fbts li\u00e9s \u00e0 l&rsquo;infrastructure ;<\/p><p>\u2022 Le d\u00e9partement informatique (IT) peut se concentrer sur des projets plus strat\u00e9giques ;<\/p><p>\u2022 Concentration sur l&rsquo;activit\u00e9 de l&rsquo;entreprise ;<\/p><p>\u2022 Acc\u00e8s \u00e0 la plateforme Verano Cloud \u00e0 tout moment et depuis n&rsquo;importe quel point d&rsquo;acc\u00e8s \u00e0 Internet ;<\/p><p>\u2022 Environnement hautement disponible : syst\u00e8mes mis \u00e0 jour, optimis\u00e9s et s\u00e9curis\u00e9s ;<\/p>\t\t\t\t\t\t\t\t<\/div>\n\t\t\t\t<\/div>\n\t\t\t\t<\/div>\n\t\t\t\t\t<\/div>\n\t\t\t\t<\/div>\n\t\t\t\t<\/div>\n\t\t","protected":false},"excerpt":{"rendered":"<p>Verano Cloud Hosting Acc\u00e9dez \u00e0 Verano Hosting et g\u00e9rez tous vos projets directement sur Internet, \u00e0 tout moment, o\u00f9 que vous soyez, via votre navigateur, y compris sur vos appareils mobiles. Et surtout : r\u00e9duisez vos co\u00fbts informatiques. Verano Hosting pr\u00e9sente de nombreux avantages pour votre entreprise : R\u00e9duction des co\u00fbts informatiques: avec l&rsquo;h\u00e9bergement, vous [&hellip;]<\/p>\n","protected":false},"author":1,"featured_media":0,"parent":0,"menu_order":0,"comment_status":"closed","ping_status":"closed","template":"","meta":{"_acf_changed":false,"productId":0,"courseId":0,"footnotes":""},"class_list":["post-2771","page","type-page","status-publish","hentry"],"acf":[],"_links":{"self":[{"href":"https:\/\/ead.verano.com.br\/site\/fr\/wp-json\/wp\/v2\/pages\/2771","targetHints":{"allow":["GET"]}}],"collection":[{"href":"https:\/\/ead.verano.com.br\/site\/fr\/wp-json\/wp\/v2\/pages"}],"about":[{"href":"https:\/\/ead.verano.com.br\/site\/fr\/wp-json\/wp\/v2\/types\/page"}],"author":[{"embeddable":true,"href":"https:\/\/ead.verano.com.br\/site\/fr\/wp-json\/wp\/v2\/users\/1"}],"replies":[{"embeddable":true,"href":"https:\/\/ead.verano.com.br\/site\/fr\/wp-json\/wp\/v2\/comments?post=2771"}],"version-history":[{"count":1,"href":"https:\/\/ead.verano.com.br\/site\/fr\/wp-json\/wp\/v2\/pages\/2771\/revisions"}],"predecessor-version":[{"id":2774,"href":"https:\/\/ead.verano.com.br\/site\/fr\/wp-json\/wp\/v2\/pages\/2771\/revisions\/2774"}],"wp:attachment":[{"href":"https:\/\/ead.verano.com.br\/site\/fr\/wp-json\/wp\/v2\/media?parent=2771"}],"curies":[{"name":"wp","href":"https:\/\/api.w.org\/{rel}","templated":true}]}}