{"id":2922,"date":"2026-02-16T14:09:07","date_gmt":"2026-02-16T17:09:07","guid":{"rendered":"https:\/\/ead.verano.com.br\/site\/historia\/"},"modified":"2026-02-16T14:16:19","modified_gmt":"2026-02-16T17:16:19","slug":"historia","status":"publish","type":"page","link":"https:\/\/ead.verano.com.br\/site\/es\/historia\/","title":{"rendered":"Historia"},"content":{"rendered":"\t\t<div data-elementor-type=\"wp-page\" data-elementor-id=\"2922\" class=\"elementor elementor-2922 elementor-2904\" data-elementor-post-type=\"page\">\n\t\t\t\t<div class=\"elementor-element elementor-element-3d5b01d4 e-flex e-con-boxed e-con e-parent\" data-id=\"3d5b01d4\" data-element_type=\"container\" data-e-type=\"container\" data-settings=\"{&quot;background_background&quot;:&quot;classic&quot;}\">\n\t\t\t\t\t<div class=\"e-con-inner\">\n\t\t\t\t\t<\/div>\n\t\t\t\t<\/div>\n\t\t<div class=\"elementor-element elementor-element-67823eb3 e-flex e-con-boxed e-con e-parent\" data-id=\"67823eb3\" data-element_type=\"container\" data-e-type=\"container\">\n\t\t\t\t\t<div class=\"e-con-inner\">\n\t\t<div class=\"elementor-element elementor-element-6af2d0ab e-con-full e-flex e-con e-child\" data-id=\"6af2d0ab\" data-element_type=\"container\" data-e-type=\"container\" data-settings=\"{&quot;background_background&quot;:&quot;classic&quot;}\">\n\t\t<div class=\"elementor-element elementor-element-42e9a308 e-con-full e-flex e-con e-child\" data-id=\"42e9a308\" data-element_type=\"container\" data-e-type=\"container\">\n\t\t\t\t<div class=\"elementor-element elementor-element-77c41a9e elementor-widget elementor-widget-heading\" data-id=\"77c41a9e\" data-element_type=\"widget\" data-e-type=\"widget\" data-widget_type=\"heading.default\">\n\t\t\t\t\t<h2 class=\"elementor-heading-title elementor-size-default\">Historia<\/h2>\t\t\t\t<\/div>\n\t\t\t\t<div class=\"elementor-element elementor-element-482cafc9 elementor-widget elementor-widget-text-editor\" data-id=\"482cafc9\" data-element_type=\"widget\" data-e-type=\"widget\" data-widget_type=\"text-editor.default\">\n\t\t\t\t\t\t\t\t\t<div id=\"about\"><div class=\"grid_13\"><div class=\"text\"><p>Desde 1982, Verano ofrece lo mejor de su experiencia y de sus profesionales en el apoyo a todas las etapas de la gesti\u00f3n de proyectos. Nuestros consultores capacitan y asesoran a equipos y profesionales de las empresas nacionales e internacionales m\u00e1s grandes e importantes, que operan en diversos segmentos del mercado.<\/p><p>Se proporciona un soporte de alta calidad mediante la prestaci\u00f3n de servicios en las \u00e1reas de consultor\u00eda estrat\u00e9gica, operativa y de formaci\u00f3n.<\/p><p>Verano atiende a sus clientes de la manera m\u00e1s integral, desde el concepto, pasando por la planificaci\u00f3n y participando en la implementaci\u00f3n de las aplicaciones.<\/p><p>Nuestro departamento de TI cuenta con un n\u00facleo de desarrollo de sistemas con profesionales capacitados y conocimientos t\u00e9cnicos en las m\u00e1s variadas l\u00edneas de negocio, que ofrece un conjunto de productos y servicios del m\u00e1s alto nivel, con soluciones de integraci\u00f3n de tecnolog\u00edas l\u00edderes en el mercado.<\/p><\/div><\/div><\/div><div id=\"footer\" class=\"grid_16\"> <\/div>\t\t\t\t\t\t\t\t<\/div>\n\t\t\t\t<div class=\"elementor-element elementor-element-3d3ccb6 elementor-widget elementor-widget-heading\" data-id=\"3d3ccb6\" data-element_type=\"widget\" data-e-type=\"widget\" data-widget_type=\"heading.default\">\n\t\t\t\t\t<h6 class=\"elementor-heading-title elementor-size-default\">Misi\u00f3n<\/h6>\t\t\t\t<\/div>\n\t\t\t\t<div class=\"elementor-element elementor-element-04846a0 elementor-widget elementor-widget-text-editor\" data-id=\"04846a0\" data-element_type=\"widget\" data-e-type=\"widget\" data-widget_type=\"text-editor.default\">\n\t\t\t\t\t\t\t\t\t<div id=\"about\"><div class=\"grid_13\"><div class=\"text\"><p>Ofrecer soluciones para proyectos y operaciones con el fin de satisfacer las necesidades de nuestros clientes con \u00e9tica, calidad y seguridad, respetando el medio ambiente y la sociedad, aportando valor a los colaboradores y rentabilidad a los accionistas.<\/p><\/div><\/div><\/div>\t\t\t\t\t\t\t\t<\/div>\n\t\t\t\t<div class=\"elementor-element elementor-element-0d0fdd2 elementor-widget elementor-widget-heading\" data-id=\"0d0fdd2\" data-element_type=\"widget\" data-e-type=\"widget\" data-widget_type=\"heading.default\">\n\t\t\t\t\t<h6 class=\"elementor-heading-title elementor-size-default\">Visi\u00f3n<\/h6>\t\t\t\t<\/div>\n\t\t\t\t<div class=\"elementor-element elementor-element-e47c4fb elementor-widget elementor-widget-text-editor\" data-id=\"e47c4fb\" data-element_type=\"widget\" data-e-type=\"widget\" data-widget_type=\"text-editor.default\">\n\t\t\t\t\t\t\t\t\t<div id=\"about\"><div class=\"grid_13\"><div class=\"text\"><p>Convertir a Verano en l\u00edder en su mercado de actuaci\u00f3n en Am\u00e9rica Latina.<\/p><\/div><\/div><\/div>\t\t\t\t\t\t\t\t<\/div>\n\t\t\t\t<div class=\"elementor-element elementor-element-411ea4d elementor-widget elementor-widget-heading\" data-id=\"411ea4d\" data-element_type=\"widget\" data-e-type=\"widget\" data-widget_type=\"heading.default\">\n\t\t\t\t\t<h6 class=\"elementor-heading-title elementor-size-default\">Valores<\/h6>\t\t\t\t<\/div>\n\t\t\t\t<div class=\"elementor-element elementor-element-0a73105 elementor-widget elementor-widget-text-editor\" data-id=\"0a73105\" data-element_type=\"widget\" data-e-type=\"widget\" data-widget_type=\"text-editor.default\">\n\t\t\t\t\t\t\t\t\t<div id=\"about\"><div class=\"grid_13\"><div class=\"text\"><p>Orientaci\u00f3n al cliente: comprender y superar las expectativas de nuestros clientes.<br>Compromiso con los resultados: alcanzar los objetivos respetando los est\u00e1ndares de plazo, coste y calidad.<br>Trabajo en equipo: actuar de forma integrada y cooperativa, con una comunicaci\u00f3n clara y transparente, con el fin de alcanzar los objetivos de la organizaci\u00f3n, generando una cultura de estabilidad, productividad y satisfacci\u00f3n.<br>Innovaci\u00f3n: fomentar la generaci\u00f3n y la implementaci\u00f3n de nuevas ideas, desafiando las pr\u00e1cticas actuales y buscando la mejora continua, con el fin de generar beneficios para el negocio y las actividades cotidianas.<br>\u00c9tica: actuar con honestidad, integridad, transparencia y profesionalismo en todas nuestras relaciones y actividades, dentro y fuera de la empresa.<\/p><\/div><\/div><\/div>\t\t\t\t\t\t\t\t<\/div>\n\t\t\t\t<\/div>\n\t\t\t\t<\/div>\n\t\t\t\t\t<\/div>\n\t\t\t\t<\/div>\n\t\t\t\t<\/div>\n\t\t","protected":false},"excerpt":{"rendered":"<p>Historia Desde 1982, Verano ofrece lo mejor de su experiencia y de sus profesionales en el apoyo a todas las etapas de la gesti\u00f3n de proyectos. Nuestros consultores capacitan y asesoran a equipos y profesionales de las empresas nacionales e internacionales m\u00e1s grandes e importantes, que operan en diversos segmentos del mercado. Se proporciona un [&hellip;]<\/p>\n","protected":false},"author":1,"featured_media":0,"parent":0,"menu_order":0,"comment_status":"closed","ping_status":"closed","template":"","meta":{"_acf_changed":false,"productId":0,"courseId":0,"footnotes":""},"class_list":["post-2922","page","type-page","status-publish","hentry"],"acf":[],"_links":{"self":[{"href":"https:\/\/ead.verano.com.br\/site\/es\/wp-json\/wp\/v2\/pages\/2922","targetHints":{"allow":["GET"]}}],"collection":[{"href":"https:\/\/ead.verano.com.br\/site\/es\/wp-json\/wp\/v2\/pages"}],"about":[{"href":"https:\/\/ead.verano.com.br\/site\/es\/wp-json\/wp\/v2\/types\/page"}],"author":[{"embeddable":true,"href":"https:\/\/ead.verano.com.br\/site\/es\/wp-json\/wp\/v2\/users\/1"}],"replies":[{"embeddable":true,"href":"https:\/\/ead.verano.com.br\/site\/es\/wp-json\/wp\/v2\/comments?post=2922"}],"version-history":[{"count":1,"href":"https:\/\/ead.verano.com.br\/site\/es\/wp-json\/wp\/v2\/pages\/2922\/revisions"}],"predecessor-version":[{"id":2923,"href":"https:\/\/ead.verano.com.br\/site\/es\/wp-json\/wp\/v2\/pages\/2922\/revisions\/2923"}],"wp:attachment":[{"href":"https:\/\/ead.verano.com.br\/site\/es\/wp-json\/wp\/v2\/media?parent=2922"}],"curies":[{"name":"wp","href":"https:\/\/api.w.org\/{rel}","templated":true}]}}