{"id":2881,"date":"2026-02-16T13:46:32","date_gmt":"2026-02-16T16:46:32","guid":{"rendered":"https:\/\/ead.verano.com.br\/site\/tecnologia-de-la-informacion\/"},"modified":"2026-02-16T13:53:32","modified_gmt":"2026-02-16T16:53:32","slug":"tecnologia-de-la-informacion","status":"publish","type":"page","link":"https:\/\/ead.verano.com.br\/site\/es\/tecnologia-de-la-informacion\/","title":{"rendered":"Tecnolog\u00eda de la informaci\u00f3n"},"content":{"rendered":"\t\t<div data-elementor-type=\"wp-page\" data-elementor-id=\"2881\" class=\"elementor elementor-2881 elementor-2869\" data-elementor-post-type=\"page\">\n\t\t\t\t<div class=\"elementor-element elementor-element-3d5b01d4 e-flex e-con-boxed e-con e-parent\" data-id=\"3d5b01d4\" data-element_type=\"container\" data-e-type=\"container\" data-settings=\"{&quot;background_background&quot;:&quot;classic&quot;}\">\n\t\t\t\t\t<div class=\"e-con-inner\">\n\t\t\t\t\t<\/div>\n\t\t\t\t<\/div>\n\t\t<div class=\"elementor-element elementor-element-67823eb3 e-flex e-con-boxed e-con e-parent\" data-id=\"67823eb3\" data-element_type=\"container\" data-e-type=\"container\">\n\t\t\t\t\t<div class=\"e-con-inner\">\n\t\t<div class=\"elementor-element elementor-element-6af2d0ab e-con-full e-flex e-con e-child\" data-id=\"6af2d0ab\" data-element_type=\"container\" data-e-type=\"container\" data-settings=\"{&quot;background_background&quot;:&quot;classic&quot;}\">\n\t\t<div class=\"elementor-element elementor-element-42e9a308 e-con-full e-flex e-con e-child\" data-id=\"42e9a308\" data-element_type=\"container\" data-e-type=\"container\">\n\t\t\t\t<div class=\"elementor-element elementor-element-77c41a9e elementor-widget elementor-widget-heading\" data-id=\"77c41a9e\" data-element_type=\"widget\" data-e-type=\"widget\" data-widget_type=\"heading.default\">\n\t\t\t\t\t<h2 class=\"elementor-heading-title elementor-size-default\">Tecnolog\u00eda de la informaci\u00f3n<\/h2>\t\t\t\t<\/div>\n\t\t\t\t<div class=\"elementor-element elementor-element-482cafc9 elementor-widget elementor-widget-text-editor\" data-id=\"482cafc9\" data-element_type=\"widget\" data-e-type=\"widget\" data-widget_type=\"text-editor.default\">\n\t\t\t\t\t\t\t\t\t<main id=\"content\" class=\"site-main post-2863 page type-page status-publish hentry\"><div class=\"page-content\"><div class=\"elementor elementor-2863\" data-elementor-type=\"wp-page\" data-elementor-id=\"2863\" data-elementor-post-type=\"page\"><div class=\"elementor-element elementor-element-67823eb3 e-flex e-con-boxed e-con e-parent e-lazyloaded\" data-id=\"67823eb3\" data-element_type=\"container\" data-e-type=\"container\"><div class=\"e-con-inner\"><div class=\"elementor-element elementor-element-6af2d0ab e-con-full e-flex e-con e-child\" data-id=\"6af2d0ab\" data-element_type=\"container\" data-e-type=\"container\" data-settings=\"{\"background_background\":\"classic\"}\"><div class=\"elementor-element elementor-element-42e9a308 e-con-full e-flex e-con e-child\" data-id=\"42e9a308\" data-element_type=\"container\" data-e-type=\"container\"><div class=\"elementor-element elementor-element-482cafc9 elementor-widget elementor-widget-text-editor\" data-id=\"482cafc9\" data-element_type=\"widget\" data-e-type=\"widget\" data-widget_type=\"text-editor.default\"><p>El \u00e1rea de Tecnolog\u00eda de la Informaci\u00f3n de Verano ofrece un conjunto de productos y servicios del m\u00e1s alto nivel, con soluciones de integraci\u00f3n de tecnolog\u00edas l\u00edderes en el mercado.<\/p><p>Para la l\u00ednea de productos Primavera, agregamos valor y conocimiento en cada fase del proceso de adquisici\u00f3n:<\/p><p>\u2022 Elaboraci\u00f3n de la arquitectura de red y dimensionamiento de servidores;<\/p><p>\u2022 Instalaci\u00f3n y configuraci\u00f3n de software;<\/p><p>\u2022 Servicio de asistencia t\u00e9cnica y soporte tras la implementaci\u00f3n;<\/p><p>\u2022 Desarrollo de interfaces e integraciones de Primavera con SAP, otros ERP del mercado y diversos sistemas y aplicaciones internos.<\/p><p>Verano cuenta con un n\u00facleo de desarrollo de sistemas con profesionales capacitados y con experiencia en las m\u00e1s variadas l\u00edneas de negocio: ingenier\u00eda, servicios bancarios, construcci\u00f3n, miner\u00eda, operaci\u00f3n continua, etc.<\/p><\/div><\/div><\/div><\/div><\/div><\/div><\/div><\/main><footer class=\"elementor elementor-243 elementor-location-footer\" data-elementor-type=\"footer\" data-elementor-id=\"243\" data-elementor-post-type=\"elementor_library\"><section class=\"elementor-section elementor-top-section elementor-element elementor-element-aeb3a8a elementor-section-full_width elementor-section-height-min-height elementor-section-height-default elementor-section-items-middle\" data-id=\"aeb3a8a\" data-element_type=\"section\" data-e-type=\"section\"><div class=\"elementor-container elementor-column-gap-default\"><div class=\"elementor-column elementor-col-100 elementor-top-column elementor-element elementor-element-642a87ff\" data-id=\"642a87ff\" data-element_type=\"column\" data-e-type=\"column\"> <\/div><\/div><\/section><\/footer>\t\t\t\t\t\t\t\t<\/div>\n\t\t\t\t<\/div>\n\t\t<div class=\"elementor-element elementor-element-de16333 e-con-full e-flex e-con e-child\" data-id=\"de16333\" data-element_type=\"container\" data-e-type=\"container\">\n\t\t\t\t<div class=\"elementor-element elementor-element-693e6f6 elementor-widget elementor-widget-image\" data-id=\"693e6f6\" data-element_type=\"widget\" data-e-type=\"widget\" data-widget_type=\"image.default\">\n\t\t\t\t\t\t\t\t\t\t\t\t\t\t\t<img fetchpriority=\"high\" decoding=\"async\" width=\"582\" height=\"157\" src=\"https:\/\/ead.verano.com.br\/site\/wp-content\/uploads\/2026\/02\/banner_tecnologia.png\" class=\"attachment-large size-large wp-image-2880\" alt=\"\" srcset=\"https:\/\/ead.verano.com.br\/site\/wp-content\/uploads\/2026\/02\/banner_tecnologia.png 582w, https:\/\/ead.verano.com.br\/site\/wp-content\/uploads\/2026\/02\/banner_tecnologia-300x81.png 300w\" sizes=\"(max-width: 582px) 100vw, 582px\" \/>\t\t\t\t\t\t\t\t\t\t\t\t\t\t\t<\/div>\n\t\t\t\t<\/div>\n\t\t\t\t<\/div>\n\t\t\t\t\t<\/div>\n\t\t\t\t<\/div>\n\t\t\t\t<\/div>\n\t\t","protected":false},"excerpt":{"rendered":"<p>Tecnolog\u00eda de la informaci\u00f3n El \u00e1rea de Tecnolog\u00eda de la Informaci\u00f3n de Verano ofrece un conjunto de productos y servicios del m\u00e1s alto nivel, con soluciones de integraci\u00f3n de tecnolog\u00edas l\u00edderes en el mercado. Para la l\u00ednea de productos Primavera, agregamos valor y conocimiento en cada fase del proceso de adquisici\u00f3n: \u2022 Elaboraci\u00f3n de la [&hellip;]<\/p>\n","protected":false},"author":1,"featured_media":0,"parent":0,"menu_order":0,"comment_status":"closed","ping_status":"closed","template":"","meta":{"_acf_changed":false,"productId":0,"courseId":0,"footnotes":""},"class_list":["post-2881","page","type-page","status-publish","hentry"],"acf":[],"_links":{"self":[{"href":"https:\/\/ead.verano.com.br\/site\/es\/wp-json\/wp\/v2\/pages\/2881","targetHints":{"allow":["GET"]}}],"collection":[{"href":"https:\/\/ead.verano.com.br\/site\/es\/wp-json\/wp\/v2\/pages"}],"about":[{"href":"https:\/\/ead.verano.com.br\/site\/es\/wp-json\/wp\/v2\/types\/page"}],"author":[{"embeddable":true,"href":"https:\/\/ead.verano.com.br\/site\/es\/wp-json\/wp\/v2\/users\/1"}],"replies":[{"embeddable":true,"href":"https:\/\/ead.verano.com.br\/site\/es\/wp-json\/wp\/v2\/comments?post=2881"}],"version-history":[{"count":1,"href":"https:\/\/ead.verano.com.br\/site\/es\/wp-json\/wp\/v2\/pages\/2881\/revisions"}],"predecessor-version":[{"id":2882,"href":"https:\/\/ead.verano.com.br\/site\/es\/wp-json\/wp\/v2\/pages\/2881\/revisions\/2882"}],"wp:attachment":[{"href":"https:\/\/ead.verano.com.br\/site\/es\/wp-json\/wp\/v2\/media?parent=2881"}],"curies":[{"name":"wp","href":"https:\/\/api.w.org\/{rel}","templated":true}]}}