{"id":2861,"date":"2026-02-16T13:26:02","date_gmt":"2026-02-16T16:26:02","guid":{"rendered":"https:\/\/ead.verano.com.br\/site\/synchro\/"},"modified":"2026-02-16T13:39:44","modified_gmt":"2026-02-16T16:39:44","slug":"synchro","status":"publish","type":"page","link":"https:\/\/ead.verano.com.br\/site\/es\/synchro\/","title":{"rendered":"Synchro"},"content":{"rendered":"\t\t<div data-elementor-type=\"wp-page\" data-elementor-id=\"2861\" class=\"elementor elementor-2861 elementor-2845\" data-elementor-post-type=\"page\">\n\t\t\t\t<div class=\"elementor-element elementor-element-3d5b01d4 e-flex e-con-boxed e-con e-parent\" data-id=\"3d5b01d4\" data-element_type=\"container\" data-e-type=\"container\" data-settings=\"{&quot;background_background&quot;:&quot;classic&quot;}\">\n\t\t\t\t\t<div class=\"e-con-inner\">\n\t\t\t\t\t<\/div>\n\t\t\t\t<\/div>\n\t\t<div class=\"elementor-element elementor-element-67823eb3 e-flex e-con-boxed e-con e-parent\" data-id=\"67823eb3\" data-element_type=\"container\" data-e-type=\"container\">\n\t\t\t\t\t<div class=\"e-con-inner\">\n\t\t<div class=\"elementor-element elementor-element-6af2d0ab e-con-full e-flex e-con e-child\" data-id=\"6af2d0ab\" data-element_type=\"container\" data-e-type=\"container\" data-settings=\"{&quot;background_background&quot;:&quot;classic&quot;}\">\n\t\t<div class=\"elementor-element elementor-element-42e9a308 e-con-full e-flex e-con e-child\" data-id=\"42e9a308\" data-element_type=\"container\" data-e-type=\"container\">\n\t\t\t\t<div class=\"elementor-element elementor-element-77c41a9e elementor-widget elementor-widget-heading\" data-id=\"77c41a9e\" data-element_type=\"widget\" data-e-type=\"widget\" data-widget_type=\"heading.default\">\n\t\t\t\t\t<h2 class=\"elementor-heading-title elementor-size-default\">Synchro<\/h2>\t\t\t\t<\/div>\n\t\t\t\t<div class=\"elementor-element elementor-element-482cafc9 elementor-widget elementor-widget-text-editor\" data-id=\"482cafc9\" data-element_type=\"widget\" data-e-type=\"widget\" data-widget_type=\"text-editor.default\">\n\t\t\t\t\t\t\t\t\t<p style=\"text-align: justify;\">Synchro es una herramienta que permite presentar dise\u00f1os de ingenier\u00eda en 3D\/4D, mediante la integraci\u00f3n entre la planificaci\u00f3n realizada en Primavera y los proyectos ejecutados en programas CAD 3D, de modo que el proyecto pueda visualizarse en tiempo real en su secuencia de ejecuci\u00f3n en m\u00faltiples dimensiones.<\/p>\t\t\t\t\t\t\t\t<\/div>\n\t\t\t\t<div class=\"elementor-element elementor-element-9cf7955 elementor-widget elementor-widget-heading\" data-id=\"9cf7955\" data-element_type=\"widget\" data-e-type=\"widget\" data-widget_type=\"heading.default\">\n\t\t\t\t\t<h4 class=\"elementor-heading-title elementor-size-default\">Caracter\u00edsticas generales:<\/h4>\t\t\t\t<\/div>\n\t\t\t\t<div class=\"elementor-element elementor-element-a043212 elementor-widget elementor-widget-text-editor\" data-id=\"a043212\" data-element_type=\"widget\" data-e-type=\"widget\" data-widget_type=\"text-editor.default\">\n\t\t\t\t\t\t\t\t\t<p>\u2022 Genera una vista previa gr\u00e1fica en 3D\/4D del proyecto de ingenier\u00eda.<br>\u2022 Gesti\u00f3n de proyectos de ingenier\u00eda;<br>\u2022 Mantiene a todos los implicados informados sobre la evoluci\u00f3n del proyecto.<br>\u2022 Permite analizar y mitigar riesgos;<br>\u2022 Gestiona la cadena de suministro de forma precisa y eficiente.<br>\u2022 Integra datos de programas de dise\u00f1o CAD 3D con datos de programas de gesti\u00f3n de proyectos como Primavera, generando simulaciones completas y fieles a la realidad.<br>\u2022 Proporciona una visualizaci\u00f3n completa de la simulaci\u00f3n de la construcci\u00f3n, teniendo en cuenta los cambios realizados en los datos de gesti\u00f3n de riesgos y plazos del proyecto, mostrando en tiempo real los efectos que dichos cambios tendr\u00e1n en la construcci\u00f3n.<br>\u2022 Gesti\u00f3n de recursos;<br>\u2022 M\u00faltiples bases para comparar el rendimiento real del proyecto con el rendimiento previsto;<br>\u2022 Seguimiento del progreso del proyecto;<br>\u2022 Genera simulaciones 3D\/4D de recursos materiales, equipos y espacios f\u00edsicos.<br>\u2022 Importa, exporta y sincroniza datos con Primavera.<br>\u2022 Importa y exporta cronogramas en formato Microsoft Office Project Standard XML.<br>\u2022 Genera documentaci\u00f3n detallada y precisa para la presentaci\u00f3n de propuestas.<br>\u2022 Muestra la lista de tareas y los gr\u00e1ficos de Gantt, lo que facilita la visualizaci\u00f3n del progreso del proyecto.<br>\u2022 Analiza el valor a\u00f1adido;<br>\u2022 Proporciona acceso simult\u00e1neo a un proyecto compartido, lo que permite una sincronizaci\u00f3n permanente de los datos que cuentan con una planificaci\u00f3n colaborativa.<\/p>\t\t\t\t\t\t\t\t<\/div>\n\t\t\t\t<div class=\"elementor-element elementor-element-c31673e elementor-widget elementor-widget-heading\" data-id=\"c31673e\" data-element_type=\"widget\" data-e-type=\"widget\" data-widget_type=\"heading.default\">\n\t\t\t\t\t<h5 class=\"elementor-heading-title elementor-size-default\">V\u00eddeos:<\/h5>\t\t\t\t<\/div>\n\t\t\t\t<\/div>\n\t\t<div class=\"elementor-element elementor-element-de16333 e-con-full e-flex e-con e-child\" data-id=\"de16333\" data-element_type=\"container\" data-e-type=\"container\">\n\t\t\t\t<div class=\"elementor-element elementor-element-693e6f6 elementor-widget elementor-widget-image\" data-id=\"693e6f6\" data-element_type=\"widget\" data-e-type=\"widget\" data-widget_type=\"image.default\">\n\t\t\t\t\t\t\t\t\t\t\t\t\t\t\t<img fetchpriority=\"high\" decoding=\"async\" width=\"582\" height=\"780\" src=\"https:\/\/ead.verano.com.br\/site\/wp-content\/uploads\/2026\/02\/synchro.png\" class=\"attachment-large size-large wp-image-2860\" alt=\"\" srcset=\"https:\/\/ead.verano.com.br\/site\/wp-content\/uploads\/2026\/02\/synchro.png 582w, https:\/\/ead.verano.com.br\/site\/wp-content\/uploads\/2026\/02\/synchro-224x300.png 224w\" sizes=\"(max-width: 582px) 100vw, 582px\" \/>\t\t\t\t\t\t\t\t\t\t\t\t\t\t\t<\/div>\n\t\t\t\t<\/div>\n\t\t\t\t<\/div>\n\t\t\t\t\t<\/div>\n\t\t\t\t<\/div>\n\t\t<div class=\"elementor-element elementor-element-6f34c39 e-flex e-con-boxed e-con e-parent\" data-id=\"6f34c39\" data-element_type=\"container\" data-e-type=\"container\">\n\t\t\t\t\t<div class=\"e-con-inner\">\n\t\t<div class=\"elementor-element elementor-element-2493689 e-con-full e-flex e-con e-child\" data-id=\"2493689\" data-element_type=\"container\" data-e-type=\"container\">\n\t\t\t\t<div class=\"elementor-element elementor-element-a745abc elementor-widget elementor-widget-video\" data-id=\"a745abc\" data-element_type=\"widget\" data-e-type=\"widget\" data-settings=\"{&quot;youtube_url&quot;:&quot;https:\\\/\\\/www.youtube.com\\\/watch?v=5UDhkjhqmy0&quot;,&quot;video_type&quot;:&quot;youtube&quot;,&quot;controls&quot;:&quot;yes&quot;}\" data-widget_type=\"video.default\">\n\t\t\t\t\t\t\t<div class=\"elementor-wrapper elementor-open-inline\">\n\t\t\t<div class=\"elementor-video\"><\/div>\t\t<\/div>\n\t\t\t\t\t\t<\/div>\n\t\t\t\t<\/div>\n\t\t<div class=\"elementor-element elementor-element-fa94824 e-con-full e-flex e-con e-child\" data-id=\"fa94824\" data-element_type=\"container\" data-e-type=\"container\">\n\t\t\t\t<div class=\"elementor-element elementor-element-ad3e5a5 elementor-widget elementor-widget-video\" data-id=\"ad3e5a5\" data-element_type=\"widget\" data-e-type=\"widget\" data-settings=\"{&quot;youtube_url&quot;:&quot;https:\\\/\\\/youtu.be\\\/SdKdO1L_POU&quot;,&quot;video_type&quot;:&quot;youtube&quot;,&quot;controls&quot;:&quot;yes&quot;}\" data-widget_type=\"video.default\">\n\t\t\t\t\t\t\t<div class=\"elementor-wrapper elementor-open-inline\">\n\t\t\t<div class=\"elementor-video\"><\/div>\t\t<\/div>\n\t\t\t\t\t\t<\/div>\n\t\t\t\t<\/div>\n\t\t<div class=\"elementor-element elementor-element-9b30706 e-con-full e-flex e-con e-child\" data-id=\"9b30706\" data-element_type=\"container\" data-e-type=\"container\">\n\t\t\t\t<div class=\"elementor-element elementor-element-2cc63e1 elementor-widget elementor-widget-video\" data-id=\"2cc63e1\" data-element_type=\"widget\" data-e-type=\"widget\" data-settings=\"{&quot;youtube_url&quot;:&quot;https:\\\/\\\/youtu.be\\\/ae0BF0d_ry4&quot;,&quot;video_type&quot;:&quot;youtube&quot;,&quot;controls&quot;:&quot;yes&quot;}\" data-widget_type=\"video.default\">\n\t\t\t\t\t\t\t<div class=\"elementor-wrapper elementor-open-inline\">\n\t\t\t<div class=\"elementor-video\"><\/div>\t\t<\/div>\n\t\t\t\t\t\t<\/div>\n\t\t\t\t<\/div>\n\t\t<div class=\"elementor-element elementor-element-25d532e e-con-full e-flex e-con e-child\" data-id=\"25d532e\" data-element_type=\"container\" data-e-type=\"container\">\n\t\t\t\t<div class=\"elementor-element elementor-element-124c01d elementor-widget elementor-widget-video\" data-id=\"124c01d\" data-element_type=\"widget\" data-e-type=\"widget\" data-settings=\"{&quot;youtube_url&quot;:&quot;https:\\\/\\\/youtu.be\\\/aNr0yEfSqHo&quot;,&quot;video_type&quot;:&quot;youtube&quot;,&quot;controls&quot;:&quot;yes&quot;}\" data-widget_type=\"video.default\">\n\t\t\t\t\t\t\t<div class=\"elementor-wrapper elementor-open-inline\">\n\t\t\t<div class=\"elementor-video\"><\/div>\t\t<\/div>\n\t\t\t\t\t\t<\/div>\n\t\t\t\t<\/div>\n\t\t<div class=\"elementor-element elementor-element-450ee68 e-con-full e-flex e-con e-child\" data-id=\"450ee68\" data-element_type=\"container\" data-e-type=\"container\">\n\t\t\t\t<div class=\"elementor-element elementor-element-1ac9a37 elementor-widget elementor-widget-video\" data-id=\"1ac9a37\" data-element_type=\"widget\" data-e-type=\"widget\" data-settings=\"{&quot;youtube_url&quot;:&quot;https:\\\/\\\/youtu.be\\\/bHgMjJmvusQ&quot;,&quot;video_type&quot;:&quot;youtube&quot;,&quot;controls&quot;:&quot;yes&quot;}\" data-widget_type=\"video.default\">\n\t\t\t\t\t\t\t<div class=\"elementor-wrapper elementor-open-inline\">\n\t\t\t<div class=\"elementor-video\"><\/div>\t\t<\/div>\n\t\t\t\t\t\t<\/div>\n\t\t\t\t<\/div>\n\t\t<div class=\"elementor-element elementor-element-e94a9f6 e-con-full e-flex e-con e-child\" data-id=\"e94a9f6\" data-element_type=\"container\" data-e-type=\"container\">\n\t\t\t\t<div class=\"elementor-element elementor-element-5880e89 elementor-widget elementor-widget-video\" data-id=\"5880e89\" data-element_type=\"widget\" data-e-type=\"widget\" data-settings=\"{&quot;youtube_url&quot;:&quot;https:\\\/\\\/youtu.be\\\/-J30Orhfy0o&quot;,&quot;video_type&quot;:&quot;youtube&quot;,&quot;controls&quot;:&quot;yes&quot;}\" data-widget_type=\"video.default\">\n\t\t\t\t\t\t\t<div class=\"elementor-wrapper elementor-open-inline\">\n\t\t\t<div class=\"elementor-video\"><\/div>\t\t<\/div>\n\t\t\t\t\t\t<\/div>\n\t\t\t\t<\/div>\n\t\t\t\t\t<\/div>\n\t\t\t\t<\/div>\n\t\t\t\t<\/div>\n\t\t","protected":false},"excerpt":{"rendered":"<p>Synchro Synchro es una herramienta que permite presentar dise\u00f1os de ingenier\u00eda en 3D\/4D, mediante la integraci\u00f3n entre la planificaci\u00f3n realizada en Primavera y los proyectos ejecutados en programas CAD 3D, de modo que el proyecto pueda visualizarse en tiempo real en su secuencia de ejecuci\u00f3n en m\u00faltiples dimensiones. Caracter\u00edsticas generales: \u2022 Genera una vista previa [&hellip;]<\/p>\n","protected":false},"author":1,"featured_media":0,"parent":0,"menu_order":0,"comment_status":"closed","ping_status":"closed","template":"","meta":{"_acf_changed":false,"productId":0,"courseId":0,"footnotes":""},"class_list":["post-2861","page","type-page","status-publish","hentry"],"acf":[],"_links":{"self":[{"href":"https:\/\/ead.verano.com.br\/site\/es\/wp-json\/wp\/v2\/pages\/2861","targetHints":{"allow":["GET"]}}],"collection":[{"href":"https:\/\/ead.verano.com.br\/site\/es\/wp-json\/wp\/v2\/pages"}],"about":[{"href":"https:\/\/ead.verano.com.br\/site\/es\/wp-json\/wp\/v2\/types\/page"}],"author":[{"embeddable":true,"href":"https:\/\/ead.verano.com.br\/site\/es\/wp-json\/wp\/v2\/users\/1"}],"replies":[{"embeddable":true,"href":"https:\/\/ead.verano.com.br\/site\/es\/wp-json\/wp\/v2\/comments?post=2861"}],"version-history":[{"count":1,"href":"https:\/\/ead.verano.com.br\/site\/es\/wp-json\/wp\/v2\/pages\/2861\/revisions"}],"predecessor-version":[{"id":2862,"href":"https:\/\/ead.verano.com.br\/site\/es\/wp-json\/wp\/v2\/pages\/2861\/revisions\/2862"}],"wp:attachment":[{"href":"https:\/\/ead.verano.com.br\/site\/es\/wp-json\/wp\/v2\/media?parent=2861"}],"curies":[{"name":"wp","href":"https:\/\/api.w.org\/{rel}","templated":true}]}}