{"id":2843,"date":"2025-09-02T12:14:42","date_gmt":"2025-09-02T15:14:42","guid":{"rendered":"https:\/\/ead.verano.com.br\/site\/politica-de-privacidad\/"},"modified":"2026-02-16T10:50:08","modified_gmt":"2026-02-16T13:50:08","slug":"politica-de-privacidad","status":"publish","type":"page","link":"https:\/\/ead.verano.com.br\/site\/es\/politica-de-privacidad\/","title":{"rendered":"Pol\u00edtica de privacidad"},"content":{"rendered":"\t\t<div data-elementor-type=\"wp-page\" data-elementor-id=\"2843\" class=\"elementor elementor-2843 elementor-3\" data-elementor-post-type=\"page\">\n\t\t\t\t<div class=\"elementor-element elementor-element-684acdfb e-flex e-con-boxed e-con e-parent\" data-id=\"684acdfb\" data-element_type=\"container\" data-e-type=\"container\">\n\t\t\t\t\t<div class=\"e-con-inner\">\n\t\t\t\t<div class=\"elementor-element elementor-element-a6b42c7 elementor-widget elementor-widget-heading\" data-id=\"a6b42c7\" data-element_type=\"widget\" data-e-type=\"widget\" data-widget_type=\"heading.default\">\n\t\t\t\t\t<h2 class=\"elementor-heading-title elementor-size-default\">Pol\u00edtica de privacidad y tratamiento de datos<\/h2>\t\t\t\t<\/div>\n\t\t\t\t<div class=\"elementor-element elementor-element-e75d570 elementor-widget elementor-widget-heading\" data-id=\"e75d570\" data-element_type=\"widget\" data-e-type=\"widget\" data-widget_type=\"heading.default\">\n\t\t\t\t\t<h6 class=\"elementor-heading-title elementor-size-default\">1. Identificaci\u00f3n de la persona responsable:<\/h6>\t\t\t\t<\/div>\n\t\t\t\t<div class=\"elementor-element elementor-element-7db0e1cb elementor-widget elementor-widget-text-editor\" data-id=\"7db0e1cb\" data-element_type=\"widget\" data-e-type=\"widget\" data-widget_type=\"text-editor.default\">\n\t\t\t\t\t\t\t\t\t<p style=\"text-align: justify;\">Verano Engenharia Com. Imp. e Exp. Ltda, en adelante denominada \u00abla empresa\u00bb o \u00abEmpresa\u00bb, con CNPJ .52.136.249\/0001-22, es responsable del tratamiento de todos los datos personales recopilados a trav\u00e9s del sitio web www.verano.com.br. Si necesita ponerse en contacto con la empresa en relaci\u00f3n con el tratamiento de sus datos personales, puede hacerlo a trav\u00e9s del correo electr\u00f3nico info@verano.com.br.     <\/p>\n<p style=\"text-align: justify;\">El objetivo de esta pol\u00edtica es cumplir con lo dispuesto en la Ley General de Protecci\u00f3n de Datos Personales (LGPD), Ley n.\u00ba 13.709\/2018 y otras normas coherentes que rigen el derecho constitucional de los ciudadanos a autorizar el tratamiento de sus datos personales, as\u00ed como a conocer, actualizar y rectificar la informaci\u00f3n recopilada sobre ellos en bases de datos o archivos de entidades p\u00fablicas y privadas.<\/p>\n<p style=\"text-align: justify;\">La empresa toma las precauciones necesarias para proteger la informaci\u00f3n de los usuarios y visitantes del sitio web Verano.com.br de acuerdo con las leyes brasile\u00f1as y no brasile\u00f1as, seg\u00fan sea aplicable en cada caso.<\/p>\t\t\t\t\t\t\t\t<\/div>\n\t\t\t\t<div class=\"elementor-element elementor-element-fbe4f97 elementor-widget elementor-widget-heading\" data-id=\"fbe4f97\" data-element_type=\"widget\" data-e-type=\"widget\" data-widget_type=\"heading.default\">\n\t\t\t\t\t<h6 class=\"elementor-heading-title elementor-size-default\">2. Finalidades del tratamiento:<\/h6>\t\t\t\t<\/div>\n\t\t\t\t<div class=\"elementor-element elementor-element-bdb2d5a elementor-widget elementor-widget-text-editor\" data-id=\"bdb2d5a\" data-element_type=\"widget\" data-e-type=\"widget\" data-widget_type=\"text-editor.default\">\n\t\t\t\t\t\t\t\t\t<p style=\"text-align: justify;\">La empresa recopila los datos personales de los usuarios y visitantes del sitio web Verano.com.br para los siguientes fines:<\/p>\n<p style=\"text-align: justify;\">(i) enviar informaci\u00f3n comercial y asesoramiento relacionado con los productos y servicios ofrecidos por la empresa;<\/p>\n<p style=\"text-align: justify;\">(ii) para garantizar y mejorar la usabilidad del servicio, prestar asistencia t\u00e9cnica, realizar tareas de mantenimiento, actualizaciones, incidentes de presencia, inconvenientes, requisitos, reclamaciones y quejas;<\/p>\n<p style=\"text-align: justify;\">(iii) para fines administrativos, tales como cotizaciones, pagos, pagos, pagos, pagos, servicios de gesti\u00f3n, servicios de gesti\u00f3n, pago, pago, entre otros;<\/p>\n<p style=\"text-align: justify;\">(iv) enviar informaci\u00f3n sobre noticias, novedades, boletines informativos;<\/p>\n<p style=\"text-align: justify;\">(v) realizar acciones de inteligencia empresarial, creaci\u00f3n de ofertas a medida, perspectivas de clientes, investigaci\u00f3n y tendencias de mercado. Es importante se\u00f1alar que la informaci\u00f3n recibida por los usuarios y visitantes en virtud de lo anterior no puede ser utilizada por ellos con fines publicitarios, promocionales o comerciales de ning\u00fan tipo, ni para ninguna otra actividad no relacionada con el sitio web Verano.com.br, salvo que lo autorice expresamente el titular de la informaci\u00f3n. <\/p>\t\t\t\t\t\t\t\t<\/div>\n\t\t\t\t<div class=\"elementor-element elementor-element-39d7a53 elementor-widget elementor-widget-heading\" data-id=\"39d7a53\" data-element_type=\"widget\" data-e-type=\"widget\" data-widget_type=\"heading.default\">\n\t\t\t\t\t<h6 class=\"elementor-heading-title elementor-size-default\">3. Consentimiento del t\u00edtulo:\n<\/h6>\t\t\t\t<\/div>\n\t\t\t\t<div class=\"elementor-element elementor-element-8e230ce elementor-widget elementor-widget-text-editor\" data-id=\"8e230ce\" data-element_type=\"widget\" data-e-type=\"widget\" data-widget_type=\"text-editor.default\">\n\t\t\t\t\t\t\t\t\t<p style=\"text-align: justify;\">La empresa solicita a los usuarios y visitantes del sitio web Verano.com.br su permiso para utilizar los datos personales facilitados en el momento del registro, o cualquier otro dato facilitado a la empresa en cualquier momento, seg\u00fan el tipo de enlace o base de datos, con el fin de facilitar la relaci\u00f3n que se establece o se pretende establecer, la prestaci\u00f3n de los servicios solicitados, el acceso a algunos de los servicios, eventos, informaci\u00f3n, entre otros.<\/p>\n<p style=\"text-align: justify;\">Al otorgar su autorizaci\u00f3n, el titular acepta que los datos personales facilitados se utilicen de acuerdo con los fines establecidos en el apartado anterior y en la pol\u00edtica de tratamiento de datos personales de la empresa.<\/p>\n<p style=\"text-align: justify;\">La autorizaci\u00f3n del titular se concede de forma libre, voluntaria, informada y expresa, y puede ser revocada en cualquier momento por el titular de los datos, mediante un procedimiento previsto en la pol\u00edtica de tratamiento de datos personales de la empresa.<\/p>\t\t\t\t\t\t\t\t<\/div>\n\t\t\t\t<div class=\"elementor-element elementor-element-450e63d elementor-widget elementor-widget-heading\" data-id=\"450e63d\" data-element_type=\"widget\" data-e-type=\"widget\" data-widget_type=\"heading.default\">\n\t\t\t\t\t<h6 class=\"elementor-heading-title elementor-size-default\">4. Datos sensibles:<\/h6>\t\t\t\t<\/div>\n\t\t\t\t<div class=\"elementor-element elementor-element-f98e77f elementor-widget elementor-widget-text-editor\" data-id=\"f98e77f\" data-element_type=\"widget\" data-e-type=\"widget\" data-widget_type=\"text-editor.default\">\n\t\t\t\t\t\t\t\t\t<p style=\"text-align: justify;\">La EMPRESA no recopilar\u00e1 ni procesar\u00e1 datos sensibles, entendidos como aquellos que afectan a la intimidad o la privacidad del titular, como informaci\u00f3n sobre salud, orientaci\u00f3n sexual, religi\u00f3n, afiliaci\u00f3n pol\u00edtica, entre otros.<\/p>\t\t\t\t\t\t\t\t<\/div>\n\t\t\t\t<div class=\"elementor-element elementor-element-0c3045a elementor-widget elementor-widget-heading\" data-id=\"0c3045a\" data-element_type=\"widget\" data-e-type=\"widget\" data-widget_type=\"heading.default\">\n\t\t\t\t\t<h6 class=\"elementor-heading-title elementor-size-default\">5. Los derechos de los titulares:<\/h6>\t\t\t\t<\/div>\n\t\t\t\t<div class=\"elementor-element elementor-element-d907cbd elementor-widget elementor-widget-text-editor\" data-id=\"d907cbd\" data-element_type=\"widget\" data-e-type=\"widget\" data-widget_type=\"text-editor.default\">\n\t\t\t\t\t\t\t\t\t<p style=\"text-align: justify;\">No caso de o titular da informa\u00e7\u00e3o desejar exercer qualquer um dos seus direitos, deve enviar o seu pedido, explicando de forma clara e detalhada o motivo do seu pedido, os fatos que o suportam, as suas informa\u00e7\u00f5es de contato, os documentos que pretende fazer cumprir e o seu \u00abs)\u00bb(s) ao e-mail info.verano.com.br ou por meio do formul\u00e1rio de contato dispon\u00edvel no website http:\/\/www.verano.com.br\/entre-em-contato\/envie-sua-mensagem.<\/p>\n<p style=\"text-align: justify;\">Si la solicitud est\u00e1 incompleta, se exigir\u00e1 al interesado que subsane las deficiencias en un plazo de tres (3) d\u00edas h\u00e1biles a partir de la recepci\u00f3n de la solicitud. Transcurridos tres (3) meses desde la fecha de la solicitud, si el solicitante no ha presentado la informaci\u00f3n requerida, se considerar\u00e1 que la solicitud ha sido retirada. Si la persona que recibe la solicitud no es competente para resolverla, deber\u00e1 transferirla a la persona competente en un plazo m\u00e1ximo de treinta (30) d\u00edas h\u00e1biles e informar a la persona interesada de la situaci\u00f3n. Las consultas se tramitar\u00e1n en un plazo m\u00e1ximo de tres (3) d\u00edas h\u00e1biles a partir de la fecha de recepci\u00f3n de las mismas.   <\/p>\n<p style=\"text-align: justify;\">Cuando no sea posible atender la consulta en ese plazo, la Compa\u00f1\u00eda informar\u00e1 al interesado, expresando los motivos del retraso e indicando la fecha en que se atender\u00e1 su consulta, que en ning\u00fan caso podr\u00e1 exceder los treinta (30) d\u00edas h\u00e1biles tras la finalizaci\u00f3n del primer plazo. En relaci\u00f3n con las reclamaciones, el Titular o el responsable del tratamiento solo podr\u00e1n presentar una reclamaci\u00f3n ante la autoridad competente una vez que se haya agotado el procedimiento de consulta o reclamaci\u00f3n ante la Empresa o el responsable del tratamiento, seg\u00fan corresponda. <\/p>\n<p style=\"text-align: justify;\">La solicitud de retirada o exclusi\u00f3n no debe proceder cuando exista una obligaci\u00f3n contractual de mantenerla en la base de datos de Verano Engenharia Com. Imp. e Exp. Ltda.   <\/p>\t\t\t\t\t\t\t\t<\/div>\n\t\t\t\t<div class=\"elementor-element elementor-element-2de1eee elementor-widget elementor-widget-heading\" data-id=\"2de1eee\" data-element_type=\"widget\" data-e-type=\"widget\" data-widget_type=\"heading.default\">\n\t\t\t\t\t<h6 class=\"elementor-heading-title elementor-size-default\">6. Transferencia internacional:<\/h6>\t\t\t\t<\/div>\n\t\t\t\t<div class=\"elementor-element elementor-element-40362c6 elementor-widget elementor-widget-text-editor\" data-id=\"40362c6\" data-element_type=\"widget\" data-e-type=\"widget\" data-widget_type=\"text-editor.default\">\n\t\t\t\t\t\t\t\t\t<p style=\"text-align: justify;\">La empresa no realizar\u00e1 transferencias internacionales de datos personales de los usuarios a terceros pa\u00edses. Todos los datos se almacenar\u00e1n y procesar\u00e1n en el territorio de Brasil. <\/p>\t\t\t\t\t\t\t\t<\/div>\n\t\t\t\t<div class=\"elementor-element elementor-element-47f6904 elementor-widget elementor-widget-heading\" data-id=\"47f6904\" data-element_type=\"widget\" data-e-type=\"widget\" data-widget_type=\"heading.default\">\n\t\t\t\t\t<h6 class=\"elementor-heading-title elementor-size-default\">7. Seguridad de los datos:<\/h6>\t\t\t\t<\/div>\n\t\t\t\t<div class=\"elementor-element elementor-element-a5d0ba5 elementor-widget elementor-widget-text-editor\" data-id=\"a5d0ba5\" data-element_type=\"widget\" data-e-type=\"widget\" data-widget_type=\"text-editor.default\">\n\t\t\t\t\t\t\t\t\t<p style=\"text-align: justify;\">LA EMPRESA se compromete a implementar las medidas t\u00e9cnicas y administrativas adecuadas para garantizar la protecci\u00f3n de los datos personales de los titulares, con el fin de evitar el acceso no autorizado, la p\u00e9rdida, la destrucci\u00f3n, la alteraci\u00f3n o la divulgaci\u00f3n indebida de dichos datos.<\/p>\n<p style=\"text-align: justify;\">Para ello, se utilizan herramientas de seguridad que cumplen con los est\u00e1ndares del sector, como cortafuegos, sistemas de detecci\u00f3n de intrusos, sistemas de supervisi\u00f3n y control de acceso, entre otros.<\/p>\n<p style=\"text-align: justify;\">Adem\u00e1s, la EMPRESA forma constantemente y sensibiliza a su personal sobre la importancia de la protecci\u00f3n de los datos personales y su tratamiento adecuado, con el fin de garantizar la confidencialidad, integridad y disponibilidad de la informaci\u00f3n.<\/p>\n<p style=\"text-align: justify;\">Por otra parte, la EMPRESA llevar\u00e1 a cabo revisiones peri\u00f3dicas de sus medidas de seguridad para garantizar que est\u00e9n siempre actualizadas y sean eficaces. Sin embargo, debido a la propia naturaleza de las tecnolog\u00edas y los sistemas de informaci\u00f3n, puede haber riesgos que no puedan mitigarse por completo, por lo que la EMPRESA no ser\u00e1 responsable en caso de da\u00f1os derivados de la violaci\u00f3n de las medidas de seguridad, a menos que dicha infracci\u00f3n haya sido causada por negligencia o incumplimiento por parte de la EMPRESA de sus obligaciones legales y contractuales en materia de protecci\u00f3n de datos personales. <\/p>\t\t\t\t\t\t\t\t<\/div>\n\t\t\t\t<div class=\"elementor-element elementor-element-b7714aa elementor-widget elementor-widget-heading\" data-id=\"b7714aa\" data-element_type=\"widget\" data-e-type=\"widget\" data-widget_type=\"heading.default\">\n\t\t\t\t\t<h6 class=\"elementor-heading-title elementor-size-default\">8 - Plazo de conservaci\u00f3n:<\/h6>\t\t\t\t<\/div>\n\t\t\t\t<div class=\"elementor-element elementor-element-68efc16 elementor-widget elementor-widget-text-editor\" data-id=\"68efc16\" data-element_type=\"widget\" data-e-type=\"widget\" data-widget_type=\"text-editor.default\">\n\t\t\t\t\t\t\t\t\t<p style=\"text-align: justify;\">Los datos personales de los usuarios permanecer\u00e1n vigentes durante 5 a\u00f1os para cumplir con los usos y fines descritos en las Pol\u00edticas de Privacidad o en los T\u00e9rminos y Condiciones.<\/p>\n<p style=\"text-align: justify;\">Adem\u00e1s de lo anterior, es importante mencionar que, una vez finalizado el per\u00edodo de retenci\u00f3n, los datos personales se eliminar\u00e1n de las bases de datos de la EMPRESA de forma segura y definitiva, a menos que exista alguna obligaci\u00f3n legal que impida su eliminaci\u00f3n.<\/p>\n<p style=\"text-align: justify;\">Adem\u00e1s, cuando el titular de los datos solicite la eliminaci\u00f3n de sus datos personales antes del plazo establecido, dicha solicitud deber\u00e1 ser atendida, siempre que no exista ninguna obligaci\u00f3n legal que impida su eliminaci\u00f3n y que la eliminaci\u00f3n de los datos no afecte a los derechos de terceros ni a los intereses leg\u00edtimos de la Empresa o de terceros.<\/p>\n<p style=\"text-align: justify;\">Es responsabilidad de los titulares garantizar la veracidad y actualizaci\u00f3n de los datos personales facilitados a la EMPRESA y, en caso de cualquier modificaci\u00f3n, deber\u00e1n notificarlo inmediatamente a la Empresa para que esta realice las actualizaciones correspondientes.<\/p>\t\t\t\t\t\t\t\t<\/div>\n\t\t\t\t<div class=\"elementor-element elementor-element-e6cdfb3 elementor-widget elementor-widget-heading\" data-id=\"e6cdfb3\" data-element_type=\"widget\" data-e-type=\"widget\" data-widget_type=\"heading.default\">\n\t\t\t\t\t<h6 class=\"elementor-heading-title elementor-size-default\">9. Confidencialidad:<\/h6>\t\t\t\t<\/div>\n\t\t\t\t<div class=\"elementor-element elementor-element-c9696dd elementor-widget elementor-widget-text-editor\" data-id=\"c9696dd\" data-element_type=\"widget\" data-e-type=\"widget\" data-widget_type=\"text-editor.default\">\n\t\t\t\t\t\t\t\t\t<p style=\"text-align: justify;\">La empresa se compromete a no vender, alquilar ni compartir la informaci\u00f3n personal de los titulares, salvo en los casos previstos en esta pol\u00edtica de tratamiento de datos personales.<\/p>\n<p style=\"text-align: justify;\">En este sentido, la empresa puede compartir la informaci\u00f3n personal de los titulares con terceros, siempre que dicha transferencia tenga como finalidad prestar los servicios ofrecidos por la Empresa.<\/p>\n<p style=\"text-align: justify;\">Los titulares de la informaci\u00f3n autorizan expresamente a la Empresa a transferir, total o parcialmente, la responsabilidad del tratamiento de los datos personales de los usuarios a empresas controladas, controladoras y\/o vinculadas a la Empresa y a las Condiciones que considere pertinentes.<\/p>\n<p>La empresa se compromete a tomar las medidas necesarias para proteger la confidencialidad acordada con los titulares de la informaci\u00f3n.<\/p>\n<p style=\"text-align: justify;\">En cualquier caso, la empresa debe garantizar el tratamiento adecuado de los datos personales de los titulares, de conformidad con las disposiciones legales aplicables y la presente pol\u00edtica de tratamiento de datos personales.<\/p>\t\t\t\t\t\t\t\t<\/div>\n\t\t\t\t<div class=\"elementor-element elementor-element-5d99ebd elementor-widget elementor-widget-heading\" data-id=\"5d99ebd\" data-element_type=\"widget\" data-e-type=\"widget\" data-widget_type=\"heading.default\">\n\t\t\t\t\t<h6 class=\"elementor-heading-title elementor-size-default\">10. Cambios en la pol\u00edtica de procesamiento de datos:<\/h6>\t\t\t\t<\/div>\n\t\t\t\t<div class=\"elementor-element elementor-element-6c5fe7c elementor-widget elementor-widget-text-editor\" data-id=\"6c5fe7c\" data-element_type=\"widget\" data-e-type=\"widget\" data-widget_type=\"text-editor.default\">\n\t\t\t\t\t\t\t\t\t<p style=\"text-align: justify;\">Esta pol\u00edtica de privacidad y TRATAMIENTO DE DATOS puede ser modificada en virtud de la din\u00e1mica comercial de la empresa y de las condiciones comerciales y legales del entorno de la empresa. Las modificaciones se comunicar\u00e1n a los usuarios y visitantes por correo electr\u00f3nico y, en ning\u00fan caso, disminuir\u00e1n los esfuerzos basados en la eficacia del tratamiento de los datos personales de los que es responsable. <\/p>\t\t\t\t\t\t\t\t<\/div>\n\t\t\t\t<div class=\"elementor-element elementor-element-e5cb637 elementor-widget elementor-widget-heading\" data-id=\"e5cb637\" data-element_type=\"widget\" data-e-type=\"widget\" data-widget_type=\"heading.default\">\n\t\t\t\t\t<h6 class=\"elementor-heading-title elementor-size-default\">11. Contacto para solicitudes de informaci\u00f3n o ejercicio de derechos:<\/h6>\t\t\t\t<\/div>\n\t\t\t\t<div class=\"elementor-element elementor-element-fba9e7f elementor-widget elementor-widget-text-editor\" data-id=\"fba9e7f\" data-element_type=\"widget\" data-e-type=\"widget\" data-widget_type=\"text-editor.default\">\n\t\t\t\t\t\t\t\t\t<p style=\"text-align: justify;\">El contacto para solicitar informaci\u00f3n o ejercer derechos relacionados con el tratamiento de datos personales es a trav\u00e9s de la direcci\u00f3n de correo electr\u00f3nico info@.verano.com.br o del formulario de contacto de nuestra p\u00e1gina web.<\/p>\n<p style=\"text-align: justify;\">Los usuarios pueden ejercer sus derechos de acceso, actualizaci\u00f3n, rectificaci\u00f3n, eliminaci\u00f3n y otros derechos previstos en las normas aplicables en materia de protecci\u00f3n de datos personales.<\/p>\n<p style=\"text-align: justify;\">Tambi\u00e9n pueden plantear cualquier duda o reclamaci\u00f3n relacionada con la protecci\u00f3n de sus datos personales a trav\u00e9s de los canales de contacto mencionados anteriormente.<\/p>\t\t\t\t\t\t\t\t<\/div>\n\t\t\t\t<div class=\"elementor-element elementor-element-4863920 elementor-widget elementor-widget-heading\" data-id=\"4863920\" data-element_type=\"widget\" data-e-type=\"widget\" data-widget_type=\"heading.default\">\n\t\t\t\t\t<h6 class=\"elementor-heading-title elementor-size-default\">12 - Cookies:<\/h6>\t\t\t\t<\/div>\n\t\t\t\t<div class=\"elementor-element elementor-element-f0689b1 elementor-widget elementor-widget-text-editor\" data-id=\"f0689b1\" data-element_type=\"widget\" data-e-type=\"widget\" data-widget_type=\"text-editor.default\">\n\t\t\t\t\t\t\t\t\t<p style=\"text-align: justify;\">El sitio web de la EMPRESA utiliza cookies para mejorar la experiencia del usuario y proporcionar informaci\u00f3n personalizada sobre procedimientos y novedades que puedan ser de su inter\u00e9s.<\/p>\n<p style=\"text-align: justify;\">Estas cookies le permiten conocer las necesidades, gustos y preferencias del usuario, con el fin de ofrecerle ventajas relevantes y \u00fatiles a trav\u00e9s de la plataforma.<\/p>\n<p style=\"text-align: justify;\">Se garantiza que la informaci\u00f3n recopilada a trav\u00e9s de cookies se utilizar\u00e1 \u00fanicamente con fines internos y no se compartir\u00e1 con terceros, de conformidad con las pol\u00edticas de privacidad y tratamiento de datos personales.<\/p>\t\t\t\t\t\t\t\t<\/div>\n\t\t\t\t\t<\/div>\n\t\t\t\t<\/div>\n\t\t\t\t<\/div>\n\t\t","protected":false},"excerpt":{"rendered":"<p>Pol\u00edtica de privacidad y tratamiento de datos 1. Identificaci\u00f3n de la persona responsable: Verano Engenharia Com. Imp. e Exp. Ltda, en adelante denominada \u00abla empresa\u00bb o \u00abEmpresa\u00bb, con CNPJ .52.136.249\/0001-22, es responsable del tratamiento de todos los datos personales recopilados a trav\u00e9s del sitio web www.verano.com.br. Si necesita ponerse en contacto con la empresa en [&hellip;]<\/p>\n","protected":false},"author":1,"featured_media":0,"parent":0,"menu_order":0,"comment_status":"closed","ping_status":"open","template":"","meta":{"_acf_changed":false,"productId":0,"courseId":0,"footnotes":""},"class_list":["post-2843","page","type-page","status-publish","hentry"],"acf":[],"_links":{"self":[{"href":"https:\/\/ead.verano.com.br\/site\/es\/wp-json\/wp\/v2\/pages\/2843","targetHints":{"allow":["GET"]}}],"collection":[{"href":"https:\/\/ead.verano.com.br\/site\/es\/wp-json\/wp\/v2\/pages"}],"about":[{"href":"https:\/\/ead.verano.com.br\/site\/es\/wp-json\/wp\/v2\/types\/page"}],"author":[{"embeddable":true,"href":"https:\/\/ead.verano.com.br\/site\/es\/wp-json\/wp\/v2\/users\/1"}],"replies":[{"embeddable":true,"href":"https:\/\/ead.verano.com.br\/site\/es\/wp-json\/wp\/v2\/comments?post=2843"}],"version-history":[{"count":1,"href":"https:\/\/ead.verano.com.br\/site\/es\/wp-json\/wp\/v2\/pages\/2843\/revisions"}],"predecessor-version":[{"id":2844,"href":"https:\/\/ead.verano.com.br\/site\/es\/wp-json\/wp\/v2\/pages\/2843\/revisions\/2844"}],"wp:attachment":[{"href":"https:\/\/ead.verano.com.br\/site\/es\/wp-json\/wp\/v2\/media?parent=2843"}],"curies":[{"name":"wp","href":"https:\/\/api.w.org\/{rel}","templated":true}]}}