{"id":2777,"date":"2026-02-14T21:39:27","date_gmt":"2026-02-15T00:39:27","guid":{"rendered":"https:\/\/ead.verano.com.br\/site\/verano-cloud-hosting\/"},"modified":"2026-02-14T22:14:30","modified_gmt":"2026-02-15T01:14:30","slug":"verano-cloud-hosting","status":"publish","type":"page","link":"https:\/\/ead.verano.com.br\/site\/es\/verano-cloud-hosting\/","title":{"rendered":"Verano Cloud Hosting"},"content":{"rendered":"\t\t<div data-elementor-type=\"wp-page\" data-elementor-id=\"2777\" class=\"elementor elementor-2777 elementor-2741\" data-elementor-post-type=\"page\">\n\t\t\t\t<div class=\"elementor-element elementor-element-3d5b01d4 e-flex e-con-boxed e-con e-parent\" data-id=\"3d5b01d4\" data-element_type=\"container\" data-e-type=\"container\" data-settings=\"{&quot;background_background&quot;:&quot;classic&quot;}\">\n\t\t\t\t\t<div class=\"e-con-inner\">\n\t\t\t\t\t<\/div>\n\t\t\t\t<\/div>\n\t\t<div class=\"elementor-element elementor-element-67823eb3 e-flex e-con-boxed e-con e-parent\" data-id=\"67823eb3\" data-element_type=\"container\" data-e-type=\"container\">\n\t\t\t\t\t<div class=\"e-con-inner\">\n\t\t<div class=\"elementor-element elementor-element-6af2d0ab e-con-full e-flex e-con e-child\" data-id=\"6af2d0ab\" data-element_type=\"container\" data-e-type=\"container\" data-settings=\"{&quot;background_background&quot;:&quot;classic&quot;}\">\n\t\t<div class=\"elementor-element elementor-element-42e9a308 e-con-full e-flex e-con e-child\" data-id=\"42e9a308\" data-element_type=\"container\" data-e-type=\"container\">\n\t\t\t\t<div class=\"elementor-element elementor-element-77c41a9e elementor-widget elementor-widget-heading\" data-id=\"77c41a9e\" data-element_type=\"widget\" data-e-type=\"widget\" data-widget_type=\"heading.default\">\n\t\t\t\t\t<h2 class=\"elementor-heading-title elementor-size-default\">Verano Cloud Hosting<\/h2>\t\t\t\t<\/div>\n\t\t\t\t<div class=\"elementor-element elementor-element-482cafc9 elementor-widget elementor-widget-text-editor\" data-id=\"482cafc9\" data-element_type=\"widget\" data-e-type=\"widget\" data-widget_type=\"text-editor.default\">\n\t\t\t\t\t\t\t\t\t<table border=\"0\" cellspacing=\"1\" cellpadding=\"1\"><tbody><tr><td><p>Acceda a Verano Hosting y gestione todos sus proyectos directamente a trav\u00e9s de Internet, en cualquier momento y desde cualquier lugar, mediante un navegador, incluidos los dispositivos m\u00f3viles. Y lo m\u00e1s importante: con una reducci\u00f3n de sus costes de TI. <\/p><p>Verano Hosting ofrece muchas ventajas para su empresa:<\/p><p><strong>Reducci\u00f3n de los costes de TI:<\/strong> con el alojamiento web, ya no tendr\u00e1 que preocuparse por los elevados gastos en equipos, programas, actualizaciones, mantenimiento y administraci\u00f3n de servidores.<\/p><p><strong>Migraci\u00f3n f\u00e1cil:<\/strong> Verano se encarga de todo por ti.<\/p><\/td><td><img decoding=\"async\" src=\"http:\/\/www.verano.com.br\/media\/BAhbB1sHOgZmSSIdNTc3NThjMDFhNDJjYjcwODI2MDAwMDA1BjoGRUZbCDoGcDoKdGh1bWJJIgk1ODJ4BjsGRg\/Verano_cloud_logo.png\" alt=\"\"><\/td><\/tr><\/tbody><\/table><p><strong>F\u00e1cil acceso desde cualquier lugar:<\/strong> puede acceder a las soluciones de Verano Hosting desde cualquier ordenador a trav\u00e9s de un navegador, sin necesidad de realizar una gran inversi\u00f3n en telecomunicaciones.<\/p><p><strong>Alto rendimiento:<\/strong> Verano Hosting utiliza AWS, el servicio de computaci\u00f3n en la nube de Amazon. Esto significa m\u00e1ximo rendimiento y actualizaci\u00f3n constante de la tecnolog\u00eda. <\/p><p><strong>Seguridad:<\/strong> su entorno se supervisa en la nube con protecci\u00f3n contra intrusos.<\/p><p><strong>C\u00e9ntrese en su negocio:<\/strong> ya no tendr\u00e1 que preocuparse por las copias de seguridad, las licencias ni la infraestructura.<\/p>\t\t\t\t\t\t\t\t<\/div>\n\t\t\t\t<\/div>\n\t\t<div class=\"elementor-element elementor-element-de16333 e-con-full e-flex e-con e-child\" data-id=\"de16333\" data-element_type=\"container\" data-e-type=\"container\">\n\t\t\t\t<div class=\"elementor-element elementor-element-693e6f6 elementor-widget elementor-widget-image\" data-id=\"693e6f6\" data-element_type=\"widget\" data-e-type=\"widget\" data-widget_type=\"image.default\">\n\t\t\t\t\t\t\t\t\t\t\t\t\t\t\t<img fetchpriority=\"high\" decoding=\"async\" width=\"582\" height=\"347\" src=\"https:\/\/ead.verano.com.br\/site\/wp-content\/uploads\/2026\/02\/Verano_cloud_logo.png\" class=\"attachment-large size-large wp-image-2775\" alt=\"\" srcset=\"https:\/\/ead.verano.com.br\/site\/wp-content\/uploads\/2026\/02\/Verano_cloud_logo.png 582w, https:\/\/ead.verano.com.br\/site\/wp-content\/uploads\/2026\/02\/Verano_cloud_logo-300x179.png 300w\" sizes=\"(max-width: 582px) 100vw, 582px\" \/>\t\t\t\t\t\t\t\t\t\t\t\t\t\t\t<\/div>\n\t\t\t\t<\/div>\n\t\t\t\t<\/div>\n\t\t<div class=\"elementor-element elementor-element-4c99749 e-con-full e-flex e-con e-child\" data-id=\"4c99749\" data-element_type=\"container\" data-e-type=\"container\" data-settings=\"{&quot;background_background&quot;:&quot;classic&quot;}\">\n\t\t<div class=\"elementor-element elementor-element-3dae427 e-con-full e-flex e-con e-child\" data-id=\"3dae427\" data-element_type=\"container\" data-e-type=\"container\">\n\t\t\t\t<div class=\"elementor-element elementor-element-4f8c384 elementor-widget elementor-widget-heading\" data-id=\"4f8c384\" data-element_type=\"widget\" data-e-type=\"widget\" data-widget_type=\"heading.default\">\n\t\t\t\t\t<h2 class=\"elementor-heading-title elementor-size-default\">\u00bfD\u00f3nde se alojar\u00e1n sus soluciones?<\/h2>\t\t\t\t<\/div>\n\t\t\t\t<div class=\"elementor-element elementor-element-58a048b elementor-widget elementor-widget-text-editor\" data-id=\"58a048b\" data-element_type=\"widget\" data-e-type=\"widget\" data-widget_type=\"text-editor.default\">\n\t\t\t\t\t\t\t\t\t<p style=\"text-align: center;\">Verano contrat\u00f3 a Sky.One, empresa pionera en el mercado de la transformaci\u00f3n de aplicaciones, migrando software tradicional a la tecnolog\u00eda en la nube, y a Amazon Web Services para ofrecer una plataforma de infraestructura en la nube altamente confiable, escalable y que potencia a cientos de miles de empresas en 190 pa\u00edses de todo el mundo.<\/p>\t\t\t\t\t\t\t\t<\/div>\n\t\t\t\t<div class=\"elementor-element elementor-element-c3cf7cc elementor-widget elementor-widget-image\" data-id=\"c3cf7cc\" data-element_type=\"widget\" data-e-type=\"widget\" data-widget_type=\"image.default\">\n\t\t\t\t\t\t\t\t\t\t\t\t\t\t\t<img decoding=\"async\" width=\"582\" height=\"305\" src=\"https:\/\/ead.verano.com.br\/site\/wp-content\/uploads\/2026\/02\/cloud.jpg\" class=\"attachment-large size-large wp-image-2776\" alt=\"\" srcset=\"https:\/\/ead.verano.com.br\/site\/wp-content\/uploads\/2026\/02\/cloud.jpg 582w, https:\/\/ead.verano.com.br\/site\/wp-content\/uploads\/2026\/02\/cloud-300x157.jpg 300w\" sizes=\"(max-width: 582px) 100vw, 582px\" \/>\t\t\t\t\t\t\t\t\t\t\t\t\t\t\t<\/div>\n\t\t\t\t<div class=\"elementor-element elementor-element-4b73e27 elementor-widget elementor-widget-text-editor\" data-id=\"4b73e27\" data-element_type=\"widget\" data-e-type=\"widget\" data-widget_type=\"text-editor.default\">\n\t\t\t\t\t\t\t\t\t<p>M\u00e1s detalles y ventajas:<\/p><p>\u2022 No requiere inversi\u00f3n inicial en licencias y hardware (coste de capital).<\/p><p>\u2022 Elimina los costes recurrentes que supone mantener una aplicaci\u00f3n internamente: actualizaci\u00f3n del hardware y de la aplicaci\u00f3n, administraci\u00f3n de la seguridad, copias de seguridad de los datos, redundancias de infraestructura y soporte interno.<\/p><p>\u2022 Reducci\u00f3n del TCO (coste total de propiedad);<\/p><p>\u2022 Crecimiento y escalabilidad seg\u00fan la demanda;<\/p><p>\u2022 R\u00e1pida implementaci\u00f3n y facilidad de actualizaci\u00f3n (updates) de la aplicaci\u00f3n.<\/p><p>\u2022 Reducci\u00f3n de los riesgos de fallo en el proyecto;<\/p><p>\u2022 Posibilidad de prever los costes de infraestructura;<\/p><p>\u2022 El departamento de tecnolog\u00eda de la informaci\u00f3n (TI) puede centrarse en proyectos m\u00e1s estrat\u00e9gicos.<\/p><p>\u2022 Enfoque en el negocio de la empresa;<\/p><p>\u2022 Acceso a la plataforma Verano Cloud en cualquier momento y desde cualquier punto de acceso a Internet;<\/p><p>\u2022 Entorno de alta disponibilidad: sistemas actualizados, optimizados y seguros.<\/p>\t\t\t\t\t\t\t\t<\/div>\n\t\t\t\t<\/div>\n\t\t\t\t<\/div>\n\t\t\t\t\t<\/div>\n\t\t\t\t<\/div>\n\t\t\t\t<\/div>\n\t\t","protected":false},"excerpt":{"rendered":"<p>Verano Cloud Hosting Acceda a Verano Hosting y gestione todos sus proyectos directamente a trav\u00e9s de Internet, en cualquier momento y desde cualquier lugar, mediante un navegador, incluidos los dispositivos m\u00f3viles. Y lo m\u00e1s importante: con una reducci\u00f3n de sus costes de TI. Verano Hosting ofrece muchas ventajas para su empresa: Reducci\u00f3n de los costes [&hellip;]<\/p>\n","protected":false},"author":1,"featured_media":0,"parent":0,"menu_order":0,"comment_status":"closed","ping_status":"closed","template":"","meta":{"_acf_changed":false,"productId":0,"courseId":0,"footnotes":""},"class_list":["post-2777","page","type-page","status-publish","hentry"],"acf":[],"_links":{"self":[{"href":"https:\/\/ead.verano.com.br\/site\/es\/wp-json\/wp\/v2\/pages\/2777","targetHints":{"allow":["GET"]}}],"collection":[{"href":"https:\/\/ead.verano.com.br\/site\/es\/wp-json\/wp\/v2\/pages"}],"about":[{"href":"https:\/\/ead.verano.com.br\/site\/es\/wp-json\/wp\/v2\/types\/page"}],"author":[{"embeddable":true,"href":"https:\/\/ead.verano.com.br\/site\/es\/wp-json\/wp\/v2\/users\/1"}],"replies":[{"embeddable":true,"href":"https:\/\/ead.verano.com.br\/site\/es\/wp-json\/wp\/v2\/comments?post=2777"}],"version-history":[{"count":1,"href":"https:\/\/ead.verano.com.br\/site\/es\/wp-json\/wp\/v2\/pages\/2777\/revisions"}],"predecessor-version":[{"id":2780,"href":"https:\/\/ead.verano.com.br\/site\/es\/wp-json\/wp\/v2\/pages\/2777\/revisions\/2780"}],"wp:attachment":[{"href":"https:\/\/ead.verano.com.br\/site\/es\/wp-json\/wp\/v2\/media?parent=2777"}],"curies":[{"name":"wp","href":"https:\/\/api.w.org\/{rel}","templated":true}]}}