{"id":2739,"date":"2026-02-14T16:59:25","date_gmt":"2026-02-14T19:59:25","guid":{"rendered":"https:\/\/ead.verano.com.br\/site\/oracle-primavera\/"},"modified":"2026-02-14T21:27:59","modified_gmt":"2026-02-15T00:27:59","slug":"oracle-primavera","status":"publish","type":"page","link":"https:\/\/ead.verano.com.br\/site\/es\/oracle-primavera\/","title":{"rendered":"Oracle Primavera"},"content":{"rendered":"\t\t<div data-elementor-type=\"wp-page\" data-elementor-id=\"2739\" class=\"elementor elementor-2739 elementor-2723\" data-elementor-post-type=\"page\">\n\t\t\t\t<div class=\"elementor-element elementor-element-3d5b01d4 e-flex e-con-boxed e-con e-parent\" data-id=\"3d5b01d4\" data-element_type=\"container\" data-e-type=\"container\" data-settings=\"{&quot;background_background&quot;:&quot;classic&quot;}\">\n\t\t\t\t\t<div class=\"e-con-inner\">\n\t\t\t\t\t<\/div>\n\t\t\t\t<\/div>\n\t\t<div class=\"elementor-element elementor-element-67823eb3 e-flex e-con-boxed e-con e-parent\" data-id=\"67823eb3\" data-element_type=\"container\" data-e-type=\"container\">\n\t\t\t\t\t<div class=\"e-con-inner\">\n\t\t<div class=\"elementor-element elementor-element-6af2d0ab e-con-full e-flex e-con e-child\" data-id=\"6af2d0ab\" data-element_type=\"container\" data-e-type=\"container\" data-settings=\"{&quot;background_background&quot;:&quot;classic&quot;}\">\n\t\t<div class=\"elementor-element elementor-element-42e9a308 e-con-full e-flex e-con e-child\" data-id=\"42e9a308\" data-element_type=\"container\" data-e-type=\"container\">\n\t\t\t\t<div class=\"elementor-element elementor-element-77c41a9e elementor-widget elementor-widget-heading\" data-id=\"77c41a9e\" data-element_type=\"widget\" data-e-type=\"widget\" data-widget_type=\"heading.default\">\n\t\t\t\t\t<h2 class=\"elementor-heading-title elementor-size-default\">Oracle Primavera<\/h2>\t\t\t\t<\/div>\n\t\t\t\t<div class=\"elementor-element elementor-element-482cafc9 elementor-widget elementor-widget-text-editor\" data-id=\"482cafc9\" data-element_type=\"widget\" data-e-type=\"widget\" data-widget_type=\"text-editor.default\">\n\t\t\t\t\t\t\t\t\t<p>Oracle Primavera se centra exclusivamente en ayudar a las empresas que trabajan con muchos proyectos a gestionar todo el ciclo de vida de la cartera de proyectos, independientemente del tama\u00f1o del proyecto. Se estima que se han gestionado proyectos por valor de m\u00e1s de 6 billones de d\u00f3lares con productos Primavera. <\/p><p>Las empresas utilizan las soluciones de gesti\u00f3n de carteras de proyectos de Primavera para ayudarles a tomar las decisiones m\u00e1s adecuadas en materia de gesti\u00f3n de carteras, evaluar los riesgos y las recompensas relacionados con los proyectos y determinar cu\u00e1ndo se dispone de recursos suficientes con las habilidades adecuadas para completar el trabajo.<\/p><p>Las soluciones de \u00faltima generaci\u00f3n proporcionan los recursos de ejecuci\u00f3n y control de proyectos necesarios para entregar proyectos con \u00e9xito, a tiempo, dentro del presupuesto y con la calidad y el dise\u00f1o previstos. Con soluciones sectoriales para petr\u00f3leo y gas, ingenier\u00eda y construcci\u00f3n, fabricaci\u00f3n, industria aeroespacial y de defensa y sector p\u00fablico, Primavera cuenta hoy con m\u00e1s de 75 000 clientes en todo el mundo, convirti\u00e9ndose en una herramienta indispensable para satisfacer sus objetivos de proyecto y estrategias de negocio. <\/p>\t\t\t\t\t\t\t\t<\/div>\n\t\t\t\t<\/div>\n\t\t\t\t<\/div>\n\t\t\t\t\t<\/div>\n\t\t\t\t<\/div>\n\t\t\t\t<\/div>\n\t\t","protected":false},"excerpt":{"rendered":"<p>Oracle Primavera Oracle Primavera se centra exclusivamente en ayudar a las empresas que trabajan con muchos proyectos a gestionar todo el ciclo de vida de la cartera de proyectos, independientemente del tama\u00f1o del proyecto. Se estima que se han gestionado proyectos por valor de m\u00e1s de 6 billones de d\u00f3lares con productos Primavera. Las empresas [&hellip;]<\/p>\n","protected":false},"author":1,"featured_media":0,"parent":0,"menu_order":0,"comment_status":"closed","ping_status":"closed","template":"","meta":{"_acf_changed":false,"productId":0,"courseId":0,"footnotes":""},"class_list":["post-2739","page","type-page","status-publish","hentry"],"acf":[],"_links":{"self":[{"href":"https:\/\/ead.verano.com.br\/site\/es\/wp-json\/wp\/v2\/pages\/2739","targetHints":{"allow":["GET"]}}],"collection":[{"href":"https:\/\/ead.verano.com.br\/site\/es\/wp-json\/wp\/v2\/pages"}],"about":[{"href":"https:\/\/ead.verano.com.br\/site\/es\/wp-json\/wp\/v2\/types\/page"}],"author":[{"embeddable":true,"href":"https:\/\/ead.verano.com.br\/site\/es\/wp-json\/wp\/v2\/users\/1"}],"replies":[{"embeddable":true,"href":"https:\/\/ead.verano.com.br\/site\/es\/wp-json\/wp\/v2\/comments?post=2739"}],"version-history":[{"count":1,"href":"https:\/\/ead.verano.com.br\/site\/es\/wp-json\/wp\/v2\/pages\/2739\/revisions"}],"predecessor-version":[{"id":2740,"href":"https:\/\/ead.verano.com.br\/site\/es\/wp-json\/wp\/v2\/pages\/2739\/revisions\/2740"}],"wp:attachment":[{"href":"https:\/\/ead.verano.com.br\/site\/es\/wp-json\/wp\/v2\/media?parent=2739"}],"curies":[{"name":"wp","href":"https:\/\/api.w.org\/{rel}","templated":true}]}}