{"id":2597,"date":"2026-01-12T22:50:32","date_gmt":"2026-01-13T01:50:32","guid":{"rendered":"https:\/\/ead.verano.com.br\/site\/?post_type=product&#038;p=2597"},"modified":"2026-01-14T16:08:35","modified_gmt":"2026-01-14T19:08:35","slug":"riskyproject_br","status":"publish","type":"product","link":"https:\/\/ead.verano.com.br\/site\/en\/produto\/riskyproject_br\/","title":{"rendered":"RiskyProject"},"content":{"rendered":"<p><strong>Benef\u00edcios do RiskyProject<\/strong><br \/>\n\u2022 Gerenciar os riscos e problemas do seu projeto: Identificar e rastrear riscos e problemas usando o Registro de Risco.<br \/>\n\u2022 Prever o curso do seu projeto: Determine como os riscos e incertezas afetar\u00e3o o cronograma e o or\u00e7amento do seu projeto.<br \/>\n\u2022 Veja instantaneamente quais par\u00e2metros de projeto s\u00e3o os mais cr\u00edticos : Datas de in\u00edcio e t\u00e9rmino do projeto, dura\u00e7\u00f5es e custos com e sem considerar riscos, tarefas cruciais, riscos cr\u00edticos e taxas de sucesso do projeto.<br \/>\n\u2022 Melhore sua capacidade de gerenciar o curso do seu projeto : Acompanhe o desempenho e o risco do projeto em conjunto e analise os efeitos de seus esfor\u00e7os de mitiga\u00e7\u00e3o.<br \/>\n\u2022 Analisar e gerenciar riscos em seu portf\u00f3lio de projetos : compartilhar riscos dentro de sua organiza\u00e7\u00e3o e analisar seu impacto de diferentes projetos dentro de um portf\u00f3lio.<br \/>\nRecursos do RiskyProject<br \/>\n\u2022 Agendar a an\u00e1lise de risco usando simula\u00e7\u00f5es de Monte Carlo ajuda a determinar os impactos de riscos e incertezas em seu cronograma, gerando cronogramas de projetos ajustados ao risco.<br \/>\n\u2022 Gr\u00e1ficos de custo e fluxo de caixa fornecem acesso f\u00e1cil a como o risco pode impactar os fluxos de custos e receitas. O gr\u00e1fico de n\u00edvel de confian\u00e7a conjunto permite analisar a dura\u00e7\u00e3o e o custo do projeto, incluindo custos dependentes de tempo e n\u00e3o-tempo.<br \/>\n\u2022 A an\u00e1lise de sensibilidade ajuda a classificar os riscos dentro de um registro de risco e a determinar tarefas cruciais. Ferramentas interativas podem ajud\u00e1-lo a avaliar a conting\u00eancia do projeto e analisar v\u00e1rios cen\u00e1rios de projetos.<br \/>\n\u2022 O Registro de Risco abrange todo o ciclo de vida de risco para riscos de projetos, programas ou portf\u00f3lio: amea\u00e7as, oportunidades, problemas e li\u00e7\u00f5es aprendidas com suas propriedades. Voc\u00ea pode classificar os riscos dentro do registro de risco com base em suas probabilidades, impactos e pontua\u00e7\u00f5es. Os riscos do registro de risco podem ser rapidamente ligados \u00e0 tarefa do projeto e aos recursos usando o Risk Drag&#8217;N&#8217;Drop View.<br \/>\n\u2022 O processo de gerenciamento de riscos de projeto inclui: identifica\u00e7\u00e3o e an\u00e1lise de riscos, mitiga\u00e7\u00e3o e planejamento de resposta e comunica\u00e7\u00e3o de risco. O RiskyProject inclui avalia\u00e7\u00f5es de risco e hist\u00f3rico de riscos. Voc\u00ea pode atribuir qualquer documento aos riscos. O RiskyProject ir\u00e1 notific\u00e1-lo sobre quaisquer altera\u00e7\u00f5es nas propriedades de risco.<\/p>\n","protected":false},"excerpt":{"rendered":"<p>RiskyProject \u00e9 um conjunto completo de an\u00e1lise de risco e software de gerenciamento de projetos em um pacote perfeito. \u00c9 f\u00e1cil de usar, integra-se com todas as ferramentas populares de agendamento e planejamento como MS Project@ e Primavera P6@, e cobre o ciclo completo de vida de risco do projeto, tudo a um pre\u00e7o de mercado acess\u00edvel. Com o RiskyProject, voc\u00ea n\u00e3o precisa necessariamente de dois ou mais aplicativos para realizar a simula\u00e7\u00e3o de Monte Carlo e trabalhar com redes de preced\u00eancias e gerenciar os riscos do projeto.<\/p>\n","protected":false},"featured_media":1601,"template":"","meta":{"_acf_changed":false},"product_brand":[],"product_cat":[94],"product_tag":[118],"nivel-de-treinamento":[131],"formato-cursos":[140,143],"class_list":{"0":"post-2597","1":"product","2":"type-product","3":"status-publish","4":"has-post-thumbnail","6":"product_cat-risk-analysis","7":"product_tag-riskyproject","8":"nivel-de-treinamento-avancado","9":"formato-cursos-ead-educacao-a-distancia","10":"formato-cursos-remoto","12":"first","13":"instock","14":"downloadable","15":"virtual","16":"sold-individually","17":"taxable","18":"purchasable","19":"product-type-simple"},"acf":[],"_links":{"self":[{"href":"https:\/\/ead.verano.com.br\/site\/en\/wp-json\/wp\/v2\/product\/2597","targetHints":{"allow":["GET"]}}],"collection":[{"href":"https:\/\/ead.verano.com.br\/site\/en\/wp-json\/wp\/v2\/product"}],"about":[{"href":"https:\/\/ead.verano.com.br\/site\/en\/wp-json\/wp\/v2\/types\/product"}],"wp:featuredmedia":[{"embeddable":true,"href":"https:\/\/ead.verano.com.br\/site\/en\/wp-json\/wp\/v2\/media\/1601"}],"wp:attachment":[{"href":"https:\/\/ead.verano.com.br\/site\/en\/wp-json\/wp\/v2\/media?parent=2597"}],"wp:term":[{"taxonomy":"product_brand","embeddable":true,"href":"https:\/\/ead.verano.com.br\/site\/en\/wp-json\/wp\/v2\/product_brand?post=2597"},{"taxonomy":"product_cat","embeddable":true,"href":"https:\/\/ead.verano.com.br\/site\/en\/wp-json\/wp\/v2\/product_cat?post=2597"},{"taxonomy":"product_tag","embeddable":true,"href":"https:\/\/ead.verano.com.br\/site\/en\/wp-json\/wp\/v2\/product_tag?post=2597"},{"taxonomy":"nivel-de-treinamento","embeddable":true,"href":"https:\/\/ead.verano.com.br\/site\/en\/wp-json\/wp\/v2\/nivel-de-treinamento?post=2597"},{"taxonomy":"formato-cursos","embeddable":true,"href":"https:\/\/ead.verano.com.br\/site\/en\/wp-json\/wp\/v2\/formato-cursos?post=2597"}],"curies":[{"name":"wp","href":"https:\/\/api.w.org\/{rel}","templated":true}]}}